{"id":7920,"date":"2026-01-04T23:22:51","date_gmt":"2026-01-04T22:22:51","guid":{"rendered":"https:\/\/czas.m2web.pl\/?post_type=product&#038;p=7920"},"modified":"2026-01-04T23:23:24","modified_gmt":"2026-01-04T22:23:24","slug":"samolot-wojskowy-martin-b-26-marauder-skala-1144-4646117","status":"publish","type":"product","link":"https:\/\/czas.m2web.pl\/?product=samolot-wojskowy-martin-b-26-marauder-skala-1144-4646117","title":{"rendered":"Samolot wojskowy Martin B-26 Marauder skala 1:144 4646117"},"content":{"rendered":"<section class=\"section\">\n<div class=\"item item-6\">\n<section class=\"image-item\">             <img decoding=\"async\" src=\"https:\/\/upload.cdn.baselinker.com\/products\/3029707\/5271af51462e4a0229857d94e0f20be2.jpg\" \/>         <\/section>\n<\/p><\/div>\n<div class=\"item item-6\">\n<section class=\"text-item\">\n<h2>ATLAS Collection Jet Age Military Aircraft<\/h2>\n<h1>Martin B-26 Marauder<\/h1>\n<h2>(British Royal Air Force)<\/h2>\n<p>Nr kat.: 4646117<\/p>\n<p><b>Model ameryka\u0144skiego \u015bredniego samolotu bombowego w s\u0142u\u017cbie RAF z okresu II wojny \u015bwiatowej.<\/b><\/p>\n<ul>\n<li>Materia\u0142: metal, tworzywo sztuczne.<\/li>\n<li>Skala 1:144<\/li>\n<li>Wymiary samolotu: d\u0142. 12 cm, szer. 15 cm.<\/li>\n<li>Wymiary opakowania: 20,5 x 19,6 x 5,5 cm.<\/li>\n<\/ul>\n<p><b>W komplecie podstawka ekspozycyjna z nazw\u0105 modelu oraz ko\u0142a do samodzielnego monta\u017cu.<\/b><\/p>\n<p>Model wykonany z du\u017c\u0105 dba\u0142o\u015bci\u0105 o detale. B\u0119dzie si\u0119 wspaniale prezentowa\u0142 na p\u00f3\u0142ce lub biurku kolekcjonera.<\/p>\n<p>Model zapakowany w styropianowe opakowanie, zabezpieczaj\u0105ce przed uszkodzeniami.<\/p>\n<p>Wiek: 14+.<\/p>\n<\/section><\/div>\n<\/section>\n<section class=\"section\">\n<div class=\"item item-12\">\n<section class=\"image-item\">             <img decoding=\"async\" src=\"https:\/\/upload.cdn.baselinker.com\/products\/3029707\/5271af51462e4a0229857d94e0f20be2.jpg\" \/>         <\/section>\n<\/p><\/div>\n<\/section>\n<section class=\"section\">\n<div class=\"item item-6\">\n<section class=\"text-item\">\n<h1>ZDJ\u0118CIE POGL\u0104DOWE OPAKOWANIA<\/h1>\n<\/section><\/div>\n<div class=\"item item-6\">\n<section class=\"image-item\">             <img decoding=\"async\" src=\"https:\/\/upload.cdn.baselinker.com\/products\/3029707\/bc009856ac4f2bda7af3cb11812116e6.jpg\" \/>         <\/section>\n<\/p><\/div>\n<\/section>\n<section class=\"section\">\n<div class=\"item item-6\">\n<section class=\"text-item\">\n<h1>ZDJ\u0118CIE POGL\u0104DOWE OPAKOWANIA<\/h1>\n<\/section><\/div>\n<div class=\"item item-6\">\n<section class=\"image-item\">             <img decoding=\"async\" src=\"https:\/\/upload.cdn.baselinker.com\/products\/3029707\/13b4ec9106bf4a619ba5ebcccaff53f7.jpg\" \/>         <\/section>\n<\/p><\/div>\n<\/section>\n<p><strong>Dodatkowe informacje:<\/strong><\/p>\n","protected":false},"excerpt":{"rendered":"<p>ATLAS Collection Jet Age Military Aircraft Martin B-26 Marauder (British Royal Air Force) Nr kat.: 4646117 Model ameryka\u0144skiego \u015bredniego samolotu<\/p>\n","protected":false},"featured_media":8023,"comment_status":"open","ping_status":"closed","template":"","meta":[],"product_brand":[],"product_cat":[19,21,1026],"product_tag":[],"class_list":{"0":"post-7920","1":"product","2":"type-product","3":"status-publish","4":"has-post-thumbnail","6":"product_cat-dla-chlopca","7":"product_cat-pojazdy-2","8":"product_cat-samoloty-i-smiglowce","10":"first","11":"instock","12":"shipping-taxable","13":"purchasable","14":"product-type-simple"},"_links":{"self":[{"href":"https:\/\/czas.m2web.pl\/index.php?rest_route=\/wp\/v2\/product\/7920","targetHints":{"allow":["GET"]}}],"collection":[{"href":"https:\/\/czas.m2web.pl\/index.php?rest_route=\/wp\/v2\/product"}],"about":[{"href":"https:\/\/czas.m2web.pl\/index.php?rest_route=\/wp\/v2\/types\/product"}],"replies":[{"embeddable":true,"href":"https:\/\/czas.m2web.pl\/index.php?rest_route=%2Fwp%2Fv2%2Fcomments&post=7920"}],"version-history":[{"count":0,"href":"https:\/\/czas.m2web.pl\/index.php?rest_route=\/wp\/v2\/product\/7920\/revisions"}],"wp:featuredmedia":[{"embeddable":true,"href":"https:\/\/czas.m2web.pl\/index.php?rest_route=\/wp\/v2\/media\/8023"}],"wp:attachment":[{"href":"https:\/\/czas.m2web.pl\/index.php?rest_route=%2Fwp%2Fv2%2Fmedia&parent=7920"}],"wp:term":[{"taxonomy":"product_brand","embeddable":true,"href":"https:\/\/czas.m2web.pl\/index.php?rest_route=%2Fwp%2Fv2%2Fproduct_brand&post=7920"},{"taxonomy":"product_cat","embeddable":true,"href":"https:\/\/czas.m2web.pl\/index.php?rest_route=%2Fwp%2Fv2%2Fproduct_cat&post=7920"},{"taxonomy":"product_tag","embeddable":true,"href":"https:\/\/czas.m2web.pl\/index.php?rest_route=%2Fwp%2Fv2%2Fproduct_tag&post=7920"}],"curies":[{"name":"wp","href":"https:\/\/api.w.org\/{rel}","templated":true}]}}