{"id":7988,"date":"2026-01-04T23:23:12","date_gmt":"2026-01-04T22:23:12","guid":{"rendered":"https:\/\/czas.m2web.pl\/?post_type=product&#038;p=7988"},"modified":"2026-01-04T23:23:36","modified_gmt":"2026-01-04T22:23:36","slug":"szkatulka-z-szufladka-i-pieczatkami-syrenka-179md","status":"publish","type":"product","link":"https:\/\/czas.m2web.pl\/?product=szkatulka-z-szufladka-i-pieczatkami-syrenka-179md","title":{"rendered":"Szkatu\u0142ka z szufladk\u0105 i piecz\u0105tkami Syrenka 179MD"},"content":{"rendered":"<section class=\"section\">\n<div class=\"item item-6\">\n<section class=\"image-item\">             <img decoding=\"async\" src=\"https:\/\/upload.cdn.baselinker.com\/products\/3029707\/a00514555ceb04f73be6225c066974ba.jpg\" \/>         <\/section>\n<\/p><\/div>\n<div class=\"item item-6\">\n<section class=\"text-item\">\n<h1>Szkatu\u0142ka z szufladk\u0105 i piecz\u0105tkami &#8211; Syrenka<\/h1>\n<p>Pecoware 179MD<\/p>\n<p>Zestaw zawiera:<\/p>\n<ul>\n<li>3 piecz\u0105tki w r\u00f3\u017cnych kszta\u0142tach,<\/li>\n<li>pojemnik z tuszem,<\/li>\n<li>kryszta\u0142ki do wyklejania,<\/li>\n<li>naklejki do ozdabiania.<\/li>\n<\/ul>\n<p>Zapakowany w ozdobne pude\u0142eczko-szkatu\u0142k\u0119 z samootwieraj\u0105c\u0105 si\u0119 szufladk\u0105. Wystarczy podnie\u015b\u0107 wieczko, a szufladka sama si\u0119 wysunie.<\/p>\n<ul>\n<li>Wiek: 3+.<\/li>\n<li>Wymiary szkatu\u0142ki: 16 x 15 x 9 cm.<\/li>\n<\/ul>\n<\/section><\/div>\n<\/section>\n<section class=\"section\">\n<div class=\"item item-12\">\n<section class=\"image-item\">             <img decoding=\"async\" src=\"https:\/\/upload.cdn.baselinker.com\/products\/3029707\/c93b9c95e44f480cf12d2fae9d9f526a.jpg\" \/>         <\/section>\n<\/p><\/div>\n<\/section>\n<section class=\"section\">\n<div class=\"item item-12\">\n<section class=\"image-item\">             <img decoding=\"async\" src=\"https:\/\/upload.cdn.baselinker.com\/products\/3029707\/a00514555ceb04f73be6225c066974ba.jpg\" \/>         <\/section>\n<\/p><\/div>\n<\/section>\n<p><strong>Dodatkowe informacje:<\/strong><\/p>\n<ul>\n<li><strong>Producent: <\/strong>Shanghai Broadwell Stationery CO.,Ltd. 556 DONGXING VILLAGE,JINHUI TOWN,FENGXIAN DISTRICT, SHANGHAI ,CHINA CHINA  CONTACT: Tel:86-21-57481826; Fax: 86-21-57481672; Email: sumer@broadwellchina.com<\/li>\n<li><strong>Podmiot odpowiedzialny za wprowadzenie produktu na rynek europejski:<\/strong>\u00a0Firma Handlowa PULIO Krzysztof Gebel ul. Kolejowa 3 55-040 Bielany Wroc\u0142awskie  tel. +48 71 352 07 80  biuro@pulio.pl  www.pulio.pl<\/li>\n<li><strong>Ostrze\u017cenia na opakowaniu: <\/strong>Ostrze\u017cenia: Nieodpowiednie dla dzieci poni\u017cej 3 roku \u017cycia. Niebezpiecze\u0144stwo zad\u0142awienia drobnymi  elementami! Przed przekazaniem dziecku nale\u017cy usun\u0105\u0107 wszystkie elementy opakowania. Opakowanie nie stanowi  cz\u0119\u015bci zabawki. Producent zastrzega sobie mo\u017cliwo\u015b\u0107 zmian kolorystycznych i technicznych. Prosimy zachowa\u0107  opakowanie wraz z ostrze\u017ceniami i pozosta\u0142ymi informacjami do p\u00f3\u017aniejszej korespondencji. Wyprodukowano w  Chinach.<\/li>\n<li><strong>Instrukcja obs\u0142ugi jest:<\/strong> NIE<\/li>\n<li><strong>Kraj pochodzenia:<\/strong> CHINY<\/li>\n<\/ul>\n","protected":false},"excerpt":{"rendered":"<p>Szkatu\u0142ka z szufladk\u0105 i piecz\u0105tkami &#8211; Syrenka Pecoware 179MD Zestaw zawiera: 3 piecz\u0105tki w r\u00f3\u017cnych kszta\u0142tach, pojemnik z tuszem, kryszta\u0142ki<\/p>\n","protected":false},"featured_media":8064,"comment_status":"open","ping_status":"closed","template":"","meta":[],"product_brand":[],"product_cat":[284,285],"product_tag":[],"class_list":{"0":"post-7988","1":"product","2":"type-product","3":"status-publish","4":"has-post-thumbnail","6":"product_cat-dla-dziewczynki","7":"product_cat-zabawki-kreatywne","9":"first","10":"instock","11":"shipping-taxable","12":"purchasable","13":"product-type-simple"},"_links":{"self":[{"href":"https:\/\/czas.m2web.pl\/index.php?rest_route=\/wp\/v2\/product\/7988","targetHints":{"allow":["GET"]}}],"collection":[{"href":"https:\/\/czas.m2web.pl\/index.php?rest_route=\/wp\/v2\/product"}],"about":[{"href":"https:\/\/czas.m2web.pl\/index.php?rest_route=\/wp\/v2\/types\/product"}],"replies":[{"embeddable":true,"href":"https:\/\/czas.m2web.pl\/index.php?rest_route=%2Fwp%2Fv2%2Fcomments&post=7988"}],"version-history":[{"count":0,"href":"https:\/\/czas.m2web.pl\/index.php?rest_route=\/wp\/v2\/product\/7988\/revisions"}],"wp:featuredmedia":[{"embeddable":true,"href":"https:\/\/czas.m2web.pl\/index.php?rest_route=\/wp\/v2\/media\/8064"}],"wp:attachment":[{"href":"https:\/\/czas.m2web.pl\/index.php?rest_route=%2Fwp%2Fv2%2Fmedia&parent=7988"}],"wp:term":[{"taxonomy":"product_brand","embeddable":true,"href":"https:\/\/czas.m2web.pl\/index.php?rest_route=%2Fwp%2Fv2%2Fproduct_brand&post=7988"},{"taxonomy":"product_cat","embeddable":true,"href":"https:\/\/czas.m2web.pl\/index.php?rest_route=%2Fwp%2Fv2%2Fproduct_cat&post=7988"},{"taxonomy":"product_tag","embeddable":true,"href":"https:\/\/czas.m2web.pl\/index.php?rest_route=%2Fwp%2Fv2%2Fproduct_tag&post=7988"}],"curies":[{"name":"wp","href":"https:\/\/api.w.org\/{rel}","templated":true}]}}