{"id":7991,"date":"2026-01-04T23:23:12","date_gmt":"2026-01-04T22:23:12","guid":{"rendered":"https:\/\/czas.m2web.pl\/?post_type=product&#038;p=7991"},"modified":"2026-01-04T23:23:39","modified_gmt":"2026-01-04T22:23:39","slug":"samolot-wojskowy-avro-vulcan-skala-1144-atlas-4675101","status":"publish","type":"product","link":"https:\/\/czas.m2web.pl\/?product=samolot-wojskowy-avro-vulcan-skala-1144-atlas-4675101","title":{"rendered":"Samolot wojskowy Avro Vulcan skala 1:144 ATLAS 4675101"},"content":{"rendered":"<section class=\"section\">\n<div class=\"item item-6\">\n<section class=\"image-item\">             <img decoding=\"async\" src=\"https:\/\/upload.cdn.baselinker.com\/products\/3029707\/4b9ee0f92e444afa059041d85fc04c36.jpg\" \/>         <\/section>\n<\/p><\/div>\n<div class=\"item item-6\">\n<section class=\"text-item\">\n<h2>ATLAS Collection Jet Age Military Aircraft<\/h2>\n<h1>Avro Vulcan<\/h1>\n<h2>(XM607, Operation Black Buck,Royal Air Force, Falklands War, 1982)<\/h2>\n<p>Nr kat.: 4675101<\/p>\n<p><b>Model brytyjskiego odrzutowego bombowca strategicznego.<\/b><\/p>\n<ul>\n<li>Materia\u0142: tworzywo sztuczne z metalowymi elementami.<\/li>\n<li>Skala 1:144<\/li>\n<li>Wymiary samolotu: d\u0142. 20,5 cm, szer. 21,0 cm.<\/li>\n<li>Wymiary opakowania: 28 x 26,7 x 6 cm.<\/li>\n<\/ul>\n<p><b>W komplecie podstawka ekspozycyjna z nazw\u0105 modelu oraz ko\u0142a do samodzielnego monta\u017cu.<\/b><\/p>\n<p>Model wykonany z du\u017c\u0105 dba\u0142o\u015bci\u0105 o detale. B\u0119dzie si\u0119 wspaniale prezentowa\u0142 na p\u00f3\u0142ce lub biurku kolekcjonera.<\/p>\n<p>Model zapakowany w styropianowe opakowanie, zabezpieczaj\u0105ce przed uszkodzeniami.<\/p>\n<p>Wiek: 14+.<\/p>\n<\/section><\/div>\n<\/section>\n<section class=\"section\">\n<div class=\"item item-12\">\n<section class=\"image-item\">             <img decoding=\"async\" src=\"https:\/\/upload.cdn.baselinker.com\/products\/3029707\/4b9ee0f92e444afa059041d85fc04c36.jpg\" \/>         <\/section>\n<\/p><\/div>\n<\/section>\n<section class=\"section\">\n<div class=\"item item-6\">\n<section class=\"text-item\">\n<h1>ZDJ\u0118CIE POGL\u0104DOWE OPAKOWANIA<\/h1>\n<\/section><\/div>\n<div class=\"item item-6\">\n<section class=\"image-item\">             <img decoding=\"async\" src=\"https:\/\/upload.cdn.baselinker.com\/products\/3029707\/16c6153de180f0eff46bd20ac2d025fd.jpg\" \/>         <\/section>\n<\/p><\/div>\n<\/section>\n<section class=\"section\">\n<div class=\"item item-6\">\n<section class=\"text-item\">\n<h1>ZDJ\u0118CIE POGL\u0104DOWE OPAKOWANIA<\/h1>\n<\/section><\/div>\n<div class=\"item item-6\">\n<section class=\"image-item\">             <img decoding=\"async\" src=\"https:\/\/upload.cdn.baselinker.com\/products\/3029707\/1ca5495a1a2b8ebb71407343cec3677e.jpg\" \/>         <\/section>\n<\/p><\/div>\n<\/section>\n<p><strong>Dodatkowe informacje:<\/strong><\/p>\n","protected":false},"excerpt":{"rendered":"<p>ATLAS Collection Jet Age Military Aircraft Avro Vulcan (XM607, Operation Black Buck,Royal Air Force, Falklands War, 1982) Nr kat.: 4675101<\/p>\n","protected":false},"featured_media":8070,"comment_status":"open","ping_status":"closed","template":"","meta":[],"product_brand":[],"product_cat":[19,21,1026],"product_tag":[],"class_list":{"0":"post-7991","1":"product","2":"type-product","3":"status-publish","4":"has-post-thumbnail","6":"product_cat-dla-chlopca","7":"product_cat-pojazdy-2","8":"product_cat-samoloty-i-smiglowce","10":"first","11":"instock","12":"shipping-taxable","13":"purchasable","14":"product-type-simple"},"_links":{"self":[{"href":"https:\/\/czas.m2web.pl\/index.php?rest_route=\/wp\/v2\/product\/7991","targetHints":{"allow":["GET"]}}],"collection":[{"href":"https:\/\/czas.m2web.pl\/index.php?rest_route=\/wp\/v2\/product"}],"about":[{"href":"https:\/\/czas.m2web.pl\/index.php?rest_route=\/wp\/v2\/types\/product"}],"replies":[{"embeddable":true,"href":"https:\/\/czas.m2web.pl\/index.php?rest_route=%2Fwp%2Fv2%2Fcomments&post=7991"}],"version-history":[{"count":0,"href":"https:\/\/czas.m2web.pl\/index.php?rest_route=\/wp\/v2\/product\/7991\/revisions"}],"wp:featuredmedia":[{"embeddable":true,"href":"https:\/\/czas.m2web.pl\/index.php?rest_route=\/wp\/v2\/media\/8070"}],"wp:attachment":[{"href":"https:\/\/czas.m2web.pl\/index.php?rest_route=%2Fwp%2Fv2%2Fmedia&parent=7991"}],"wp:term":[{"taxonomy":"product_brand","embeddable":true,"href":"https:\/\/czas.m2web.pl\/index.php?rest_route=%2Fwp%2Fv2%2Fproduct_brand&post=7991"},{"taxonomy":"product_cat","embeddable":true,"href":"https:\/\/czas.m2web.pl\/index.php?rest_route=%2Fwp%2Fv2%2Fproduct_cat&post=7991"},{"taxonomy":"product_tag","embeddable":true,"href":"https:\/\/czas.m2web.pl\/index.php?rest_route=%2Fwp%2Fv2%2Fproduct_tag&post=7991"}],"curies":[{"name":"wp","href":"https:\/\/api.w.org\/{rel}","templated":true}]}}