{"id":8050,"date":"2026-01-04T23:23:34","date_gmt":"2026-01-04T22:23:34","guid":{"rendered":"https:\/\/czas.m2web.pl\/?post_type=product&#038;p=8050"},"modified":"2026-01-04T23:23:55","modified_gmt":"2026-01-04T22:23:55","slug":"infantino-wieza-do-ukladania-rakieta-315281","status":"publish","type":"product","link":"https:\/\/czas.m2web.pl\/?product=infantino-wieza-do-ukladania-rakieta-315281","title":{"rendered":"INFANTINO Wie\u017ca do uk\u0142adania &#8211; Rakieta 315281"},"content":{"rendered":"<section class=\"section\">\n<div class=\"item item-6\">\n<section class=\"image-item\">             <img decoding=\"async\" src=\"https:\/\/upload.cdn.baselinker.com\/products\/3029707\/24cd193e4023525041ca7784e4440982.jpg\" \/>         <\/section>\n<\/p><\/div>\n<div class=\"item item-6\">\n<section class=\"text-item\">\n<h1>INFANTINO Wie\u017ca do uk\u0142adania &#8211; Rakieta<\/h1>\n<p>Nr kat.: 315281<\/p>\n<p><b>Wielokolorowa wie\u017ca zapewni maluchom wspania\u0142\u0105 zabaw\u0119!<\/b><\/p>\n<p>Kontrastowe kolory stymuluj\u0105 zmys\u0142y dziecka, a uk\u0142adanie kolejnych element\u00f3w zach\u0119ca do logicznego my\u015blenia.<\/p>\n<p>Zabawka rozwija zdolno\u015bci manualne i zr\u0119czno\u015bciowe malucha, \u0107wiczy koncentracj\u0119 i koordynacj\u0119 wzrokow\u0105.<\/p>\n<p>Nieograniczone mo\u017cliwo\u015bci zabawy!<\/p>\n<p><b>Ilo\u015b\u0107 element\u00f3w: 6.<\/b><\/p>\n<p>Wysoko\u015b\u0107 z\u0142o\u017conej rakiety: 20 cm.<\/p>\n<p>Wymiary opakowania: 20 x 10 x 10 cm.<\/p>\n<p>Wiek: 12M+.<\/p>\n<\/section><\/div>\n<\/section>\n<section class=\"section\">\n<div class=\"item item-12\">\n<section class=\"image-item\">             <img decoding=\"async\" src=\"https:\/\/upload.cdn.baselinker.com\/products\/3029707\/24cd193e4023525041ca7784e4440982.jpg\" \/>         <\/section>\n<\/p><\/div>\n<\/section>\n<section class=\"section\">\n<div class=\"item item-12\">\n<section class=\"image-item\">             <img decoding=\"async\" src=\"https:\/\/upload.cdn.baselinker.com\/products\/3029707\/df2f34844dff4c8b430278b0c8d07b72.jpg\" \/>         <\/section>\n<\/p><\/div>\n<\/section>\n<section class=\"section\">\n<div class=\"item item-12\">\n<section class=\"image-item\">             <img decoding=\"async\" src=\"https:\/\/upload.cdn.baselinker.com\/products\/3029707\/0133b5a600a6b4f6f0c97cc7bf97a5e1.jpg\" \/>         <\/section>\n<\/p><\/div>\n<\/section>\n<section class=\"section\">\n<div class=\"item item-12\">\n<section class=\"image-item\">             <img decoding=\"async\" src=\"https:\/\/upload.cdn.baselinker.com\/products\/3029707\/593af714e52e7713d4685047f02d2318.jpg\" \/>         <\/section>\n<\/p><\/div>\n<\/section>\n<p><strong>Dodatkowe informacje:<\/strong><\/p>\n<ul>\n<li><strong>Producent: <\/strong>INFANTINO B KIDS INTERNATIONAL LIMITED  Flat\/Rm 1203, 12\/F, East Ocean Centre, 98 Granville Road TST East, Kowloon Hong Kong; customersupport@infantino.com<\/li>\n<li><strong>Podmiot odpowiedzialny za wprowadzenie produktu na rynek europejski:<\/strong>\u00a0Infantino B kids B.V. John M. Keynesplein 12-46 1066EP Amsterdam The Netherlands eu.info@infantino.com<\/li>\n<li><strong>Ostrze\u017cenia na opakowaniu: <\/strong><\/li>\n<li><strong>Instrukcja obs\u0142ugi jest:<\/strong> NIE<\/li>\n<li><strong>Kraj pochodzenia:<\/strong> CHINY<\/li>\n<\/ul>\n","protected":false},"excerpt":{"rendered":"<p>INFANTINO Wie\u017ca do uk\u0142adania &#8211; Rakieta Nr kat.: 315281 Wielokolorowa wie\u017ca zapewni maluchom wspania\u0142\u0105 zabaw\u0119! Kontrastowe kolory stymuluj\u0105 zmys\u0142y dziecka,<\/p>\n","protected":false},"featured_media":8100,"comment_status":"open","ping_status":"closed","template":"","meta":[],"product_brand":[],"product_cat":[121,17],"product_tag":[],"class_list":{"0":"post-8050","1":"product","2":"type-product","3":"status-publish","4":"has-post-thumbnail","6":"product_cat-aktywne-i-edukacyjne","7":"product_cat-dla-najmlodszych","9":"first","10":"instock","11":"shipping-taxable","12":"purchasable","13":"product-type-simple"},"_links":{"self":[{"href":"https:\/\/czas.m2web.pl\/index.php?rest_route=\/wp\/v2\/product\/8050","targetHints":{"allow":["GET"]}}],"collection":[{"href":"https:\/\/czas.m2web.pl\/index.php?rest_route=\/wp\/v2\/product"}],"about":[{"href":"https:\/\/czas.m2web.pl\/index.php?rest_route=\/wp\/v2\/types\/product"}],"replies":[{"embeddable":true,"href":"https:\/\/czas.m2web.pl\/index.php?rest_route=%2Fwp%2Fv2%2Fcomments&post=8050"}],"version-history":[{"count":0,"href":"https:\/\/czas.m2web.pl\/index.php?rest_route=\/wp\/v2\/product\/8050\/revisions"}],"wp:featuredmedia":[{"embeddable":true,"href":"https:\/\/czas.m2web.pl\/index.php?rest_route=\/wp\/v2\/media\/8100"}],"wp:attachment":[{"href":"https:\/\/czas.m2web.pl\/index.php?rest_route=%2Fwp%2Fv2%2Fmedia&parent=8050"}],"wp:term":[{"taxonomy":"product_brand","embeddable":true,"href":"https:\/\/czas.m2web.pl\/index.php?rest_route=%2Fwp%2Fv2%2Fproduct_brand&post=8050"},{"taxonomy":"product_cat","embeddable":true,"href":"https:\/\/czas.m2web.pl\/index.php?rest_route=%2Fwp%2Fv2%2Fproduct_cat&post=8050"},{"taxonomy":"product_tag","embeddable":true,"href":"https:\/\/czas.m2web.pl\/index.php?rest_route=%2Fwp%2Fv2%2Fproduct_tag&post=8050"}],"curies":[{"name":"wp","href":"https:\/\/api.w.org\/{rel}","templated":true}]}}