{"id":8053,"date":"2026-01-04T23:23:34","date_gmt":"2026-01-04T22:23:34","guid":{"rendered":"https:\/\/czas.m2web.pl\/?post_type=product&#038;p=8053"},"modified":"2026-01-04T23:24:03","modified_gmt":"2026-01-04T22:24:03","slug":"infantino-gryzaczek-grzechotka-marakas-315259","status":"publish","type":"product","link":"https:\/\/czas.m2web.pl\/?product=infantino-gryzaczek-grzechotka-marakas-315259","title":{"rendered":"INFANTINO Gryzaczek, grzechotka MARAKAS 315259"},"content":{"rendered":"<section class=\"section\">\n<div class=\"item item-6\">\n<section class=\"image-item\">             <img decoding=\"async\" src=\"https:\/\/upload.cdn.baselinker.com\/products\/3029707\/dda412b5dbe506f4736e0fb39c11e18d.jpg\" \/>         <\/section>\n<\/p><\/div>\n<div class=\"item item-6\">\n<section class=\"text-item\">\n<h1>INFANTINO Gryzaczek, grzechotka MARAKAS<\/h1>\n<p>Nr kat.: 315259<\/p>\n<p><b>Przyci\u0105gaj\u0105cy wzrok gryzaczek i grzechotka w jednym.<\/b><\/p>\n<p>Grzechotka w kszta\u0142cie marakasu mo\u017ce r\u00f3wnie\u017c pos\u0142u\u017cy\u0107 jako pierwszy tego typu instrument dla malucha i zainspirowa\u0107 go do muzycznej zabawy.<\/p>\n<p>Zabawka ma idealny rozmiar dla dzieci\u0119cych r\u0105czek, kolory przyci\u0105gaj\u0105ce wzrok dziecka, a r\u0105czka grzechotki z wypustkami pe\u0142ni r\u00f3wnie\u017c funkcj\u0119 gryzaka.<\/p>\n<p>Do wyprodukowania zabawki nie u\u017cyto farb i zwi\u0105zk\u00f3w BPA.<\/p>\n<p>Wiek: 0M+.<\/p>\n<\/section><\/div>\n<\/section>\n<section class=\"section\">\n<div class=\"item item-12\">\n<section class=\"image-item\">             <img decoding=\"async\" src=\"https:\/\/upload.cdn.baselinker.com\/products\/3029707\/dda412b5dbe506f4736e0fb39c11e18d.jpg\" \/>         <\/section>\n<\/p><\/div>\n<\/section>\n<section class=\"section\">\n<div class=\"item item-12\">\n<section class=\"image-item\">             <img decoding=\"async\" src=\"https:\/\/upload.cdn.baselinker.com\/products\/3029707\/dd13380d79cc1458af0cb90c2d5cba28.jpg\" \/>         <\/section>\n<\/p><\/div>\n<\/section>\n<section class=\"section\">\n<div class=\"item item-12\">\n<section class=\"image-item\">             <img decoding=\"async\" src=\"https:\/\/upload.cdn.baselinker.com\/products\/3029707\/c354acb23181b9bcc78168997f381ab5.jpg\" \/>         <\/section>\n<\/p><\/div>\n<\/section>\n<p><strong>Dodatkowe informacje:<\/strong><\/p>\n<ul>\n<li><strong>Producent: <\/strong>INFANTINO B KIDS INTERNATIONAL LIMITED  Flat\/Rm 1203, 12\/F, East Ocean Centre, 98 Granville Road TST East, Kowloon Hong Kong; customersupport@infantino.com<\/li>\n<li><strong>Podmiot odpowiedzialny za wprowadzenie produktu na rynek europejski:<\/strong>\u00a0Infantino B kids B.V. John M. Keynesplein 12-46 1066EP Amsterdam The Netherlands eu.info@infantino.com<\/li>\n<li><strong>Ostrze\u017cenia na opakowaniu: <\/strong><\/li>\n<li><strong>Instrukcja obs\u0142ugi jest:<\/strong> NIE<\/li>\n<li><strong>Kraj pochodzenia:<\/strong> CHINY<\/li>\n<\/ul>\n","protected":false},"excerpt":{"rendered":"<p>INFANTINO Gryzaczek, grzechotka MARAKAS Nr kat.: 315259 Przyci\u0105gaj\u0105cy wzrok gryzaczek i grzechotka w jednym. Grzechotka w kszta\u0142cie marakasu mo\u017ce r\u00f3wnie\u017c<\/p>\n","protected":false},"featured_media":8135,"comment_status":"open","ping_status":"closed","template":"","meta":[],"product_brand":[],"product_cat":[17,3302],"product_tag":[],"class_list":{"0":"post-8053","1":"product","2":"type-product","3":"status-publish","4":"has-post-thumbnail","6":"product_cat-dla-najmlodszych","7":"product_cat-grzechotki-i-gryzaczki","9":"first","10":"instock","11":"shipping-taxable","12":"purchasable","13":"product-type-simple"},"_links":{"self":[{"href":"https:\/\/czas.m2web.pl\/index.php?rest_route=\/wp\/v2\/product\/8053","targetHints":{"allow":["GET"]}}],"collection":[{"href":"https:\/\/czas.m2web.pl\/index.php?rest_route=\/wp\/v2\/product"}],"about":[{"href":"https:\/\/czas.m2web.pl\/index.php?rest_route=\/wp\/v2\/types\/product"}],"replies":[{"embeddable":true,"href":"https:\/\/czas.m2web.pl\/index.php?rest_route=%2Fwp%2Fv2%2Fcomments&post=8053"}],"version-history":[{"count":0,"href":"https:\/\/czas.m2web.pl\/index.php?rest_route=\/wp\/v2\/product\/8053\/revisions"}],"wp:featuredmedia":[{"embeddable":true,"href":"https:\/\/czas.m2web.pl\/index.php?rest_route=\/wp\/v2\/media\/8135"}],"wp:attachment":[{"href":"https:\/\/czas.m2web.pl\/index.php?rest_route=%2Fwp%2Fv2%2Fmedia&parent=8053"}],"wp:term":[{"taxonomy":"product_brand","embeddable":true,"href":"https:\/\/czas.m2web.pl\/index.php?rest_route=%2Fwp%2Fv2%2Fproduct_brand&post=8053"},{"taxonomy":"product_cat","embeddable":true,"href":"https:\/\/czas.m2web.pl\/index.php?rest_route=%2Fwp%2Fv2%2Fproduct_cat&post=8053"},{"taxonomy":"product_tag","embeddable":true,"href":"https:\/\/czas.m2web.pl\/index.php?rest_route=%2Fwp%2Fv2%2Fproduct_tag&post=8053"}],"curies":[{"name":"wp","href":"https:\/\/api.w.org\/{rel}","templated":true}]}}