{"id":8056,"date":"2026-01-04T23:23:34","date_gmt":"2026-01-04T22:23:34","guid":{"rendered":"https:\/\/czas.m2web.pl\/?post_type=product&#038;p=8056"},"modified":"2026-01-04T23:24:09","modified_gmt":"2026-01-04T22:24:09","slug":"infantino-projektor-muzyczna-karuzela-3-w-1-zielona-315194","status":"publish","type":"product","link":"https:\/\/czas.m2web.pl\/?product=infantino-projektor-muzyczna-karuzela-3-w-1-zielona-315194","title":{"rendered":"INFANTINO Projektor Muzyczna Karuzela 3 w 1 Zielona 315194"},"content":{"rendered":"<section class=\"section\">\n<div class=\"item item-6\">\n<section class=\"image-item\">             <img decoding=\"async\" src=\"https:\/\/upload.cdn.baselinker.com\/products\/3029707\/3733a7da4fcf1913e3b4677e7f1400bb.jpg\" \/>         <\/section>\n<\/p><\/div>\n<div class=\"item item-6\">\n<section class=\"text-item\">\n<h1>INFANTINO Projektor Muzyczna Karuzela 3 w 1 (zielona)<\/h1>\n<p>Nr kat.: 315194<\/p>\n<p><b>Wielofunkcyjny projektorek, kt\u00f3ry dostosowuje si\u0119 do r\u00f3\u017cnych etap\u00f3w rozwojowych Twojego male\u0144stwa:<\/b><\/p>\n<ul>\n<li>karuzelka z delikatnym \u015bwiat\u0142em i muzyk\u0105 0-5M,<\/li>\n<li>lampka nocna z muzyk\u0105 montowana na \u0142\u00f3\u017ceczko 5-18M,<\/li>\n<li>lampka z muzyk\u0105 na stolik nocny 18M+.<\/li>\n<\/ul>\n<p><b>Projektor wy\u015bwietla gwiazdki oraz gra koj\u0105ce melodie, kt\u00f3re uspokajaj\u0105 dziecko oraz pomagaj\u0105 mu zasn\u0105\u0107. <\/b><\/p>\n<p><b>Na karuzeli, przy d\u017awi\u0119kach muzyki, kr\u0119c\u0105 si\u0119 urocze zawieszki<\/b>.<\/p>\n<p>Po 20 minutach od w\u0142\u0105czenia, karuzelka przechodzi w tryb u\u015bpienia.<\/p>\n<p>Przez kolejne 120 minut karuzelka mo\u017ce zosta\u0107 ponownie uruchomiona przez g\u0142o\u015bniejszy d\u017awi\u0119k dzi\u0119ki wbudowanemu sensorycznemu czujnikowi d\u017awi\u0119ku.<\/p>\n<p><b>W tym czasie czujnik d\u017awi\u0119ku wykrywa tak\u017ce p\u0142acz niemowl\u0119cia i odtwarza piosenki oraz d\u017awi\u0119ki przyrody, by go uspokoi\u0107.<\/b><\/p>\n<p>Po 120 minutach, sensor d\u017awi\u0119ku wy\u0142\u0105cza si\u0119, a karuzelka mo\u017ce zosta\u0107 ponownie uruchomiona dowolnym przyciskiem.<\/p>\n<\/section><\/div>\n<\/section>\n<section class=\"section\">\n<div class=\"item item-6\">\n<section class=\"image-item\">             <img decoding=\"async\" src=\"https:\/\/upload.cdn.baselinker.com\/products\/3029707\/833c5b38841ed61326911823afbe0b08.jpg\" \/>         <\/section>\n<\/p><\/div>\n<div class=\"item item-6\">\n<section class=\"text-item\">\n<p><b>Projektor odtwarza 8 koj\u0105cych melodii i odg\u0142os\u00f3w przyrody. <\/b><\/p>\n<p>Naciskaj\u0105c przycisk ze strza\u0142k\u0105 mo\u017cna przej\u015b\u0107 do kolejnej\/poprzedniej melodii\/d\u017awi\u0119ku.<\/p>\n<p>Karuzela posiada funkcj\u0119 regulacji g\u0142o\u015bno\u015bci (2 stopnie).<\/p>\n<p>Ruch obrotowy oraz projektor mo\u017cna niezale\u017cnie w\u0142\u0105cza\u0107 i wy\u0142\u0105cza\u0107 osobnymi przyciskami.<\/p>\n<p><b>Karuzelka 3 w 1 pomo\u017ce wyciszy\u0107 maluszka \u015bwiate\u0142kami, ruchem oraz muzyk\u0105 oraz przygotowa\u0107 go do rytua\u0142u zasypiania.<\/b><\/p>\n<p>Mo\u017cna j\u0105 z \u0142atwo\u015bci\u0105 przymocowa\u0107 do \u0142\u00f3\u017ceczka.<\/p>\n<ul>\n<li>Wymiary opakowania: 33 x 22 x 9 cm.<\/li>\n<li>Wymagane baterie 3 x AA (nie za\u0142\u0105czone).<\/li>\n<li>Wiek: 0+.<\/li>\n<\/ul>\n<\/section><\/div>\n<\/section>\n<section class=\"section\">\n<div class=\"item item-12\">\n<section class=\"image-item\">             <img decoding=\"async\" src=\"https:\/\/upload.cdn.baselinker.com\/products\/3029707\/3733a7da4fcf1913e3b4677e7f1400bb.jpg\" \/>         <\/section>\n<\/p><\/div>\n<\/section>\n<section class=\"section\">\n<div class=\"item item-12\">\n<section class=\"image-item\">             <img decoding=\"async\" src=\"https:\/\/upload.cdn.baselinker.com\/products\/3029707\/c406a46534ae23719e4c0b715cb988d4.jpg\" \/>         <\/section>\n<\/p><\/div>\n<\/section>\n<section class=\"section\">\n<div class=\"item item-6\">\n<section class=\"image-item\">             <img decoding=\"async\" src=\"https:\/\/upload.cdn.baselinker.com\/products\/3029707\/2ef4bf252adf96db55ae602c7c4e46ed.jpg\" \/>         <\/section>\n<\/p><\/div>\n<div class=\"item item-6\">\n<section class=\"image-item\">             <img decoding=\"async\" src=\"https:\/\/upload.cdn.baselinker.com\/products\/3029707\/a17eb4dcfe8f87ba0ec8121502c7ce48.jpg\" \/>         <\/section>\n<\/p><\/div>\n<\/section>\n<section class=\"section\">\n<div class=\"item item-6\">\n<section class=\"image-item\">             <img decoding=\"async\" src=\"https:\/\/upload.cdn.baselinker.com\/products\/3029707\/7a5060976a3d9c500fdd44d035c330c9.jpg\" \/>         <\/section>\n<\/p><\/div>\n<div class=\"item item-6\">\n<section class=\"image-item\">             <img decoding=\"async\" src=\"https:\/\/upload.cdn.baselinker.com\/products\/3029707\/fa6ddc924e272d2588aec5104b3677ba.jpg\" \/>         <\/section>\n<\/p><\/div>\n<\/section>\n<section class=\"section\">\n<div class=\"item item-6\">\n<section class=\"image-item\">             <img decoding=\"async\" src=\"https:\/\/upload.cdn.baselinker.com\/products\/3029707\/42a19674643eab2b67aa0c0b1bf91c22.jpg\" \/>         <\/section>\n<\/p><\/div>\n<div class=\"item item-6\">\n<section class=\"image-item\">             <img decoding=\"async\" src=\"https:\/\/upload.cdn.baselinker.com\/products\/3029707\/67dc547cae6c88073e257034c002c57a.jpg\" \/>         <\/section>\n<\/p><\/div>\n<\/section>\n<section class=\"section\">\n<div class=\"item item-12\">\n<section class=\"image-item\">             <img decoding=\"async\" src=\"https:\/\/upload.cdn.baselinker.com\/products\/3029707\/03b7413ccad2436801e2442a3fb80c3f.jpg\" \/>         <\/section>\n<\/p><\/div>\n<\/section>\n<section class=\"section\">\n<div class=\"item item-12\">\n<section class=\"image-item\">             <img decoding=\"async\" src=\"https:\/\/upload.cdn.baselinker.com\/products\/3029707\/1e02f1991c665ea31cf9a1ee06282474.jpg\" \/>         <\/section>\n<\/p><\/div>\n<\/section>\n<p><strong>Dodatkowe informacje:<\/strong><\/p>\n<ul>\n<li><strong>Producent: <\/strong>INFANTINO B KIDS INTERNATIONAL LIMITED  Flat\/Rm 1203, 12\/F, East Ocean Centre, 98 Granville Road TST East, Kowloon Hong Kong; customersupport@infantino.com<\/li>\n<li><strong>Podmiot odpowiedzialny za wprowadzenie produktu na rynek europejski:<\/strong>\u00a0Infantino B kids B.V. John M. Keynesplein 12-46 1066EP Amsterdam The Netherlands eu.info@infantino.com<\/li>\n<li><strong>Ostrze\u017cenia na opakowaniu: <\/strong><\/li>\n<li><strong>Instrukcja obs\u0142ugi jest:<\/strong> NIE<\/li>\n<li><strong>Kraj pochodzenia:<\/strong> CHINY<\/li>\n<\/ul>\n","protected":false},"excerpt":{"rendered":"<p>INFANTINO Projektor Muzyczna Karuzela 3 w 1 (zielona) Nr kat.: 315194 Wielofunkcyjny projektorek, kt\u00f3ry dostosowuje si\u0119 do r\u00f3\u017cnych etap\u00f3w rozwojowych<\/p>\n","protected":false},"featured_media":8143,"comment_status":"open","ping_status":"closed","template":"","meta":[],"product_brand":[],"product_cat":[3559],"product_tag":[],"class_list":{"0":"post-8056","1":"product","2":"type-product","3":"status-publish","4":"has-post-thumbnail","6":"product_cat-karuzelki-i-projektorki","8":"first","9":"instock","10":"shipping-taxable","11":"purchasable","12":"product-type-simple"},"_links":{"self":[{"href":"https:\/\/czas.m2web.pl\/index.php?rest_route=\/wp\/v2\/product\/8056","targetHints":{"allow":["GET"]}}],"collection":[{"href":"https:\/\/czas.m2web.pl\/index.php?rest_route=\/wp\/v2\/product"}],"about":[{"href":"https:\/\/czas.m2web.pl\/index.php?rest_route=\/wp\/v2\/types\/product"}],"replies":[{"embeddable":true,"href":"https:\/\/czas.m2web.pl\/index.php?rest_route=%2Fwp%2Fv2%2Fcomments&post=8056"}],"version-history":[{"count":0,"href":"https:\/\/czas.m2web.pl\/index.php?rest_route=\/wp\/v2\/product\/8056\/revisions"}],"wp:featuredmedia":[{"embeddable":true,"href":"https:\/\/czas.m2web.pl\/index.php?rest_route=\/wp\/v2\/media\/8143"}],"wp:attachment":[{"href":"https:\/\/czas.m2web.pl\/index.php?rest_route=%2Fwp%2Fv2%2Fmedia&parent=8056"}],"wp:term":[{"taxonomy":"product_brand","embeddable":true,"href":"https:\/\/czas.m2web.pl\/index.php?rest_route=%2Fwp%2Fv2%2Fproduct_brand&post=8056"},{"taxonomy":"product_cat","embeddable":true,"href":"https:\/\/czas.m2web.pl\/index.php?rest_route=%2Fwp%2Fv2%2Fproduct_cat&post=8056"},{"taxonomy":"product_tag","embeddable":true,"href":"https:\/\/czas.m2web.pl\/index.php?rest_route=%2Fwp%2Fv2%2Fproduct_tag&post=8056"}],"curies":[{"name":"wp","href":"https:\/\/api.w.org\/{rel}","templated":true}]}}