{"id":8174,"date":"2026-01-04T23:24:17","date_gmt":"2026-01-04T22:24:17","guid":{"rendered":"https:\/\/czas.m2web.pl\/?post_type=product&#038;p=8174"},"modified":"2026-01-04T23:24:41","modified_gmt":"2026-01-04T22:24:41","slug":"podkladka-sniadaniowa-minnie-mata-na-stol-564389","status":"publish","type":"product","link":"https:\/\/czas.m2web.pl\/?product=podkladka-sniadaniowa-minnie-mata-na-stol-564389","title":{"rendered":"Podk\u0142adka \u015bniadaniowa Minnie, mata na st\u00f3\u0142 564389"},"content":{"rendered":"<section class=\"section\">\n<div class=\"item item-6\">\n<section class=\"image-item\">             <img decoding=\"async\" src=\"https:\/\/upload.cdn.baselinker.com\/products\/3029707\/562a776da633a622125cfbf6da8edbd2.jpg\" \/>         <\/section>\n<\/p><\/div>\n<div class=\"item item-6\">\n<section class=\"text-item\">\n<h1>Podk\u0142adka \u015bniadaniowa Minnie<\/h1>\n<p>Diakakis 564389<\/p>\n<p>Podk\u0142adka \u015bniadaniowa zabezpieczaj\u0105ca blat sto\u0142u lub biurka przed zabrudzeniem.<\/p>\n<p>Wykonana z tworzywa sztucznego.<\/p>\n<p>Wymiary: 43 x 29 cm.<\/p>\n<\/section><\/div>\n<\/section>\n<section class=\"section\">\n<div class=\"item item-12\">\n<section class=\"image-item\">             <img decoding=\"async\" src=\"https:\/\/upload.cdn.baselinker.com\/products\/3029707\/562a776da633a622125cfbf6da8edbd2.jpg\" \/>         <\/section>\n<\/p><\/div>\n<\/section>\n<p><strong>Dodatkowe informacje:<\/strong><\/p>\n<ul>\n<li><strong>Producent: <\/strong>DIAKAKIS IMPORTS S.A. 3rd klm Simmahiki Str. Oreokastro-Diavata | P.P.Box 79, 57013| Thessaloniki | Greece; Email: exports@diakakisimports.gr<\/li>\n<li><strong>Podmiot odpowiedzialny za wprowadzenie produktu na rynek europejski:<\/strong>\u00a0DIAKAKIS IMPORTS S.A. 3rd klm Simmahiki Str. Oreokastro-Diavata | P.P.Box 79, 57013| Thessaloniki | Greece; Email: exports@diakakisimports.gr<\/li>\n<li><strong>Ostrze\u017cenia na opakowaniu: <\/strong>Ostrze\u017cenia: Nieodpowiednie dla dzieci poni\u017cej 3 roku \u017cycia. Niebezpiecze\u0144stwo zad\u0142awienia drobnymi elementami! Przed przekazaniem dziecku nale\u017cy usun\u0105\u0107 wszystkie elementy opakowania. Opakowanie nie stanowi cz\u0119\u015bci zabawki. Producent zastrzega sobie mo\u017cliwo\u015b\u0107 zmian kolorystycznych i technicznych. Prosimy zachowa\u0107 opakowanie wraz z ostrze\u017ceniami i pozosta\u0142ymi informacjami do p\u00f3\u017aniejszej korespondencji. Wyprodukowano w Chinach<\/li>\n<li><strong>Instrukcja obs\u0142ugi jest:<\/strong> NIE<\/li>\n<li><strong>Kraj pochodzenia:<\/strong> CHINY<\/li>\n<\/ul>\n","protected":false},"excerpt":{"rendered":"<p>Podk\u0142adka \u015bniadaniowa Minnie Diakakis 564389 Podk\u0142adka \u015bniadaniowa zabezpieczaj\u0105ca blat sto\u0142u lub biurka przed zabrudzeniem. Wykonana z tworzywa sztucznego. Wymiary: 43<\/p>\n","protected":false},"featured_media":8252,"comment_status":"open","ping_status":"closed","template":"","meta":[],"product_brand":[],"product_cat":[16],"product_tag":[],"class_list":{"0":"post-8174","1":"product","2":"type-product","3":"status-publish","4":"has-post-thumbnail","6":"product_cat-import","8":"first","9":"instock","10":"shipping-taxable","11":"purchasable","12":"product-type-simple"},"_links":{"self":[{"href":"https:\/\/czas.m2web.pl\/index.php?rest_route=\/wp\/v2\/product\/8174","targetHints":{"allow":["GET"]}}],"collection":[{"href":"https:\/\/czas.m2web.pl\/index.php?rest_route=\/wp\/v2\/product"}],"about":[{"href":"https:\/\/czas.m2web.pl\/index.php?rest_route=\/wp\/v2\/types\/product"}],"replies":[{"embeddable":true,"href":"https:\/\/czas.m2web.pl\/index.php?rest_route=%2Fwp%2Fv2%2Fcomments&post=8174"}],"version-history":[{"count":0,"href":"https:\/\/czas.m2web.pl\/index.php?rest_route=\/wp\/v2\/product\/8174\/revisions"}],"wp:featuredmedia":[{"embeddable":true,"href":"https:\/\/czas.m2web.pl\/index.php?rest_route=\/wp\/v2\/media\/8252"}],"wp:attachment":[{"href":"https:\/\/czas.m2web.pl\/index.php?rest_route=%2Fwp%2Fv2%2Fmedia&parent=8174"}],"wp:term":[{"taxonomy":"product_brand","embeddable":true,"href":"https:\/\/czas.m2web.pl\/index.php?rest_route=%2Fwp%2Fv2%2Fproduct_brand&post=8174"},{"taxonomy":"product_cat","embeddable":true,"href":"https:\/\/czas.m2web.pl\/index.php?rest_route=%2Fwp%2Fv2%2Fproduct_cat&post=8174"},{"taxonomy":"product_tag","embeddable":true,"href":"https:\/\/czas.m2web.pl\/index.php?rest_route=%2Fwp%2Fv2%2Fproduct_tag&post=8174"}],"curies":[{"name":"wp","href":"https:\/\/api.w.org\/{rel}","templated":true}]}}