{"id":8295,"date":"2026-01-04T23:24:56","date_gmt":"2026-01-04T22:24:56","guid":{"rendered":"https:\/\/czas.m2web.pl\/?post_type=product&#038;p=8295"},"modified":"2026-01-04T23:25:04","modified_gmt":"2026-01-04T22:25:04","slug":"breloczek-3d-zawieszka-lilo-stitch-564298","status":"publish","type":"product","link":"https:\/\/czas.m2web.pl\/?product=breloczek-3d-zawieszka-lilo-stitch-564298","title":{"rendered":"Breloczek 3D Zawieszka Lilo &amp; Stitch 564298"},"content":{"rendered":"<section class=\"section\">\n<div class=\"item item-6\">\n<section class=\"image-item\">             <img decoding=\"async\" src=\"https:\/\/upload.cdn.baselinker.com\/products\/3029707\/9e510380f53590d26cc98bc7e94f79e3.jpg\" \/>         <\/section>\n<\/p><\/div>\n<div class=\"item item-6\">\n<section class=\"text-item\">\n<h1>Breloczek 3D Zawieszka Lilo &amp; Stitch<\/h1>\n<p>Diakakis 564298<\/p>\n<p>Breloczek do kluczy z bohaterem filmu\u00a0Lilo &amp; Stitch.<\/p>\n<p>W komplecie opaska na rek\u0119 z imieniem bohatera, zawieszka-figurka ze Stitchem i ma\u0142a zawieszka z napisem Alien Encounter (Spotkanie z Obcymi).<\/p>\n<p>Zawieszki i opaska wykonane z mi\u0119kkiego tworzywa.<\/p>\n<p>Produkt na oficjalnej licencji marek Disney\/Pixar.<\/p>\n<p>Wymiary wi\u0119kszej zawieszki: 54 x 46 x 4 mm.<\/p>\n<p>Wiek: 3+.<\/p>\n<\/section><\/div>\n<\/section>\n<section class=\"section\">\n<div class=\"item item-12\">\n<section class=\"image-item\">             <img decoding=\"async\" src=\"https:\/\/upload.cdn.baselinker.com\/products\/3029707\/9e510380f53590d26cc98bc7e94f79e3.jpg\" \/>         <\/section>\n<\/p><\/div>\n<\/section>\n<p><strong>Dodatkowe informacje:<\/strong><\/p>\n<ul>\n<li><strong>Producent: <\/strong>DIAKAKIS IMPORTS S.A. 3rd klm Simmahiki Str. Oreokastro-Diavata | P.P.Box 79, 57013| Thessaloniki | Greece; Email: exports@diakakisimports.gr<\/li>\n<li><strong>Podmiot odpowiedzialny za wprowadzenie produktu na rynek europejski:<\/strong>\u00a0DIAKAKIS IMPORTS S.A. 3rd klm Simmahiki Str. Oreokastro-Diavata | P.P.Box 79, 57013| Thessaloniki | Greece; Email: exports@diakakisimports.gr<\/li>\n<li><strong>Ostrze\u017cenia na opakowaniu: <\/strong>Ostrze\u017cenia: Nieodpowiednie dla dzieci poni\u017cej 3 roku \u017cycia. Niebezpiecze\u0144stwo zad\u0142awienia drobnymi elementami! Przed przekazaniem dziecku nale\u017cy usun\u0105\u0107 wszystkie elementy opakowania. Opakowanie nie stanowi cz\u0119\u015bci zabawki. Producent zastrzega sobie mo\u017cliwo\u015b\u0107 zmian kolorystycznych i technicznych. Prosimy zachowa\u0107 opakowanie wraz z ostrze\u017ceniami i pozosta\u0142ymi informacjami do p\u00f3\u017aniejszej korespondencji. Wyprodukowano w Chinach.<\/li>\n<li><strong>Instrukcja obs\u0142ugi jest:<\/strong> NIE<\/li>\n<li><strong>Kraj pochodzenia:<\/strong> CHINY<\/li>\n<\/ul>\n","protected":false},"excerpt":{"rendered":"<p>Breloczek 3D Zawieszka Lilo &amp; Stitch Diakakis 564298 Breloczek do kluczy z bohaterem filmu\u00a0Lilo &amp; Stitch. W komplecie opaska na<\/p>\n","protected":false},"featured_media":8327,"comment_status":"open","ping_status":"closed","template":"","meta":[],"product_brand":[],"product_cat":[16],"product_tag":[],"class_list":{"0":"post-8295","1":"product","2":"type-product","3":"status-publish","4":"has-post-thumbnail","6":"product_cat-import","8":"first","9":"instock","10":"shipping-taxable","11":"purchasable","12":"product-type-simple"},"_links":{"self":[{"href":"https:\/\/czas.m2web.pl\/index.php?rest_route=\/wp\/v2\/product\/8295","targetHints":{"allow":["GET"]}}],"collection":[{"href":"https:\/\/czas.m2web.pl\/index.php?rest_route=\/wp\/v2\/product"}],"about":[{"href":"https:\/\/czas.m2web.pl\/index.php?rest_route=\/wp\/v2\/types\/product"}],"replies":[{"embeddable":true,"href":"https:\/\/czas.m2web.pl\/index.php?rest_route=%2Fwp%2Fv2%2Fcomments&post=8295"}],"version-history":[{"count":0,"href":"https:\/\/czas.m2web.pl\/index.php?rest_route=\/wp\/v2\/product\/8295\/revisions"}],"wp:featuredmedia":[{"embeddable":true,"href":"https:\/\/czas.m2web.pl\/index.php?rest_route=\/wp\/v2\/media\/8327"}],"wp:attachment":[{"href":"https:\/\/czas.m2web.pl\/index.php?rest_route=%2Fwp%2Fv2%2Fmedia&parent=8295"}],"wp:term":[{"taxonomy":"product_brand","embeddable":true,"href":"https:\/\/czas.m2web.pl\/index.php?rest_route=%2Fwp%2Fv2%2Fproduct_brand&post=8295"},{"taxonomy":"product_cat","embeddable":true,"href":"https:\/\/czas.m2web.pl\/index.php?rest_route=%2Fwp%2Fv2%2Fproduct_cat&post=8295"},{"taxonomy":"product_tag","embeddable":true,"href":"https:\/\/czas.m2web.pl\/index.php?rest_route=%2Fwp%2Fv2%2Fproduct_tag&post=8295"}],"curies":[{"name":"wp","href":"https:\/\/api.w.org\/{rel}","templated":true}]}}