{"id":8364,"date":"2026-01-04T23:25:18","date_gmt":"2026-01-04T22:25:18","guid":{"rendered":"https:\/\/czas.m2web.pl\/?post_type=product&#038;p=8364"},"modified":"2026-01-04T23:25:25","modified_gmt":"2026-01-04T22:25:25","slug":"futrzany-pamietnik-na-klodke-z-dlugopisem-jednorozec","status":"publish","type":"product","link":"https:\/\/czas.m2web.pl\/?product=futrzany-pamietnik-na-klodke-z-dlugopisem-jednorozec","title":{"rendered":"Futrzany pami\u0119tnik na k\u0142\u00f3dk\u0119 z d\u0142ugopisem Jednoro\u017cec"},"content":{"rendered":"<section class=\"section\">\n<div class=\"item item-6\">\n<section class=\"image-item\">             <img decoding=\"async\" src=\"https:\/\/upload.cdn.baselinker.com\/products\/3029707\/1965accf1fa0938f2fb6d8dfbf273e45.jpg\" \/>         <\/section>\n<\/p><\/div>\n<div class=\"item item-6\">\n<section class=\"text-item\">\n<h1>Futrzany pami\u0119tnik na k\u0142\u00f3dk\u0119 &#8211; Jednoro\u017cec<\/h1>\n<p>Hot Focus 175250RB<\/p>\n<p>Pami\u0119tnik zamykany na k\u0142\u00f3dk\u0119 w futrzanej ok\u0142adce. Zawiera 80 dwustronnych kartek w linie. Do zestawu do\u0142\u0105czony jest d\u0142ugopis z ozdobn\u0105 ko\u0144c\u00f3wk\u0105.<\/p>\n<p>W zestawie 2 kluczyki do k\u0142\u00f3deczki. Zapakowany w ozdobne opakowanie gotowe na prezent.<\/p>\n<ul>\n<li>Wiek: 5+.<\/li>\n<li>Wymiary pami\u0119tnika 15 x 21 cm.<\/li>\n<\/ul>\n<\/section><\/div>\n<\/section>\n<section class=\"section\">\n<div class=\"item item-6\">\n<section class=\"image-item\">             <img decoding=\"async\" src=\"https:\/\/upload.cdn.baselinker.com\/products\/3029707\/562558aed310ef09cc002cec4bbb5577.jpg\" \/>         <\/section>\n<\/p><\/div>\n<div class=\"item item-6\">\n<section class=\"image-item\">             <img decoding=\"async\" src=\"https:\/\/upload.cdn.baselinker.com\/products\/3029707\/b25a8c2980f660840d43a2116e8eec62.jpg\" \/>         <\/section>\n<\/p><\/div>\n<\/section>\n<section class=\"section\">\n<div class=\"item item-12\">\n<section class=\"image-item\">             <img decoding=\"async\" src=\"https:\/\/upload.cdn.baselinker.com\/products\/3029707\/1965accf1fa0938f2fb6d8dfbf273e45.jpg\" \/>         <\/section>\n<\/p><\/div>\n<\/section>\n<p><strong>Dodatkowe informacje:<\/strong><\/p>\n<ul>\n<li><strong>Producent: <\/strong>Outstanding Management CO.,LTD  Room 106, 1st Floor, Building 11, No.8 Nanlu Road, Pudong New Area, Shanghai; lilian@kittyfamily.com<\/li>\n<li><strong>Podmiot odpowiedzialny za wprowadzenie produktu na rynek europejski:<\/strong>\u00a0Firma Handlowa PULIO Krzysztof Gebel ul. Kolejowa 3 55-040 Bielany Wroc\u0142awskie  tel. +48 71 352 07 80  biuro@pulio.pl  www.pulio.pl<\/li>\n<li><strong>Ostrze\u017cenia na opakowaniu: <\/strong>FUTRZANY PAMI\u0118TNIK Z D\u0141UGOPISEM, Wiek: 5+   Ostrze\u017cenia: Nieodpowiednie dla dzieci poni\u017cej 3 roku \u017cycia. Niebezpiecze\u0144stwo zad\u0142awienia drobnymi elementami! Przed przekazaniem dziecku nale\u017cy usun\u0105\u0107 wszystkie elementy opakowania. Opakowanie nie stanowi cz\u0119\u015bci zabawki. Producent zastrzega sobie mo\u017cliwo\u015b\u0107 zmian kolorystycznych i technicznych. Prosimy zachowa\u0107 opakowanie wraz z ostrze\u017ceniami i pozosta\u0142ymi informacjami do p\u00f3\u017aniejszej korespondencji. Wyprodukowano w Chinach.  Importer:  Firma Handlowa PULIO ul. Kolejowa 3 55-040 Bielany Wroc\u0142awskie  tel. +48 71 352 07 80  biuro@pulio.pl  www.pulio.pl<\/li>\n<li><strong>Instrukcja obs\u0142ugi jest:<\/strong> NIE<\/li>\n<li><strong>Kraj pochodzenia:<\/strong> CHINY<\/li>\n<\/ul>\n","protected":false},"excerpt":{"rendered":"<p>Futrzany pami\u0119tnik na k\u0142\u00f3dk\u0119 &#8211; Jednoro\u017cec Hot Focus 175250RB Pami\u0119tnik zamykany na k\u0142\u00f3dk\u0119 w futrzanej ok\u0142adce. Zawiera 80 dwustronnych kartek<\/p>\n","protected":false},"featured_media":8400,"comment_status":"open","ping_status":"closed","template":"","meta":[],"product_brand":[],"product_cat":[284,285],"product_tag":[],"class_list":{"0":"post-8364","1":"product","2":"type-product","3":"status-publish","4":"has-post-thumbnail","6":"product_cat-dla-dziewczynki","7":"product_cat-zabawki-kreatywne","9":"first","10":"instock","11":"shipping-taxable","12":"purchasable","13":"product-type-simple"},"_links":{"self":[{"href":"https:\/\/czas.m2web.pl\/index.php?rest_route=\/wp\/v2\/product\/8364","targetHints":{"allow":["GET"]}}],"collection":[{"href":"https:\/\/czas.m2web.pl\/index.php?rest_route=\/wp\/v2\/product"}],"about":[{"href":"https:\/\/czas.m2web.pl\/index.php?rest_route=\/wp\/v2\/types\/product"}],"replies":[{"embeddable":true,"href":"https:\/\/czas.m2web.pl\/index.php?rest_route=%2Fwp%2Fv2%2Fcomments&post=8364"}],"version-history":[{"count":0,"href":"https:\/\/czas.m2web.pl\/index.php?rest_route=\/wp\/v2\/product\/8364\/revisions"}],"wp:featuredmedia":[{"embeddable":true,"href":"https:\/\/czas.m2web.pl\/index.php?rest_route=\/wp\/v2\/media\/8400"}],"wp:attachment":[{"href":"https:\/\/czas.m2web.pl\/index.php?rest_route=%2Fwp%2Fv2%2Fmedia&parent=8364"}],"wp:term":[{"taxonomy":"product_brand","embeddable":true,"href":"https:\/\/czas.m2web.pl\/index.php?rest_route=%2Fwp%2Fv2%2Fproduct_brand&post=8364"},{"taxonomy":"product_cat","embeddable":true,"href":"https:\/\/czas.m2web.pl\/index.php?rest_route=%2Fwp%2Fv2%2Fproduct_cat&post=8364"},{"taxonomy":"product_tag","embeddable":true,"href":"https:\/\/czas.m2web.pl\/index.php?rest_route=%2Fwp%2Fv2%2Fproduct_tag&post=8364"}],"curies":[{"name":"wp","href":"https:\/\/api.w.org\/{rel}","templated":true}]}}