{"id":8365,"date":"2026-01-04T23:25:18","date_gmt":"2026-01-04T22:25:18","guid":{"rendered":"https:\/\/czas.m2web.pl\/?post_type=product&#038;p=8365"},"modified":"2026-01-04T23:25:25","modified_gmt":"2026-01-04T22:25:25","slug":"hot-focus-zestaw-dlugopisow-zelowychnaklejki-zwierzatka-336cr","status":"publish","type":"product","link":"https:\/\/czas.m2web.pl\/?product=hot-focus-zestaw-dlugopisow-zelowychnaklejki-zwierzatka-336cr","title":{"rendered":"HOT FOCUS Zestaw d\u0142ugopis\u00f3w \u017celowych+naklejki &#8211; Zwierz\u0105tka 336CR"},"content":{"rendered":"<section class=\"section\">\n<div class=\"item item-6\">\n<section class=\"image-item\">             <img decoding=\"async\" src=\"https:\/\/upload.cdn.baselinker.com\/products\/3029707\/3c6acd738b17e383c28b7b31c182ef36.jpg\" \/>         <\/section>\n<\/p><\/div>\n<div class=\"item item-6\">\n<section class=\"text-item\">\n<h1>HOT FOCUS Zestaw d\u0142ugopis\u00f3w \u017celowych+naklejki &#8211; Zwierz\u0105tka<\/h1>\n<p>Hot Focus 336CR<\/p>\n<p>Zestaw zawiera:<\/p>\n<ul>\n<li>4 \u017celowe d\u0142ugopisy zapachowe z zabawnymi ozdobnymi ko\u0144c\u00f3wkami (zwierz\u0105tka),<\/li>\n<li>mini-karteczki w kszta\u0142cie 4 zwierz\u0105tek,<\/li>\n<li>arkusz naklejek z efektem laserowym,<\/li>\n<li>przezroczyst\u0105 saszetk\u0119 zapinan\u0105 na zamek ze sznureczkiem do wygodnego przenoszenia.<\/li>\n<\/ul>\n<p>Wiek: 5+.<\/p>\n<\/section><\/div>\n<\/section>\n<section class=\"section\">\n<div class=\"item item-12\">\n<section class=\"image-item\">             <img decoding=\"async\" src=\"https:\/\/upload.cdn.baselinker.com\/products\/3029707\/3c6acd738b17e383c28b7b31c182ef36.jpg\" \/>         <\/section>\n<\/p><\/div>\n<\/section>\n<section class=\"section\">\n<div class=\"item item-12\">\n<section class=\"image-item\">             <img decoding=\"async\" src=\"https:\/\/upload.cdn.baselinker.com\/products\/3029707\/ae5559ce02ecfef2c30588117a1359eb.jpg\" \/>         <\/section>\n<\/p><\/div>\n<\/section>\n<p><strong>Dodatkowe informacje:<\/strong><\/p>\n<ul>\n<li><strong>Producent: <\/strong>Outstanding Management CO.,LTD  Room 106, 1st Floor, Building 11, No.8 Nanlu Road, Pudong New Area, Shanghai; lilian@kittyfamily.com<\/li>\n<li><strong>Podmiot odpowiedzialny za wprowadzenie produktu na rynek europejski:<\/strong>\u00a0Firma Handlowa PULIO Krzysztof Gebel ul. Kolejowa 3 55-040 Bielany Wroc\u0142awskie  tel. +48 71 352 07 80  biuro@pulio.pl  www.pulio.pl<\/li>\n<li><strong>Ostrze\u017cenia na opakowaniu: <\/strong>\u017bELOWE D\u0141UGOPISY Z NAKLEJKAM W SASZETCE, Wiek: 5+   Ostrze\u017cenia: Nieodpowiednie dla dzieci poni\u017cej 3 roku \u017cycia. Niebezpiecze\u0144stwo zad\u0142awienia drobnymi elementami! Przed przekazaniem dziecku nale\u017cy usun\u0105\u0107 wszystkie elementy opakowania. Opakowanie nie stanowi cz\u0119\u015bci zabawki. Producent zastrzega sobie mo\u017cliwo\u015b\u0107 zmian kolorystycznych i technicznych. Prosimy zachowa\u0107 opakowanie wraz z ostrze\u017ceniami i pozosta\u0142ymi informacjami do p\u00f3\u017aniejszej korespondencji. Wyprodukowano w Chinach.  Importer:  Firma Handlowa PULIO ul. Kolejowa 3 55-040 Bielany Wroc\u0142awskie  tel. +48 71 352 07 80  biuro@pulio.pl  www.pulio.pl<\/li>\n<li><strong>Instrukcja obs\u0142ugi jest:<\/strong> NIE<\/li>\n<li><strong>Kraj pochodzenia:<\/strong> CHINY<\/li>\n<\/ul>\n","protected":false},"excerpt":{"rendered":"<p>HOT FOCUS Zestaw d\u0142ugopis\u00f3w \u017celowych+naklejki &#8211; Zwierz\u0105tka Hot Focus 336CR Zestaw zawiera: 4 \u017celowe d\u0142ugopisy zapachowe z zabawnymi ozdobnymi ko\u0144c\u00f3wkami<\/p>\n","protected":false},"featured_media":8403,"comment_status":"open","ping_status":"closed","template":"","meta":[],"product_brand":[],"product_cat":[122,284,285],"product_tag":[],"class_list":{"0":"post-8365","1":"product","2":"type-product","3":"status-publish","4":"has-post-thumbnail","6":"product_cat-artykuly-szkolne","7":"product_cat-dla-dziewczynki","8":"product_cat-zabawki-kreatywne","10":"first","11":"instock","12":"shipping-taxable","13":"purchasable","14":"product-type-simple"},"_links":{"self":[{"href":"https:\/\/czas.m2web.pl\/index.php?rest_route=\/wp\/v2\/product\/8365","targetHints":{"allow":["GET"]}}],"collection":[{"href":"https:\/\/czas.m2web.pl\/index.php?rest_route=\/wp\/v2\/product"}],"about":[{"href":"https:\/\/czas.m2web.pl\/index.php?rest_route=\/wp\/v2\/types\/product"}],"replies":[{"embeddable":true,"href":"https:\/\/czas.m2web.pl\/index.php?rest_route=%2Fwp%2Fv2%2Fcomments&post=8365"}],"version-history":[{"count":0,"href":"https:\/\/czas.m2web.pl\/index.php?rest_route=\/wp\/v2\/product\/8365\/revisions"}],"wp:featuredmedia":[{"embeddable":true,"href":"https:\/\/czas.m2web.pl\/index.php?rest_route=\/wp\/v2\/media\/8403"}],"wp:attachment":[{"href":"https:\/\/czas.m2web.pl\/index.php?rest_route=%2Fwp%2Fv2%2Fmedia&parent=8365"}],"wp:term":[{"taxonomy":"product_brand","embeddable":true,"href":"https:\/\/czas.m2web.pl\/index.php?rest_route=%2Fwp%2Fv2%2Fproduct_brand&post=8365"},{"taxonomy":"product_cat","embeddable":true,"href":"https:\/\/czas.m2web.pl\/index.php?rest_route=%2Fwp%2Fv2%2Fproduct_cat&post=8365"},{"taxonomy":"product_tag","embeddable":true,"href":"https:\/\/czas.m2web.pl\/index.php?rest_route=%2Fwp%2Fv2%2Fproduct_tag&post=8365"}],"curies":[{"name":"wp","href":"https:\/\/api.w.org\/{rel}","templated":true}]}}