{"id":8370,"date":"2026-01-04T23:25:18","date_gmt":"2026-01-04T22:25:18","guid":{"rendered":"https:\/\/czas.m2web.pl\/?post_type=product&#038;p=8370"},"modified":"2026-01-04T23:25:29","modified_gmt":"2026-01-04T22:25:29","slug":"pamietnik-na-szyfr-z-dlugopisem-uv-syrenka-hot-focus","status":"publish","type":"product","link":"https:\/\/czas.m2web.pl\/?product=pamietnik-na-szyfr-z-dlugopisem-uv-syrenka-hot-focus","title":{"rendered":"Pami\u0119tnik na szyfr z d\u0142ugopisem UV &#8211; Syrenka, Hot Focus"},"content":{"rendered":"<section class=\"section\">\n<div class=\"item item-6\">\n<section class=\"image-item\">             <img decoding=\"async\" src=\"https:\/\/upload.cdn.baselinker.com\/products\/3029707\/38745c1b8bfba1cfc840318b3268b53f.jpg\" \/>         <\/section>\n<\/p><\/div>\n<div class=\"item item-6\">\n<section class=\"text-item\">\n<h1>Pami\u0119tnik na szyfr &#8211; Syrenka<\/h1>\n<p>175203MV Hot Focus<\/p>\n<p>Pami\u0119tnik w linie zamykany na szyfr. Do zestawu do\u0142\u0105czony jest d\u0142ugopis z dwoma ko\u0144c\u00f3wkami \u2013 jedna to tradycyjny d\u0142ugopis do pisania, a druga to \u2018niewidzialny tusz\u2019. Zapiski tym tuszem b\u0119d\u0105 widoczne po pod\u015bwietleniu ich specjaln\u0105 lampk\u0105 UV, kt\u00f3ra znajduje si\u0119 w zatyczce d\u0142ugopisu. Ok\u0142adka ozdobiona jest kryszta\u0142kami i muszelk\u0105.<\/p>\n<ul>\n<li>Wymagane baterie: 3xAG3 (LR41), zawarte w zestawie.<\/li>\n<\/ul>\n<p>Instrukcja u\u017cytkowania:<\/p>\n<p>1. Wci\u015bnij 4-cyfrowy kod (kod znajduje si\u0119 na metce oraz z ty\u0142u zamka).<\/p>\n<p>2. Naci\u015bnij \u015brodkowy przycisk na zamku szyfrowym i otw\u00f3rz pami\u0119tnik.<\/p>\n<p>3. Aby ponownie zablokowa\u0107 pami\u0119tnik zamknij go i wci\u015bnij z powrotem przyciski kodu.<\/p>\n<ul>\n<li>Wymiary pami\u0119tnika 11,5 x 15 cm<\/li>\n<li>Wymiary opakowania: 21,5 x 21,5 x 3 cm.<\/li>\n<li>Wiek: 5+.<\/li>\n<\/ul>\n<\/section><\/div>\n<\/section>\n<section class=\"section\">\n<div class=\"item item-12\">\n<section class=\"image-item\">             <img decoding=\"async\" src=\"https:\/\/upload.cdn.baselinker.com\/products\/3029707\/e087a298da81f6ae1cf308134055864a.jpg\" \/>         <\/section>\n<\/p><\/div>\n<\/section>\n<section class=\"section\">\n<div class=\"item item-12\">\n<section class=\"image-item\">             <img decoding=\"async\" src=\"https:\/\/upload.cdn.baselinker.com\/products\/3029707\/afb3ef42f29175af5f6db25676f3f682.jpg\" \/>         <\/section>\n<\/p><\/div>\n<\/section>\n<section class=\"section\">\n<div class=\"item item-12\">\n<section class=\"image-item\">             <img decoding=\"async\" src=\"https:\/\/upload.cdn.baselinker.com\/products\/3029707\/38745c1b8bfba1cfc840318b3268b53f.jpg\" \/>         <\/section>\n<\/p><\/div>\n<\/section>\n<p><strong>Dodatkowe informacje:<\/strong><\/p>\n<ul>\n<li><strong>Producent: <\/strong>Outstanding Management CO.,LTD  Room 106, 1st Floor, Building 11, No.8 Nanlu Road, Pudong New Area, Shanghai; lilian@kittyfamily.com<\/li>\n<li><strong>Podmiot odpowiedzialny za wprowadzenie produktu na rynek europejski:<\/strong>\u00a0Firma Handlowa PULIO Krzysztof Gebel ul. Kolejowa 3 55-040 Bielany Wroc\u0142awskie  tel. +48 71 352 07 80  biuro@pulio.pl  www.pulio.pl<\/li>\n<li><strong>Ostrze\u017cenia na opakowaniu: <\/strong>PAMI\u0118TNIK NA SZYFR, Wiek: 5+   Ostrze\u017cenia: Nieodpowiednie dla dzieci poni\u017cej 3 roku \u017cycia. Niebezpiecze\u0144stwo zad\u0142awienia drobnymi elementami! Przed przekazaniem dziecku nale\u017cy usun\u0105\u0107 wszystkie elementy opakowania. Opakowanie nie stanowi cz\u0119\u015bci zabawki. Producent zastrzega sobie mo\u017cliwo\u015b\u0107 zmian kolorystycznych i technicznych. Prosimy zachowa\u0107 opakowanie wraz z ostrze\u017ceniami i pozosta\u0142ymi informacjami do p\u00f3\u017aniejszej korespondencji. Wyprodukowano w Chinach. BATERIE: 3xAG3 (LR41), ZAWARTE W ZESTAWIE  OSTRZE\u017bENIA DOTYCZ\u0104CE BATERII: Wyciek kwasu akumulatorowego mo\u017ce spowodowa\u0107 zranienie oraz uszkodzenie zabawki i przedmiot\u00f3w znajduj\u0105cych si\u0119 w pobli\u017cu. Je\u017celi wyst\u0105pi wyciek kwasu akumulatorowego nale\u017cy dok\u0142adnie przemy\u0107 sk\u00f3r\u0119 i nie dopu\u015bci\u0107 aby kwas dosta\u0142 si\u0119 do oczu, uszu, nosa i ust.  Natychmiast wyczy\u015bci\u0107 odzie\u017c lub inn\u0105 powierzchni\u0119, kt\u00f3ra mia\u0142a kontakt z kwasem. Baterie, z  kt\u00f3rych wyciek\u0142 kwas akumulatorowy mog\u0105 wydawa\u0107 \u201estrzelaj\u0105ce\u201d d\u017awi\u0119ki. \u2022 Nie nale\u017cy miesza\u0107 ze sob\u0105 baterii r\u00f3\u017cnych typ\u00f3w lub nowych i u\u017cywanych. \u2022 Nale\u017cy u\u017cywa\u0107 jedynie baterii zalecanego typu lub r\u00f3wnowa\u017cnych. \u2022 Nie nale\u017cy u\u017cywa\u0107 baterii przewidzianych do \u0142adowania, chyba \u017ce jest to zalecane. Baterie  nieprzewidziane do \u0142adowania nie mog\u0105 by\u0107 \u0142adowane. Baterie przewidziane do \u0142adowania  mog\u0105 by\u0107 \u0142adowane jedynie po wyj\u0119ciu z produktu pod nadzorem osoby doros\u0142ej. \u2022 Baterie nale\u017cy wk\u0142ada\u0107 z zachowaniem prawid\u0142owej biegunowo\u015bci. Nie wolno zwiera\u0107 zacisk\u00f3w  zasilania. \u2022 Wyj\u0105\u0107 baterie gdy s\u0105 zu\u017cyte. \u2022 Baterie nale\u017cy wyj\u0105\u0107 je\u017celi produkt nie jest u\u017cywany przez d\u0142u\u017cszy czas. \u2022 Zu\u017cyte baterie nale\u017cy wyrzuca\u0107 do odpowiednio oznaczonych pojemnik\u00f3w. \u2022 Zu\u017cytych elektrycznych i elektronicznych produkt\u00f3w nie nale\u017cy umieszcza\u0107 z pozosta\u0142ymi  odpadami domowymi. \u2022 Produkt musi by\u0107 dostarczony do punktu zbi\u00f3rki s\u0142u\u017c\u0105cego recyklingowi urz\u0105dze\u0144 elektrycznych i  elektronicznych. Skontaktuj si\u0119 z w\u0142adzami lokalnymi aby dowiedzie\u0107 si\u0119 o dost\u0119pnych punktach.  Produkt zawiera baterie guzikowe. Baterie guzikowe s\u0105 niebezpieczne. Trzymaj je zawsze poza zasi\u0119giem dzieci, niezale\u017cnie od tego, czy baterie s\u0105 u\u017cywane, czy nowe. Ten produkt zawiera bateri\u0119 litow\u0105 guzikow\u0105. Mo\u017ce to spowodowa\u0107 \u015bmiertelne obra\u017cenia w ci\u0105gu 2 godzin lub kr\u00f3cej, je\u015bli zostanie po\u0142kni\u0119te lub umieszczone wewn\u0105trz cia\u0142a. W przypadku podejrzenia takiego przypadku nale\u017cy natychmiast zwr\u00f3ci\u0107 si\u0119 po pomoc lekarsk\u0105.  Instrukcja u\u017cytkowania: 1.\tWci\u015bnij 4-cyfrowy kod (kod znajduje si\u0119 na metce oraz z ty\u0142u zamka). 2.\tNaci\u015bnij \u015brodkowy przycisk na zamku szyfrowym i otw\u00f3rz pami\u0119tnik. 3.\tAby ponownie zablokowa\u0107 pami\u0119tnik zamknij go i wypchnij z powrotem przyciski kodu.  Importer:  Firma Handlowa PULIO ul. Kolejowa 3 55-040 Bielany Wroc\u0142awskie  tel. +48 71 352 07 80  biuro@pulio.pl  www.pulio.pl<\/li>\n<li><strong>Instrukcja obs\u0142ugi jest:<\/strong> NIE<\/li>\n<li><strong>Kraj pochodzenia:<\/strong> CHINY<\/li>\n<\/ul>\n","protected":false},"excerpt":{"rendered":"<p>Pami\u0119tnik na szyfr &#8211; Syrenka 175203MV Hot Focus Pami\u0119tnik w linie zamykany na szyfr. Do zestawu do\u0142\u0105czony jest d\u0142ugopis z<\/p>\n","protected":false},"featured_media":8414,"comment_status":"open","ping_status":"closed","template":"","meta":[],"product_brand":[],"product_cat":[284,285],"product_tag":[],"class_list":{"0":"post-8370","1":"product","2":"type-product","3":"status-publish","4":"has-post-thumbnail","6":"product_cat-dla-dziewczynki","7":"product_cat-zabawki-kreatywne","9":"first","10":"instock","11":"shipping-taxable","12":"purchasable","13":"product-type-simple"},"_links":{"self":[{"href":"https:\/\/czas.m2web.pl\/index.php?rest_route=\/wp\/v2\/product\/8370","targetHints":{"allow":["GET"]}}],"collection":[{"href":"https:\/\/czas.m2web.pl\/index.php?rest_route=\/wp\/v2\/product"}],"about":[{"href":"https:\/\/czas.m2web.pl\/index.php?rest_route=\/wp\/v2\/types\/product"}],"replies":[{"embeddable":true,"href":"https:\/\/czas.m2web.pl\/index.php?rest_route=%2Fwp%2Fv2%2Fcomments&post=8370"}],"version-history":[{"count":0,"href":"https:\/\/czas.m2web.pl\/index.php?rest_route=\/wp\/v2\/product\/8370\/revisions"}],"wp:featuredmedia":[{"embeddable":true,"href":"https:\/\/czas.m2web.pl\/index.php?rest_route=\/wp\/v2\/media\/8414"}],"wp:attachment":[{"href":"https:\/\/czas.m2web.pl\/index.php?rest_route=%2Fwp%2Fv2%2Fmedia&parent=8370"}],"wp:term":[{"taxonomy":"product_brand","embeddable":true,"href":"https:\/\/czas.m2web.pl\/index.php?rest_route=%2Fwp%2Fv2%2Fproduct_brand&post=8370"},{"taxonomy":"product_cat","embeddable":true,"href":"https:\/\/czas.m2web.pl\/index.php?rest_route=%2Fwp%2Fv2%2Fproduct_cat&post=8370"},{"taxonomy":"product_tag","embeddable":true,"href":"https:\/\/czas.m2web.pl\/index.php?rest_route=%2Fwp%2Fv2%2Fproduct_tag&post=8370"}],"curies":[{"name":"wp","href":"https:\/\/api.w.org\/{rel}","templated":true}]}}