{"id":8373,"date":"2026-01-04T23:25:18","date_gmt":"2026-01-04T22:25:18","guid":{"rendered":"https:\/\/czas.m2web.pl\/?post_type=product&#038;p=8373"},"modified":"2026-01-04T23:25:32","modified_gmt":"2026-01-04T22:25:32","slug":"maisto-jeep-wrangler-unlimited-2015-1-24-31268-og","status":"publish","type":"product","link":"https:\/\/czas.m2web.pl\/?product=maisto-jeep-wrangler-unlimited-2015-1-24-31268-og","title":{"rendered":"MAISTO Jeep Wrangler Unlimited 2015 1\/24 31268 OG"},"content":{"rendered":"<section class=\"section\">\n<div class=\"item item-6\">\n<section class=\"image-item\">             <img decoding=\"async\" src=\"https:\/\/upload.cdn.baselinker.com\/products\/3029707\/f0f1aa523617643b89f6afe2d0b05e43.jpg\" \/>         <\/section>\n<\/p><\/div>\n<div class=\"item item-6\">\n<section class=\"text-item\">\n<h1>MAISTO Jeep Wrangler Unlimited 2015<\/h1>\n<h2>Prawdziwa skala 1\/24 &#8211; inne modele Jeepa Wranglera wykonane s\u0105 w skali 1\/27.<\/h2>\n<p>Nr kat.: 31268OG<\/p>\n<p>Skala: 1\/24<\/p>\n<p>Kolor: pomara\u0144czowy<\/p>\n<p><b>Materia\u0142: metal (nadwozie)\/plastik\/guma<\/b><\/p>\n<p>Wysokiej jako\u015bci metalowy model pojazdu wykonany przez firm\u0119 MaiSto.<\/p>\n<p>Charakteryzuje si\u0119 ruchomymi elementami oraz dba\u0142o\u015bci\u0105 o ka\u017cdy szczeg\u00f3\u0142.<\/p>\n<p>Wspaniale prezentuje si\u0119 na biurku lub p\u00f3\u0142ce kolekcjonera, mo\u017ce s\u0142u\u017cy\u0107 tak\u017ce jako zabawka dla dziecka.<\/p>\n<p><b>Model posiada otwierane przednie drzwi.<\/b><\/p>\n<p><b>Wymiary pojazdu: 23,5 cm x 10 cm x 7,7 cm.<\/b><\/p>\n<p>Wymiary opakowania: szer. 28,5 cm, wys. 12 cm, g\u0142. 14 cm.<\/p>\n<p>Wiek: 3+.<\/p>\n<\/section><\/div>\n<\/section>\n<section class=\"section\">\n<div class=\"item item-12\">\n<section class=\"image-item\">             <img decoding=\"async\" src=\"https:\/\/upload.cdn.baselinker.com\/products\/3029707\/f0f1aa523617643b89f6afe2d0b05e43.jpg\" \/>         <\/section>\n<\/p><\/div>\n<\/section>\n<p><strong>Dodatkowe informacje:<\/strong><\/p>\n<ul>\n<li><strong>Producent: <\/strong>May Cheong Group Limited Unit 901-2, 9\/F, East Ocean Centre,  98 Granville Road, Tsimshatsui East, Kowloon, Hong Kong info@maycheonggroup.com.hk<\/li>\n<li><strong>Podmiot odpowiedzialny za wprowadzenie produktu na rynek europejski:<\/strong>\u00a0Firma Handlowa PULIO Krzysztof Gebel ul. Kolejowa 3 55-040 Bielany Wroc\u0142awskie  tel. +48 71 352 07 80  biuro@pulio.pl  www.pulio.pl<\/li>\n<li><strong>Ostrze\u017cenia na opakowaniu: <\/strong>Ostrze\u017cenia: Uwaga! Nieodpowiednie dla dzieci w wieku poni\u017cej 3 lat. Niebezpiecze\u0144stwo zad\u0142awienia drobnymi elementami. Prosimy zachowa\u0107 opakowanie wraz z ostrze\u017ceniami i pozosta\u0142ymi informacjami do p\u00f3\u017aniejszej korespondencji. Przed przekazaniem dziecku nale\u017cy usun\u0105\u0107 wszystkie elementy opakowania. Opakowanie nie stanowi cz\u0119\u015bci zabawki. Producent zastrzega sobie prawo do zmian technicznych i kolorystyki bez uprzedzenia. Kolory i zawarto\u015b\u0107 mog\u0105 r\u00f3\u017cni\u0107 si\u0119 od ilustracji na opakowaniu. Wyprodukowano w Chinach.<\/li>\n<li><strong>Instrukcja obs\u0142ugi jest:<\/strong> NIE<\/li>\n<li><strong>Kraj pochodzenia:<\/strong> CHINY<\/li>\n<\/ul>\n","protected":false},"excerpt":{"rendered":"<p>MAISTO Jeep Wrangler Unlimited 2015 Prawdziwa skala 1\/24 &#8211; inne modele Jeepa Wranglera wykonane s\u0105 w skali 1\/27. Nr kat.:<\/p>\n","protected":false},"featured_media":8423,"comment_status":"open","ping_status":"closed","template":"","meta":[],"product_brand":[],"product_cat":[16],"product_tag":[],"class_list":{"0":"post-8373","1":"product","2":"type-product","3":"status-publish","4":"has-post-thumbnail","6":"product_cat-import","8":"first","9":"instock","10":"shipping-taxable","11":"purchasable","12":"product-type-simple"},"_links":{"self":[{"href":"https:\/\/czas.m2web.pl\/index.php?rest_route=\/wp\/v2\/product\/8373","targetHints":{"allow":["GET"]}}],"collection":[{"href":"https:\/\/czas.m2web.pl\/index.php?rest_route=\/wp\/v2\/product"}],"about":[{"href":"https:\/\/czas.m2web.pl\/index.php?rest_route=\/wp\/v2\/types\/product"}],"replies":[{"embeddable":true,"href":"https:\/\/czas.m2web.pl\/index.php?rest_route=%2Fwp%2Fv2%2Fcomments&post=8373"}],"version-history":[{"count":0,"href":"https:\/\/czas.m2web.pl\/index.php?rest_route=\/wp\/v2\/product\/8373\/revisions"}],"wp:featuredmedia":[{"embeddable":true,"href":"https:\/\/czas.m2web.pl\/index.php?rest_route=\/wp\/v2\/media\/8423"}],"wp:attachment":[{"href":"https:\/\/czas.m2web.pl\/index.php?rest_route=%2Fwp%2Fv2%2Fmedia&parent=8373"}],"wp:term":[{"taxonomy":"product_brand","embeddable":true,"href":"https:\/\/czas.m2web.pl\/index.php?rest_route=%2Fwp%2Fv2%2Fproduct_brand&post=8373"},{"taxonomy":"product_cat","embeddable":true,"href":"https:\/\/czas.m2web.pl\/index.php?rest_route=%2Fwp%2Fv2%2Fproduct_cat&post=8373"},{"taxonomy":"product_tag","embeddable":true,"href":"https:\/\/czas.m2web.pl\/index.php?rest_route=%2Fwp%2Fv2%2Fproduct_tag&post=8373"}],"curies":[{"name":"wp","href":"https:\/\/api.w.org\/{rel}","templated":true}]}}