{"id":8387,"date":"2026-01-04T23:25:19","date_gmt":"2026-01-04T22:25:19","guid":{"rendered":"https:\/\/czas.m2web.pl\/?post_type=product&#038;p=8387"},"modified":"2026-01-04T23:25:45","modified_gmt":"2026-01-04T22:25:45","slug":"zestaw-zelowych-dlugopisow-z-akcesoriami-kotek","status":"publish","type":"product","link":"https:\/\/czas.m2web.pl\/?product=zestaw-zelowych-dlugopisow-z-akcesoriami-kotek","title":{"rendered":"Zestaw \u017celowych d\u0142ugopis\u00f3w z akcesoriami &#8211; Kotek"},"content":{"rendered":"<section class=\"section\">\n<div class=\"item item-6\">\n<section class=\"image-item\">             <img decoding=\"async\" src=\"https:\/\/upload.cdn.baselinker.com\/products\/3029707\/9b3d91767b576a0d7e57a32e803e0ddd.jpg\" \/>         <\/section>\n<\/p><\/div>\n<div class=\"item item-6\">\n<section class=\"text-item\">\n<h1>Zestaw \u017celowych d\u0142ugopis\u00f3w z akcesoriami &#8211; Kotek<\/h1>\n<p>Hot Focus\u00a0 175268CAT<\/p>\n<p>W zestawie:<\/p>\n<ul>\n<li>12 \u017celowych d\u0142ugopis\u00f3w,<\/li>\n<li>4 kolory dekoracyjnej mini-ta\u015bmy klej\u0105cej z dyspozytorem,<\/li>\n<li>1 notesik,<\/li>\n<li>1 arkusz naklejek.<\/li>\n<\/ul>\n<p>Zestaw zapakowany w przezroczyst\u0105 saszetk\u0119 z dwoma przegr\u00f3dkami zamykanymi na zamek. Dodatkowo ozdobny sznureczek i kolorowy pompon. W saszetce przesypuj\u0105 si\u0119 holograficzne mini-ozdoby dla dodatkowego efektu.<\/p>\n<ul>\n<li>Wymiary saszetki: 27 x 21 cm.<\/li>\n<li>Wiek: 5+.<\/li>\n<\/ul>\n<\/section><\/div>\n<\/section>\n<section class=\"section\">\n<div class=\"item item-12\">\n<section class=\"image-item\">             <img decoding=\"async\" src=\"https:\/\/upload.cdn.baselinker.com\/products\/3029707\/a353a9984b050277b2187efa2353eec3.jpg\" \/>         <\/section>\n<\/p><\/div>\n<\/section>\n<section class=\"section\">\n<div class=\"item item-12\">\n<section class=\"image-item\">             <img decoding=\"async\" src=\"https:\/\/upload.cdn.baselinker.com\/products\/3029707\/9b3d91767b576a0d7e57a32e803e0ddd.jpg\" \/>         <\/section>\n<\/p><\/div>\n<\/section>\n<p><strong>Dodatkowe informacje:<\/strong><\/p>\n<ul>\n<li><strong>Producent: <\/strong>Outstanding Management CO.,LTD  Room 106, 1st Floor, Building 11, No.8 Nanlu Road, Pudong New Area, Shanghai; lilian@kittyfamily.com<\/li>\n<li><strong>Podmiot odpowiedzialny za wprowadzenie produktu na rynek europejski:<\/strong>\u00a0Firma Handlowa PULIO Krzysztof Gebel ul. Kolejowa 3 55-040 Bielany Wroc\u0142awskie  tel. +48 71 352 07 80  biuro@pulio.pl  www.pulio.pl<\/li>\n<li><strong>Ostrze\u017cenia na opakowaniu: <\/strong>NOTESIK I 12 D\u0141UGOPIS\u00d3W \u017bELOWYCH Z AKCESORIAMI W SASZETCE, Wiek: 5+   Ostrze\u017cenia: Nieodpowiednie dla dzieci poni\u017cej 3 roku \u017cycia. Niebezpiecze\u0144stwo zad\u0142awienia drobnymi elementami! Przed przekazaniem dziecku nale\u017cy usun\u0105\u0107 wszystkie elementy opakowania. Opakowanie nie stanowi cz\u0119\u015bci zabawki. Producent zastrzega sobie mo\u017cliwo\u015b\u0107 zmian kolorystycznych i technicznych. Prosimy zachowa\u0107 opakowanie wraz z ostrze\u017ceniami i pozosta\u0142ymi informacjami do p\u00f3\u017aniejszej korespondencji. Wyprodukowano w Chinach.  Importer:  Firma Handlowa PULIO ul. Kolejowa 3 55-040 Bielany Wroc\u0142awskie  tel. +48 71 352 07 80  biuro@pulio.pl  www.pulio.pl<\/li>\n<li><strong>Instrukcja obs\u0142ugi jest:<\/strong> NIE<\/li>\n<li><strong>Kraj pochodzenia:<\/strong> CHINY<\/li>\n<\/ul>\n","protected":false},"excerpt":{"rendered":"<p>Zestaw \u017celowych d\u0142ugopis\u00f3w z akcesoriami &#8211; Kotek Hot Focus\u00a0 175268CAT W zestawie: 12 \u017celowych d\u0142ugopis\u00f3w, 4 kolory dekoracyjnej mini-ta\u015bmy klej\u0105cej<\/p>\n","protected":false},"featured_media":8474,"comment_status":"open","ping_status":"closed","template":"","meta":[],"product_brand":[],"product_cat":[16],"product_tag":[],"class_list":{"0":"post-8387","1":"product","2":"type-product","3":"status-publish","4":"has-post-thumbnail","6":"product_cat-import","8":"first","9":"instock","10":"shipping-taxable","11":"purchasable","12":"product-type-simple"},"_links":{"self":[{"href":"https:\/\/czas.m2web.pl\/index.php?rest_route=\/wp\/v2\/product\/8387","targetHints":{"allow":["GET"]}}],"collection":[{"href":"https:\/\/czas.m2web.pl\/index.php?rest_route=\/wp\/v2\/product"}],"about":[{"href":"https:\/\/czas.m2web.pl\/index.php?rest_route=\/wp\/v2\/types\/product"}],"replies":[{"embeddable":true,"href":"https:\/\/czas.m2web.pl\/index.php?rest_route=%2Fwp%2Fv2%2Fcomments&post=8387"}],"version-history":[{"count":0,"href":"https:\/\/czas.m2web.pl\/index.php?rest_route=\/wp\/v2\/product\/8387\/revisions"}],"wp:featuredmedia":[{"embeddable":true,"href":"https:\/\/czas.m2web.pl\/index.php?rest_route=\/wp\/v2\/media\/8474"}],"wp:attachment":[{"href":"https:\/\/czas.m2web.pl\/index.php?rest_route=%2Fwp%2Fv2%2Fmedia&parent=8387"}],"wp:term":[{"taxonomy":"product_brand","embeddable":true,"href":"https:\/\/czas.m2web.pl\/index.php?rest_route=%2Fwp%2Fv2%2Fproduct_brand&post=8387"},{"taxonomy":"product_cat","embeddable":true,"href":"https:\/\/czas.m2web.pl\/index.php?rest_route=%2Fwp%2Fv2%2Fproduct_cat&post=8387"},{"taxonomy":"product_tag","embeddable":true,"href":"https:\/\/czas.m2web.pl\/index.php?rest_route=%2Fwp%2Fv2%2Fproduct_tag&post=8387"}],"curies":[{"name":"wp","href":"https:\/\/api.w.org\/{rel}","templated":true}]}}