{"id":840,"date":"2026-01-04T22:49:09","date_gmt":"2026-01-04T21:49:09","guid":{"rendered":"https:\/\/czas.m2web.pl\/?post_type=product&#038;p=840"},"modified":"2026-01-04T22:49:13","modified_gmt":"2026-01-04T21:49:13","slug":"maisto-4x4-rebels-chevrolet-silverado-1500-z71-2014-21205","status":"publish","type":"product","link":"https:\/\/czas.m2web.pl\/?product=maisto-4x4-rebels-chevrolet-silverado-1500-z71-2014-21205","title":{"rendered":"MAISTO 4X4 REBELS Chevrolet Silverado 1500 Z71 2014 21205"},"content":{"rendered":"<section class=\"section\">\n<div class=\"item item-6\">\n<section class=\"image-item\"><img decoding=\"async\" src=\"https:\/\/upload.cdn.baselinker.com\/products\/3029707\/685f167bf928d04c283857a07cb150a4.jpg\"><\/section>\n<\/p><\/div>\n<div class=\"item item-6\">\n<section class=\"text-item\">\n<h1>MAISTO 4X4 REBELS Chevrolet Silverado 1500 Z71 2014<\/h1>\n<p>Nr kat.: 21205<\/p>\n<p>Rozmiar: 4,5&#8221; (d\u0142ugo\u015b\u0107 ok. 114 mm)<\/p>\n<p>Kolor: czerwony<\/p>\n<p><b>Materia\u0142: metal (nadwozie)\/plastik\/guma<\/b><\/p>\n<p>Model wykonany przez dzia\u0142aj\u0105c\u0105 od 1988 roku firm\u0119 MaiSto.<\/p>\n<p><b>MAISTO 4&#215;4 REBELS to seria wykonanych z dba\u0142o\u015bci\u0105 o szczeg\u00f3\u0142y metalowych pojazd\u00f3w terenowych w rozmiarze 4,5 cala.<\/b><\/p>\n<p>\u015awietna zabawka dla Twojego dziecka lub model dla kolekcjonera.<\/p>\n<p><b>Model posiada otwierane przednie drzwi.<\/b><\/p>\n<p>Wymiary opakowania: szer. 14,5 cm, wys. 8,5 cm, g\u0142. 7 cm.<\/p>\n<p>Wiek: 3+.<\/p>\n<\/section><\/div>\n<\/section>\n<section class=\"section\">\n<div class=\"item item-12\">\n<section class=\"image-item\"><img decoding=\"async\" src=\"https:\/\/upload.cdn.baselinker.com\/products\/3029707\/685f167bf928d04c283857a07cb150a4.jpg\"><\/section>\n<\/p><\/div>\n<\/section>\n<p><strong>Dodatkowe informacje:<\/strong><\/p>\n","protected":false},"excerpt":{"rendered":"<p>MAISTO 4X4 REBELS Chevrolet Silverado 1500 Z71 2014 Nr kat.: 21205 Rozmiar: 4,5&#8221; (d\u0142ugo\u015b\u0107 ok. 114 mm) Kolor: czerwony Materia\u0142:<\/p>\n","protected":false},"featured_media":871,"comment_status":"open","ping_status":"closed","template":"","meta":[],"product_brand":[],"product_cat":[16],"product_tag":[],"class_list":{"0":"post-840","1":"product","2":"type-product","3":"status-publish","4":"has-post-thumbnail","6":"product_cat-import","8":"first","9":"instock","10":"shipping-taxable","11":"purchasable","12":"product-type-simple"},"_links":{"self":[{"href":"https:\/\/czas.m2web.pl\/index.php?rest_route=\/wp\/v2\/product\/840","targetHints":{"allow":["GET"]}}],"collection":[{"href":"https:\/\/czas.m2web.pl\/index.php?rest_route=\/wp\/v2\/product"}],"about":[{"href":"https:\/\/czas.m2web.pl\/index.php?rest_route=\/wp\/v2\/types\/product"}],"replies":[{"embeddable":true,"href":"https:\/\/czas.m2web.pl\/index.php?rest_route=%2Fwp%2Fv2%2Fcomments&post=840"}],"version-history":[{"count":0,"href":"https:\/\/czas.m2web.pl\/index.php?rest_route=\/wp\/v2\/product\/840\/revisions"}],"wp:featuredmedia":[{"embeddable":true,"href":"https:\/\/czas.m2web.pl\/index.php?rest_route=\/wp\/v2\/media\/871"}],"wp:attachment":[{"href":"https:\/\/czas.m2web.pl\/index.php?rest_route=%2Fwp%2Fv2%2Fmedia&parent=840"}],"wp:term":[{"taxonomy":"product_brand","embeddable":true,"href":"https:\/\/czas.m2web.pl\/index.php?rest_route=%2Fwp%2Fv2%2Fproduct_brand&post=840"},{"taxonomy":"product_cat","embeddable":true,"href":"https:\/\/czas.m2web.pl\/index.php?rest_route=%2Fwp%2Fv2%2Fproduct_cat&post=840"},{"taxonomy":"product_tag","embeddable":true,"href":"https:\/\/czas.m2web.pl\/index.php?rest_route=%2Fwp%2Fv2%2Fproduct_tag&post=840"}],"curies":[{"name":"wp","href":"https:\/\/api.w.org\/{rel}","templated":true}]}}