{"id":8446,"date":"2026-01-04T23:25:40","date_gmt":"2026-01-04T22:25:40","guid":{"rendered":"https:\/\/czas.m2web.pl\/?post_type=product&#038;p=8446"},"modified":"2026-01-04T23:25:51","modified_gmt":"2026-01-04T22:25:51","slug":"mini-plecaczek-w-kwiatki-saszetka-brelok-dlugopisy-naklejki","status":"publish","type":"product","link":"https:\/\/czas.m2web.pl\/?product=mini-plecaczek-w-kwiatki-saszetka-brelok-dlugopisy-naklejki","title":{"rendered":"Mini plecaczek w kwiatki, saszetka, brelok, d\u0142ugopisy, naklejki"},"content":{"rendered":"<section class=\"section\">\n<div class=\"item item-6\">\n<section class=\"image-item\"><img decoding=\"async\" src=\"https:\/\/upload.cdn.baselinker.com\/products\/3029707\/0d90b8cb26bb9d1f7a96c575179b40a3.png\" \/><\/section>\n<\/div>\n<div class=\"item item-6\">\n<section class=\"text-item\">\n<h1>Mini plecaczek w zestawie<\/h1>\n<p> Hot Focus 175312GO<\/p>\n<p> Ozdobny mini plecaczek na r\u00f3\u017cne akcesoria. Mo\u017ce s\u0142u\u017cy\u0107 jako zawieszka do kluczy, plecaka czy torby.<\/p>\n<p> Zestaw zawiera:<\/p>\n<ul>\n<li>mini-plecaczek zamykany na zamek,<\/li>\n<li>mini notesik na spirali,<\/li>\n<li>3 \u017celowe mini d\u0142ugopisy,<\/li>\n<li>gumka do mazania w zabawnym kszta\u0142cie,<\/li>\n<li>1 mini zakre\u015blacz,<\/li>\n<li>1 arkusik naklejek.<\/li>\n<\/ul>\n<p> Wiek: 5+.<\/p>\n<p> Wymiary plecaczka: 9,5 x 11,5 x 4 cm<\/p>\n<\/section>\n<\/div>\n<\/section>\n<section class=\"section\">\n<div class=\"item item-12\">\n<section class=\"image-item\"><img decoding=\"async\" src=\"https:\/\/upload.cdn.baselinker.com\/products\/3029707\/b0e6673f70dbc77173ea805042e0d802.jpg\" \/><\/section>\n<\/div>\n<\/section>\n<section class=\"section\">\n<div class=\"item item-12\">\n<section class=\"image-item\"><img decoding=\"async\" src=\"https:\/\/upload.cdn.baselinker.com\/products\/3029707\/0d90b8cb26bb9d1f7a96c575179b40a3.png\" \/><\/section>\n<\/div>\n<\/section>\n<p><strong>Dodatkowe informacje:<\/strong><\/p>\n<ul>\n<li><strong>Producent: <\/strong>Outstanding Management CO.,LTD  Room 106, 1st Floor, Building 11, No.8 Nanlu Road, Pudong New Area, Shanghai; lilian@kittyfamily.com<\/li>\n<li><strong>Podmiot odpowiedzialny za wprowadzenie produktu na rynek europejski:<\/strong>\u00a0Firma Handlowa PULIO Krzysztof Gebel ul. Kolejowa 3 55-040 Bielany Wroc\u0142awskie  tel. +48 71 352 07 80  biuro@pulio.pl  www.pulio.pl<\/li>\n<li><strong>Ostrze\u017cenia na opakowaniu: <\/strong>ZESTAW Z MINI-PLECACZKIEM, Wiek: 5+   Ostrze\u017cenia: Nieodpowiednie dla dzieci poni\u017cej 3 roku \u017cycia. Niebezpiecze\u0144stwo zad\u0142awienia drobnymi elementami! Przed przekazaniem dziecku nale\u017cy usun\u0105\u0107 wszystkie elementy opakowania. Opakowanie nie stanowi cz\u0119\u015bci zabawki. Producent zastrzega sobie mo\u017cliwo\u015b\u0107 zmian kolorystycznych i technicznych. Prosimy zachowa\u0107 opakowanie wraz z ostrze\u017ceniami i pozosta\u0142ymi informacjami do p\u00f3\u017aniejszej korespondencji. Wyprodukowano w Chinach.  Importer:  Firma Handlowa PULIO ul. Kolejowa 3 55-040 Bielany Wroc\u0142awskie  tel. +48 71 352 07 80  biuro@pulio.pl  www.pulio.pl<\/li>\n<li><strong>Instrukcja obs\u0142ugi jest:<\/strong> NIE<\/li>\n<li><strong>Kraj pochodzenia:<\/strong> CHINY<\/li>\n<\/ul>\n","protected":false},"excerpt":{"rendered":"<p>Mini plecaczek w zestawie Hot Focus 175312GO Ozdobny mini plecaczek na r\u00f3\u017cne akcesoria. Mo\u017ce s\u0142u\u017cy\u0107 jako zawieszka do kluczy, plecaka<\/p>\n","protected":false},"featured_media":8486,"comment_status":"open","ping_status":"closed","template":"","meta":[],"product_brand":[],"product_cat":[284,285],"product_tag":[],"class_list":{"0":"post-8446","1":"product","2":"type-product","3":"status-publish","4":"has-post-thumbnail","6":"product_cat-dla-dziewczynki","7":"product_cat-zabawki-kreatywne","9":"first","10":"instock","11":"shipping-taxable","12":"purchasable","13":"product-type-simple"},"_links":{"self":[{"href":"https:\/\/czas.m2web.pl\/index.php?rest_route=\/wp\/v2\/product\/8446","targetHints":{"allow":["GET"]}}],"collection":[{"href":"https:\/\/czas.m2web.pl\/index.php?rest_route=\/wp\/v2\/product"}],"about":[{"href":"https:\/\/czas.m2web.pl\/index.php?rest_route=\/wp\/v2\/types\/product"}],"replies":[{"embeddable":true,"href":"https:\/\/czas.m2web.pl\/index.php?rest_route=%2Fwp%2Fv2%2Fcomments&post=8446"}],"version-history":[{"count":0,"href":"https:\/\/czas.m2web.pl\/index.php?rest_route=\/wp\/v2\/product\/8446\/revisions"}],"wp:featuredmedia":[{"embeddable":true,"href":"https:\/\/czas.m2web.pl\/index.php?rest_route=\/wp\/v2\/media\/8486"}],"wp:attachment":[{"href":"https:\/\/czas.m2web.pl\/index.php?rest_route=%2Fwp%2Fv2%2Fmedia&parent=8446"}],"wp:term":[{"taxonomy":"product_brand","embeddable":true,"href":"https:\/\/czas.m2web.pl\/index.php?rest_route=%2Fwp%2Fv2%2Fproduct_brand&post=8446"},{"taxonomy":"product_cat","embeddable":true,"href":"https:\/\/czas.m2web.pl\/index.php?rest_route=%2Fwp%2Fv2%2Fproduct_cat&post=8446"},{"taxonomy":"product_tag","embeddable":true,"href":"https:\/\/czas.m2web.pl\/index.php?rest_route=%2Fwp%2Fv2%2Fproduct_tag&post=8446"}],"curies":[{"name":"wp","href":"https:\/\/api.w.org\/{rel}","templated":true}]}}