{"id":8447,"date":"2026-01-04T23:25:40","date_gmt":"2026-01-04T22:25:40","guid":{"rendered":"https:\/\/czas.m2web.pl\/?post_type=product&#038;p=8447"},"modified":"2026-01-04T23:25:52","modified_gmt":"2026-01-04T22:25:52","slug":"maisto-design-ford-mustang-svt-cobra-1993-1-24-32549","status":"publish","type":"product","link":"https:\/\/czas.m2web.pl\/?product=maisto-design-ford-mustang-svt-cobra-1993-1-24-32549","title":{"rendered":"MAISTO DESIGN Ford Mustang SVT Cobra 1993 1\/24 32549"},"content":{"rendered":"<section class=\"section\">\n<div class=\"item item-6\">\n<section class=\"image-item\"><img decoding=\"async\" src=\"https:\/\/upload.cdn.baselinker.com\/products\/3029707\/51790f6e6ddf6bf98fee6163fa4b51ad.jpg\" \/><\/section>\n<\/div>\n<div class=\"item item-6\">\n<section class=\"text-item\">\n<h1>MAISTO DESIGN Ford Mustang SVT Cobra 1993<\/h1>\n<p> Nr kat.: 32549<\/p>\n<p> Skala: 1\/24<\/p>\n<p> Kolor: czerwony<\/p>\n<p> <b>Materia\u0142: metal (nadwozie)\/plastik\/guma<\/b><\/p>\n<p> Wysokiej jako\u015bci metalowy model pojazdu wykonany przez firm\u0119 MaiSto.<\/p>\n<p> MAISTO DESIGN to seria tuningowanych pojazd\u00f3w charakteryzuj\u0105cych si\u0119 ruchomymi elementami, wiernym odwzorowaniem wn\u0119trza i du\u017c\u0105 dba\u0142o\u015bci\u0105 o szczeg\u00f3\u0142y.<\/p>\n<p> <b>Pojazdy w tej wersji wyr\u00f3\u017cniaj\u0105 si\u0119 specjalnym malowaniem, chromowanymi elementami nadwozia i silnika oraz wyczynowymi oponami.<\/b><\/p>\n<p> \u015awietna zabawka dla Twojego dziecka lub model dla kolekcjonera.<\/p>\n<p> <b>Model posiada otwierane drzwi i mask\u0119<\/b><b>.<\/b><\/p>\n<p> Wymiary opakowania: szer. 24,6 cm, wys. 11,3 cm, g\u0142. 13,6 cm.<\/p>\n<p> Wiek: 8+.<\/p>\n<\/section>\n<\/div>\n<\/section>\n<section class=\"section\">\n<div class=\"item item-12\">\n<section class=\"image-item\"><img decoding=\"async\" src=\"https:\/\/upload.cdn.baselinker.com\/products\/3029707\/51790f6e6ddf6bf98fee6163fa4b51ad.jpg\" \/><\/section>\n<\/div>\n<\/section>\n<section class=\"section\">\n<div class=\"item item-12\">\n<section class=\"image-item\"><img decoding=\"async\" src=\"https:\/\/upload.cdn.baselinker.com\/products\/3029707\/0465add7d5fc456a422804b94067459e.jpg\" \/><\/section>\n<\/div>\n<\/section>\n<section class=\"section\">\n<div class=\"item item-12\">\n<section class=\"image-item\"><img decoding=\"async\" src=\"https:\/\/upload.cdn.baselinker.com\/products\/3029707\/97e02e16e4eb1a6a9e607ca18d3567aa.jpg\" \/><\/section>\n<\/div>\n<\/section>\n<p><strong>Dodatkowe informacje:<\/strong><\/p>\n<ul>\n<li><strong>Producent: <\/strong>May Cheong Group Limited Unit 901-2, 9\/F, East Ocean Centre,  98 Granville Road, Tsimshatsui East, Kowloon, Hong Kong info@maycheonggroup.com.hk<\/li>\n<li><strong>Podmiot odpowiedzialny za wprowadzenie produktu na rynek europejski:<\/strong>\u00a0Firma Handlowa PULIO Krzysztof Gebel ul. Kolejowa 3 55-040 Bielany Wroc\u0142awskie  tel. +48 71 352 07 80  biuro@pulio.pl  www.pulio.pl<\/li>\n<li><strong>Ostrze\u017cenia na opakowaniu: <\/strong>Ostrze\u017cenia: Uwaga! Nieodpowiednie dla dzieci w wieku poni\u017cej 3 lat. Niebezpiecze\u0144stwo zad\u0142awienia drobnymi elementami. Prosimy zachowa\u0107 opakowanie wraz z ostrze\u017ceniami i pozosta\u0142ymi informacjami do p\u00f3\u017aniejszej korespondencji. Przed przekazaniem dziecku nale\u017cy usun\u0105\u0107 wszystkie elementy opakowania. Opakowanie nie stanowi cz\u0119\u015bci zabawki. Producent zastrzega sobie prawo do zmian technicznych i kolorystyki bez uprzedzenia. Kolory i zawarto\u015b\u0107 mog\u0105 r\u00f3\u017cni\u0107 si\u0119 od ilustracji na opakowaniu. Wyprodukowano w Chinach.<\/li>\n<li><strong>Instrukcja obs\u0142ugi jest:<\/strong> NIE<\/li>\n<li><strong>Kraj pochodzenia:<\/strong> CHINY<\/li>\n<\/ul>\n","protected":false},"excerpt":{"rendered":"<p>MAISTO DESIGN Ford Mustang SVT Cobra 1993 Nr kat.: 32549 Skala: 1\/24 Kolor: czerwony Materia\u0142: metal (nadwozie)\/plastik\/guma Wysokiej jako\u015bci metalowy<\/p>\n","protected":false},"featured_media":8488,"comment_status":"open","ping_status":"closed","template":"","meta":[],"product_brand":[],"product_cat":[19,4437,21,22],"product_tag":[],"class_list":{"0":"post-8447","1":"product","2":"type-product","3":"status-publish","4":"has-post-thumbnail","6":"product_cat-dla-chlopca","7":"product_cat-modele-124","8":"product_cat-pojazdy-2","9":"product_cat-samochody","11":"first","12":"instock","13":"shipping-taxable","14":"purchasable","15":"product-type-simple"},"_links":{"self":[{"href":"https:\/\/czas.m2web.pl\/index.php?rest_route=\/wp\/v2\/product\/8447","targetHints":{"allow":["GET"]}}],"collection":[{"href":"https:\/\/czas.m2web.pl\/index.php?rest_route=\/wp\/v2\/product"}],"about":[{"href":"https:\/\/czas.m2web.pl\/index.php?rest_route=\/wp\/v2\/types\/product"}],"replies":[{"embeddable":true,"href":"https:\/\/czas.m2web.pl\/index.php?rest_route=%2Fwp%2Fv2%2Fcomments&post=8447"}],"version-history":[{"count":0,"href":"https:\/\/czas.m2web.pl\/index.php?rest_route=\/wp\/v2\/product\/8447\/revisions"}],"wp:featuredmedia":[{"embeddable":true,"href":"https:\/\/czas.m2web.pl\/index.php?rest_route=\/wp\/v2\/media\/8488"}],"wp:attachment":[{"href":"https:\/\/czas.m2web.pl\/index.php?rest_route=%2Fwp%2Fv2%2Fmedia&parent=8447"}],"wp:term":[{"taxonomy":"product_brand","embeddable":true,"href":"https:\/\/czas.m2web.pl\/index.php?rest_route=%2Fwp%2Fv2%2Fproduct_brand&post=8447"},{"taxonomy":"product_cat","embeddable":true,"href":"https:\/\/czas.m2web.pl\/index.php?rest_route=%2Fwp%2Fv2%2Fproduct_cat&post=8447"},{"taxonomy":"product_tag","embeddable":true,"href":"https:\/\/czas.m2web.pl\/index.php?rest_route=%2Fwp%2Fv2%2Fproduct_tag&post=8447"}],"curies":[{"name":"wp","href":"https:\/\/api.w.org\/{rel}","templated":true}]}}