{"id":8452,"date":"2026-01-04T23:25:40","date_gmt":"2026-01-04T22:25:40","guid":{"rendered":"https:\/\/czas.m2web.pl\/?post_type=product&#038;p=8452"},"modified":"2026-01-04T23:25:57","modified_gmt":"2026-01-04T22:25:57","slug":"kosmetyczka-piornik-z-akcesoriami-do-notowania-gwiazdki-hot-focus","status":"publish","type":"product","link":"https:\/\/czas.m2web.pl\/?product=kosmetyczka-piornik-z-akcesoriami-do-notowania-gwiazdki-hot-focus","title":{"rendered":"Kosmetyczka, pi\u00f3rnik z akcesoriami do notowania &#8211; Gwiazdki HOT FOCUS"},"content":{"rendered":"<section class=\"section\">\n<div class=\"item item-6\">\n<section class=\"image-item\">             <img decoding=\"async\" src=\"https:\/\/upload.cdn.baselinker.com\/products\/3029707\/d76c43292ace136f2a1af8b11c8e895f.jpg\" \/>         <\/section>\n<\/p><\/div>\n<div class=\"item item-6\">\n<section class=\"text-item\">\n<h1>Kosmetyczka, pi\u00f3rnik z akcesoriami do notowania<\/h1>\n<p>Hot Focus 175329RB<\/p>\n<p>Zestaw zapakowany w ozdobn\u0105 przezroczyst\u0105 kosmetyczk\u0119 zapinan\u0105 na zamek zawiera:<\/p>\n<ul>\n<li>notesik z czystymi kartkami,<\/li>\n<li>klej\u0105ce karteczki w 3 r\u00f3\u017cnych kszta\u0142tach,<\/li>\n<li>arkusz naklejek do dekorowania,<\/li>\n<li>d\u0142ugopis z przesypuj\u0105cym si\u0119 brokatem.<\/li>\n<\/ul>\n<p>Kosmetyczka posiada uchwyt do wygodnego przenoszenia.<\/p>\n<p>Wiek: 5+<\/p>\n<p>Wymiary: 21 x 11,5 x 5,5 cm.<\/p>\n<\/section><\/div>\n<\/section>\n<section class=\"section\">\n<div class=\"item item-12\">\n<section class=\"image-item\">             <img decoding=\"async\" src=\"https:\/\/upload.cdn.baselinker.com\/products\/3029707\/d76c43292ace136f2a1af8b11c8e895f.jpg\" \/>         <\/section>\n<\/p><\/div>\n<\/section>\n<p><strong>Dodatkowe informacje:<\/strong><\/p>\n<ul>\n<li><strong>Producent: <\/strong>Outstanding Management CO.,LTD  Room 106, 1st Floor, Building 11, No.8 Nanlu Road, Pudong New Area, Shanghai; lilian@kittyfamily.com<\/li>\n<li><strong>Podmiot odpowiedzialny za wprowadzenie produktu na rynek europejski:<\/strong>\u00a0Firma Handlowa PULIO Krzysztof Gebel ul. Kolejowa 3 55-040 Bielany Wroc\u0142awskie  tel. +48 71 352 07 80  biuro@pulio.pl  www.pulio.pl<\/li>\n<li><strong>Ostrze\u017cenia na opakowaniu: <\/strong>ZESTAW DO NOTOWANIA W KOSMETYCZCE, Wiek: 5+   Ostrze\u017cenia: Nieodpowiednie dla dzieci poni\u017cej 3 roku \u017cycia. Niebezpiecze\u0144stwo zad\u0142awienia drobnymi elementami! Przed przekazaniem dziecku nale\u017cy usun\u0105\u0107 wszystkie elementy opakowania. Opakowanie nie stanowi cz\u0119\u015bci zabawki. Producent zastrzega sobie mo\u017cliwo\u015b\u0107 zmian kolorystycznych i technicznych. Prosimy zachowa\u0107 opakowanie wraz z ostrze\u017ceniami i pozosta\u0142ymi informacjami do p\u00f3\u017aniejszej korespondencji. Wyprodukowano w Chinach.  Importer:  Firma Handlowa PULIO ul. Kolejowa 3 55-040 Bielany Wroc\u0142awskie  tel. +48 71 352 07 80  biuro@pulio.pl  www.pulio.pl<\/li>\n<li><strong>Instrukcja obs\u0142ugi jest:<\/strong> NIE<\/li>\n<li><strong>Kraj pochodzenia:<\/strong> CHINY<\/li>\n<\/ul>\n","protected":false},"excerpt":{"rendered":"<p>Kosmetyczka, pi\u00f3rnik z akcesoriami do notowania Hot Focus 175329RB Zestaw zapakowany w ozdobn\u0105 przezroczyst\u0105 kosmetyczk\u0119 zapinan\u0105 na zamek zawiera: notesik<\/p>\n","protected":false},"featured_media":8503,"comment_status":"open","ping_status":"closed","template":"","meta":[],"product_brand":[],"product_cat":[122,284],"product_tag":[],"class_list":{"0":"post-8452","1":"product","2":"type-product","3":"status-publish","4":"has-post-thumbnail","6":"product_cat-artykuly-szkolne","7":"product_cat-dla-dziewczynki","9":"first","10":"instock","11":"shipping-taxable","12":"purchasable","13":"product-type-simple"},"_links":{"self":[{"href":"https:\/\/czas.m2web.pl\/index.php?rest_route=\/wp\/v2\/product\/8452","targetHints":{"allow":["GET"]}}],"collection":[{"href":"https:\/\/czas.m2web.pl\/index.php?rest_route=\/wp\/v2\/product"}],"about":[{"href":"https:\/\/czas.m2web.pl\/index.php?rest_route=\/wp\/v2\/types\/product"}],"replies":[{"embeddable":true,"href":"https:\/\/czas.m2web.pl\/index.php?rest_route=%2Fwp%2Fv2%2Fcomments&post=8452"}],"version-history":[{"count":0,"href":"https:\/\/czas.m2web.pl\/index.php?rest_route=\/wp\/v2\/product\/8452\/revisions"}],"wp:featuredmedia":[{"embeddable":true,"href":"https:\/\/czas.m2web.pl\/index.php?rest_route=\/wp\/v2\/media\/8503"}],"wp:attachment":[{"href":"https:\/\/czas.m2web.pl\/index.php?rest_route=%2Fwp%2Fv2%2Fmedia&parent=8452"}],"wp:term":[{"taxonomy":"product_brand","embeddable":true,"href":"https:\/\/czas.m2web.pl\/index.php?rest_route=%2Fwp%2Fv2%2Fproduct_brand&post=8452"},{"taxonomy":"product_cat","embeddable":true,"href":"https:\/\/czas.m2web.pl\/index.php?rest_route=%2Fwp%2Fv2%2Fproduct_cat&post=8452"},{"taxonomy":"product_tag","embeddable":true,"href":"https:\/\/czas.m2web.pl\/index.php?rest_route=%2Fwp%2Fv2%2Fproduct_tag&post=8452"}],"curies":[{"name":"wp","href":"https:\/\/api.w.org\/{rel}","templated":true}]}}