{"id":8459,"date":"2026-01-04T23:25:40","date_gmt":"2026-01-04T22:25:40","guid":{"rendered":"https:\/\/czas.m2web.pl\/?post_type=product&#038;p=8459"},"modified":"2026-01-04T23:26:04","modified_gmt":"2026-01-04T22:26:04","slug":"ozdobny-kubek-w-motylki-gumka-do-wlosow-scrunchie-hot-focus","status":"publish","type":"product","link":"https:\/\/czas.m2web.pl\/?product=ozdobny-kubek-w-motylki-gumka-do-wlosow-scrunchie-hot-focus","title":{"rendered":"Ozdobny kubek w motylki + gumka do w\u0142os\u00f3w scrunchie HOT FOCUS"},"content":{"rendered":"<section class=\"section\">\n<div class=\"item item-6\">\n<section class=\"image-item\">             <img decoding=\"async\" src=\"https:\/\/upload.cdn.baselinker.com\/products\/3029707\/2e30c0a2cda5471e18743aedbe39f9f5.jpg\" \/>         <\/section>\n<\/p><\/div>\n<div class=\"item item-6\">\n<section class=\"text-item\">\n<h1>Ozdobny kubek w motylki + gumka do w\u0142os\u00f3w<\/h1>\n<p>HOT FOCUS 175400TB<\/p>\n<p>Kubek o pojemno\u015bci 380 ml do napoj\u00f3w, wykonany z grubego plastiku, z podw\u00f3jn\u0105 \u015bciank\u0105 dla dodatkowej ochrony. Zakr\u0119cany wypuk\u0142\u0105 nakr\u0119tk\u0105, dzi\u0119ki kt\u00f3rej nap\u00f3j si\u0119 z niego nie wyleje.<\/p>\n<p>Pod kopu\u0142\u0105 nakr\u0119tki znajduje si\u0119 ma\u0142a figurka oraz kolorowe mieni\u0105ce si\u0119 confetti dla dodatkowego dekoracyjnego efektu.<\/p>\n<p>Do kubka do\u0142\u0105czona jest wielorazowa s\u0142omka oraz mi\u0119kka gumka do w\u0142os\u00f3w typu \u2018scrunchie\u2019.<\/p>\n<p>Wiek: 5+<\/p>\n<p>Produkt nie zawiera BPA.<\/p>\n<p>Przeznaczony do kontaktu z \u017cywno\u015bci\u0105.<\/p>\n<\/section><\/div>\n<\/section>\n<section class=\"section\">\n<div class=\"item item-12\">\n<section class=\"image-item\">             <img decoding=\"async\" src=\"https:\/\/upload.cdn.baselinker.com\/products\/3029707\/2e30c0a2cda5471e18743aedbe39f9f5.jpg\" \/>         <\/section>\n<\/p><\/div>\n<\/section>\n<section class=\"section\">\n<div class=\"item item-12\">\n<section class=\"image-item\">             <img decoding=\"async\" src=\"https:\/\/upload.cdn.baselinker.com\/products\/3029707\/5677768cbdde43c5c1f0a7689d302b0f.jpg\" \/>         <\/section>\n<\/p><\/div>\n<\/section>\n<p><strong>Dodatkowe informacje:<\/strong><\/p>\n<ul>\n<li><strong>Producent: <\/strong>Outstanding Management CO.,LTD  Room 106, 1st Floor, Building 11, No.8 Nanlu Road, Pudong New Area, Shanghai; lilian@kittyfamily.com<\/li>\n<li><strong>Podmiot odpowiedzialny za wprowadzenie produktu na rynek europejski:<\/strong>\u00a0Firma Handlowa PULIO Krzysztof Gebel ul. Kolejowa 3 55-040 Bielany Wroc\u0142awskie  tel. +48 71 352 07 80  biuro@pulio.pl  www.pulio.pl<\/li>\n<li><strong>Ostrze\u017cenia na opakowaniu: <\/strong>KUBEK 380ML Z GUMK\u0104 DO W\u0141OS\u00d3W SCRUNCHIE, Wiek: 5+   Ostrze\u017cenia: Nieodpowiednie dla dzieci poni\u017cej 3 roku \u017cycia. Niebezpiecze\u0144stwo zad\u0142awienia drobnymi elementami! Przed przekazaniem dziecku nale\u017cy usun\u0105\u0107 wszystkie elementy opakowania. Opakowanie nie stanowi cz\u0119\u015bci zabawki. Producent zastrzega sobie mo\u017cliwo\u015b\u0107 zmian kolorystycznych i technicznych. Prosimy zachowa\u0107 opakowanie wraz z ostrze\u017ceniami i pozosta\u0142ymi informacjami do p\u00f3\u017aniejszej korespondencji. Wyprodukowano w Chinach.  Bez BPA. NIE wk\u0142ada\u0107 do mikrofal\u00f3wki. NIE wlewa\u0107 gor\u0105cych napoj\u00f3w. Przed pierwszym u\u017cyciem umy\u0107 kubek ciep\u0142\u0105 wod\u0105 z p\u0142ynem do naczy\u0144. My\u0107 wy\u0142\u0105cznie r\u0119cznie.  Importer:  Firma Handlowa PULIO ul. Kolejowa 3 55-040 Bielany Wroc\u0142awskie  tel. +48 71 352 07 80  biuro@pulio.pl  www.pulio.pl<\/li>\n<li><strong>Instrukcja obs\u0142ugi jest:<\/strong> NIE<\/li>\n<li><strong>Kraj pochodzenia:<\/strong> CHINY<\/li>\n<\/ul>\n","protected":false},"excerpt":{"rendered":"<p>Ozdobny kubek w motylki + gumka do w\u0142os\u00f3w HOT FOCUS 175400TB Kubek o pojemno\u015bci 380 ml do napoj\u00f3w, wykonany z<\/p>\n","protected":false},"featured_media":8540,"comment_status":"open","ping_status":"closed","template":"","meta":[],"product_brand":[],"product_cat":[122,284,417],"product_tag":[],"class_list":{"0":"post-8459","1":"product","2":"type-product","3":"status-publish","4":"has-post-thumbnail","6":"product_cat-artykuly-szkolne","7":"product_cat-dla-dziewczynki","8":"product_cat-zabawki-outdoorowe","10":"first","11":"instock","12":"shipping-taxable","13":"purchasable","14":"product-type-simple"},"_links":{"self":[{"href":"https:\/\/czas.m2web.pl\/index.php?rest_route=\/wp\/v2\/product\/8459","targetHints":{"allow":["GET"]}}],"collection":[{"href":"https:\/\/czas.m2web.pl\/index.php?rest_route=\/wp\/v2\/product"}],"about":[{"href":"https:\/\/czas.m2web.pl\/index.php?rest_route=\/wp\/v2\/types\/product"}],"replies":[{"embeddable":true,"href":"https:\/\/czas.m2web.pl\/index.php?rest_route=%2Fwp%2Fv2%2Fcomments&post=8459"}],"version-history":[{"count":0,"href":"https:\/\/czas.m2web.pl\/index.php?rest_route=\/wp\/v2\/product\/8459\/revisions"}],"wp:featuredmedia":[{"embeddable":true,"href":"https:\/\/czas.m2web.pl\/index.php?rest_route=\/wp\/v2\/media\/8540"}],"wp:attachment":[{"href":"https:\/\/czas.m2web.pl\/index.php?rest_route=%2Fwp%2Fv2%2Fmedia&parent=8459"}],"wp:term":[{"taxonomy":"product_brand","embeddable":true,"href":"https:\/\/czas.m2web.pl\/index.php?rest_route=%2Fwp%2Fv2%2Fproduct_brand&post=8459"},{"taxonomy":"product_cat","embeddable":true,"href":"https:\/\/czas.m2web.pl\/index.php?rest_route=%2Fwp%2Fv2%2Fproduct_cat&post=8459"},{"taxonomy":"product_tag","embeddable":true,"href":"https:\/\/czas.m2web.pl\/index.php?rest_route=%2Fwp%2Fv2%2Fproduct_tag&post=8459"}],"curies":[{"name":"wp","href":"https:\/\/api.w.org\/{rel}","templated":true}]}}