{"id":8523,"date":"2026-01-04T23:26:00","date_gmt":"2026-01-04T22:26:00","guid":{"rendered":"https:\/\/czas.m2web.pl\/?post_type=product&#038;p=8523"},"modified":"2026-01-04T23:26:25","modified_gmt":"2026-01-04T22:26:25","slug":"maisto-laweta-2-pietrowa-ford-bronco-wildtrak-2021-164-11454","status":"publish","type":"product","link":"https:\/\/czas.m2web.pl\/?product=maisto-laweta-2-pietrowa-ford-bronco-wildtrak-2021-164-11454","title":{"rendered":"MAISTO Laweta 2-pi\u0119trowa + Ford Bronco Wildtrak 2021 1:64 11454"},"content":{"rendered":"<section class=\"section\">\n<div class=\"item item-6\">\n<section class=\"image-item\">             <img decoding=\"async\" src=\"https:\/\/upload.cdn.baselinker.com\/products\/3029707\/eb6f087c104e7035d8efeacb7fcdd2df.jpg\" \/>         <\/section>\n<\/p><\/div>\n<div class=\"item item-6\">\n<section class=\"text-item\">\n<h1>MAISTO Design Transporters Laweta 2-pi\u0119trowa International LoneStar + Ford Bronco Wildtrak 2021<\/h1>\n<p>Nr kat.: 11454\/1<\/p>\n<p>Skala: 1\/64<\/p>\n<p>Kolor: \u017c\u00f3\u0142ty<\/p>\n<p><b>Materia\u0142: metal\/plastik<\/b><\/p>\n<p>Metalowe modele z serii MAISTO Design Transporters.<\/p>\n<p><b>W zestawie: ci\u0105gnik siod\u0142owy + laweta 2-pietrowa z opuszczan\u0105 ramp\u0105 (mieszcz\u0105ca 6 modeli aut\/resorak\u00f3w) + samoch\u00f3d osobowy Ford Bronco Wildtrak 2021.<\/b><\/p>\n<p>D\u0142ugo\u015b\u0107 zestawu: ok. 36 cm.<\/p>\n<p>D\u0142ugo\u015b\u0107 auta osobowego: ok. 6,5 cm.<\/p>\n<p>Wymiary opakowania: 38,5 x 12,5 x 6,5 cm.<\/p>\n<p>Wiek: 8+.<\/p>\n<\/section><\/div>\n<\/section>\n<section class=\"section\">\n<div class=\"item item-12\">\n<section class=\"image-item\">             <img decoding=\"async\" src=\"https:\/\/upload.cdn.baselinker.com\/products\/3029707\/eb6f087c104e7035d8efeacb7fcdd2df.jpg\" \/>         <\/section>\n<\/p><\/div>\n<\/section>\n<p><strong>Dodatkowe informacje:<\/strong><\/p>\n","protected":false},"excerpt":{"rendered":"<p>MAISTO Design Transporters Laweta 2-pi\u0119trowa International LoneStar + Ford Bronco Wildtrak 2021 Nr kat.: 11454\/1 Skala: 1\/64 Kolor: \u017c\u00f3\u0142ty Materia\u0142:<\/p>\n","protected":false},"featured_media":8603,"comment_status":"open","ping_status":"closed","template":"","meta":[],"product_brand":[],"product_cat":[19,20,23,22],"product_tag":[],"class_list":{"0":"post-8523","1":"product","2":"type-product","3":"status-publish","4":"has-post-thumbnail","6":"product_cat-dla-chlopca","7":"product_cat-pojazdy","8":"product_cat-pozostale-pojazdy","9":"product_cat-samochody","11":"first","12":"instock","13":"shipping-taxable","14":"purchasable","15":"product-type-simple"},"_links":{"self":[{"href":"https:\/\/czas.m2web.pl\/index.php?rest_route=\/wp\/v2\/product\/8523","targetHints":{"allow":["GET"]}}],"collection":[{"href":"https:\/\/czas.m2web.pl\/index.php?rest_route=\/wp\/v2\/product"}],"about":[{"href":"https:\/\/czas.m2web.pl\/index.php?rest_route=\/wp\/v2\/types\/product"}],"replies":[{"embeddable":true,"href":"https:\/\/czas.m2web.pl\/index.php?rest_route=%2Fwp%2Fv2%2Fcomments&post=8523"}],"version-history":[{"count":0,"href":"https:\/\/czas.m2web.pl\/index.php?rest_route=\/wp\/v2\/product\/8523\/revisions"}],"wp:featuredmedia":[{"embeddable":true,"href":"https:\/\/czas.m2web.pl\/index.php?rest_route=\/wp\/v2\/media\/8603"}],"wp:attachment":[{"href":"https:\/\/czas.m2web.pl\/index.php?rest_route=%2Fwp%2Fv2%2Fmedia&parent=8523"}],"wp:term":[{"taxonomy":"product_brand","embeddable":true,"href":"https:\/\/czas.m2web.pl\/index.php?rest_route=%2Fwp%2Fv2%2Fproduct_brand&post=8523"},{"taxonomy":"product_cat","embeddable":true,"href":"https:\/\/czas.m2web.pl\/index.php?rest_route=%2Fwp%2Fv2%2Fproduct_cat&post=8523"},{"taxonomy":"product_tag","embeddable":true,"href":"https:\/\/czas.m2web.pl\/index.php?rest_route=%2Fwp%2Fv2%2Fproduct_tag&post=8523"}],"curies":[{"name":"wp","href":"https:\/\/api.w.org\/{rel}","templated":true}]}}