{"id":8583,"date":"2026-01-04T23:26:23","date_gmt":"2026-01-04T22:26:23","guid":{"rendered":"https:\/\/czas.m2web.pl\/?post_type=product&#038;p=8583"},"modified":"2026-01-04T23:26:38","modified_gmt":"2026-01-04T22:26:38","slug":"komplet-bizuterii-w-ozdobnym-pudelku-kwiatki-hot-focus","status":"publish","type":"product","link":"https:\/\/czas.m2web.pl\/?product=komplet-bizuterii-w-ozdobnym-pudelku-kwiatki-hot-focus","title":{"rendered":"Komplet bi\u017cuterii w ozdobnym pude\u0142ku &#8211; kwiatki Hot Focus"},"content":{"rendered":"<section class=\"section\">\n<div class=\"item item-6\">\n<section class=\"image-item\">             <img decoding=\"async\" src=\"https:\/\/upload.cdn.baselinker.com\/products\/3029707\/3829d058907290f4a336524a8ffcf51f.jpg\" \/>         <\/section>\n<\/p><\/div>\n<div class=\"item item-6\">\n<section class=\"text-item\">\n<h1>Komplet bi\u017cuterii w ozdobnym pude\u0142ku &#8211; kwiatki<\/h1>\n<p>Hot Focus 175900NGF<\/p>\n<p><b>Zamykane na zatrzask przezroczyste pude\u0142ko z bi\u017cuteri\u0105.<\/b><\/p>\n<p>Mo\u017ce s\u0142u\u017cy\u0107 tak\u017ce do przechowywania bi\u017cuterii.<\/p>\n<p>Zestaw zawiera:<\/p>\n<ul>\n<li>pude\u0142ko na bi\u017cuteri\u0119 w kszta\u0142cie kwiatka \u015bwiec\u0105ce w ciemno\u015bci.<\/li>\n<li>1 naszyjnik<\/li>\n<li>1 bransoletka<\/li>\n<li>naklejki na uszy imituj\u0105ce kolczyki (4 pary)<\/li>\n<li>pier\u015bcionek<\/li>\n<\/ul>\n<p>Wymiary pude\u0142ka: 14 x 14 x 4,5 cm.<\/p>\n<p>Wiek: 5+.<\/p>\n<\/section><\/div>\n<\/section>\n<section class=\"section\">\n<div class=\"item item-12\">\n<section class=\"image-item\">             <img decoding=\"async\" src=\"https:\/\/upload.cdn.baselinker.com\/products\/3029707\/c3c09838fb118d053f1c232008eb2122.jpg\" \/>         <\/section>\n<\/p><\/div>\n<\/section>\n<section class=\"section\">\n<div class=\"item item-12\">\n<section class=\"image-item\">             <img decoding=\"async\" src=\"https:\/\/upload.cdn.baselinker.com\/products\/3029707\/cdac154f68c2a09389398e8be47e4853.jpg\" \/>         <\/section>\n<\/p><\/div>\n<\/section>\n<section class=\"section\">\n<div class=\"item item-12\">\n<section class=\"image-item\">             <img decoding=\"async\" src=\"https:\/\/upload.cdn.baselinker.com\/products\/3029707\/3829d058907290f4a336524a8ffcf51f.jpg\" \/>         <\/section>\n<\/p><\/div>\n<\/section>\n<p><strong>Dodatkowe informacje:<\/strong><\/p>\n<ul>\n<li><strong>Producent: <\/strong>Outstanding Management CO.,LTD  Room 106, 1st Floor, Building 11, No.8 Nanlu Road, Pudong New Area, Shanghai; lilian@kittyfamily.com<\/li>\n<li><strong>Podmiot odpowiedzialny za wprowadzenie produktu na rynek europejski:<\/strong>\u00a0Firma Handlowa PULIO Krzysztof Gebel ul. Kolejowa 3 55-040 Bielany Wroc\u0142awskie  tel. +48 71 352 07 80  biuro@pulio.pl  www.pulio.pl<\/li>\n<li><strong>Ostrze\u017cenia na opakowaniu: <\/strong>PUZDERKO Z BI\u017bUTERI\u0104, Wiek: 5+   Ostrze\u017cenia: Nieodpowiednie dla dzieci poni\u017cej 3 roku \u017cycia. Niebezpiecze\u0144stwo zad\u0142awienia drobnymi elementami! Przed przekazaniem dziecku nale\u017cy usun\u0105\u0107 wszystkie elementy opakowania. Opakowanie nie stanowi cz\u0119\u015bci zabawki. Producent zastrzega sobie mo\u017cliwo\u015b\u0107 zmian kolorystycznych i technicznych. Prosimy zachowa\u0107 opakowanie wraz z ostrze\u017ceniami i pozosta\u0142ymi informacjami do p\u00f3\u017aniejszej korespondencji. Wyprodukowano w Chinach.   Importer:  Firma Handlowa PULIO ul. Kolejowa 3 55-040 Bielany Wroc\u0142awskie  tel. +48 71 352 07 80  biuro@pulio.pl  www.pulio.pl<\/li>\n<li><strong>Instrukcja obs\u0142ugi jest:<\/strong> NIE<\/li>\n<li><strong>Kraj pochodzenia:<\/strong> CHINY<\/li>\n<\/ul>\n","protected":false},"excerpt":{"rendered":"<p>Komplet bi\u017cuterii w ozdobnym pude\u0142ku &#8211; kwiatki Hot Focus 175900NGF Zamykane na zatrzask przezroczyste pude\u0142ko z bi\u017cuteri\u0105. Mo\u017ce s\u0142u\u017cy\u0107 tak\u017ce<\/p>\n","protected":false},"featured_media":8634,"comment_status":"open","ping_status":"closed","template":"","meta":[],"product_brand":[],"product_cat":[284,285],"product_tag":[],"class_list":{"0":"post-8583","1":"product","2":"type-product","3":"status-publish","4":"has-post-thumbnail","6":"product_cat-dla-dziewczynki","7":"product_cat-zabawki-kreatywne","9":"first","10":"instock","11":"shipping-taxable","12":"purchasable","13":"product-type-simple"},"_links":{"self":[{"href":"https:\/\/czas.m2web.pl\/index.php?rest_route=\/wp\/v2\/product\/8583","targetHints":{"allow":["GET"]}}],"collection":[{"href":"https:\/\/czas.m2web.pl\/index.php?rest_route=\/wp\/v2\/product"}],"about":[{"href":"https:\/\/czas.m2web.pl\/index.php?rest_route=\/wp\/v2\/types\/product"}],"replies":[{"embeddable":true,"href":"https:\/\/czas.m2web.pl\/index.php?rest_route=%2Fwp%2Fv2%2Fcomments&post=8583"}],"version-history":[{"count":0,"href":"https:\/\/czas.m2web.pl\/index.php?rest_route=\/wp\/v2\/product\/8583\/revisions"}],"wp:featuredmedia":[{"embeddable":true,"href":"https:\/\/czas.m2web.pl\/index.php?rest_route=\/wp\/v2\/media\/8634"}],"wp:attachment":[{"href":"https:\/\/czas.m2web.pl\/index.php?rest_route=%2Fwp%2Fv2%2Fmedia&parent=8583"}],"wp:term":[{"taxonomy":"product_brand","embeddable":true,"href":"https:\/\/czas.m2web.pl\/index.php?rest_route=%2Fwp%2Fv2%2Fproduct_brand&post=8583"},{"taxonomy":"product_cat","embeddable":true,"href":"https:\/\/czas.m2web.pl\/index.php?rest_route=%2Fwp%2Fv2%2Fproduct_cat&post=8583"},{"taxonomy":"product_tag","embeddable":true,"href":"https:\/\/czas.m2web.pl\/index.php?rest_route=%2Fwp%2Fv2%2Fproduct_tag&post=8583"}],"curies":[{"name":"wp","href":"https:\/\/api.w.org\/{rel}","templated":true}]}}