{"id":8592,"date":"2026-01-04T23:26:23","date_gmt":"2026-01-04T22:26:23","guid":{"rendered":"https:\/\/czas.m2web.pl\/?post_type=product&#038;p=8592"},"modified":"2026-01-04T23:26:53","modified_gmt":"2026-01-04T22:26:53","slug":"maisto-chevrolet-camaro-ss-2016-1-18-31689-rd","status":"publish","type":"product","link":"https:\/\/czas.m2web.pl\/?product=maisto-chevrolet-camaro-ss-2016-1-18-31689-rd","title":{"rendered":"MAISTO Chevrolet Camaro SS 2016 1\/18 31689 RD"},"content":{"rendered":"<section class=\"section\">\n<div class=\"item item-6\">\n<section class=\"image-item\"><img decoding=\"async\" src=\"https:\/\/upload.cdn.baselinker.com\/products\/3029707\/02053b6c4fe5bda7e4ec09663ea53cce.jpg\" \/><\/section>\n<\/div>\n<div class=\"item item-6\">\n<section class=\"text-item\">\n<h1>MAISTO Chevrolet Camaro SS 2016<\/h1>\n<p> Nr kat.: 31689RD<\/p>\n<p> Skala: 1\/18<\/p>\n<p> Kolor: czerwony<\/p>\n<p> <b>Materia\u0142: metal (nadwozie)\/plastik\/guma<\/b><\/p>\n<p> Wysokiej jako\u015bci metalowy model pojazdu wykonany przez firm\u0119 MaiSto.<\/p>\n<p> Charakteryzuje si\u0119 ruchomymi elementami oraz dba\u0142o\u015bci\u0105 o ka\u017cdy szczeg\u00f3\u0142.<\/p>\n<p> <b>Model posiada dzia\u0142aj\u0105cy uk\u0142ad kierowniczy \u2013 skr\u0119tne ko\u0142a i kierownic\u0119.<\/b><\/p>\n<p> <b>Dodatkowo wyposa\u017cony jest w amortyzowane zawieszenie.<\/b><\/p>\n<p> <b>Ca\u0142o\u015bci dope\u0142niaj\u0105 otwierane elementy \u2013 drzwi, klapa silnika i baga\u017cnik.<\/b><\/p>\n<p> <b>Dzi\u0119ki podstawce ekspozycyjnej znajduj\u0105cej si\u0119 w zestawie model doskonale prezentuje si\u0119 jako eksponat na p\u00f3\u0142ce lub biurku kolekcjonera<\/b><\/p>\n<p> Wymiary opakowania: szer. 33 cm, wys. 12,5 cm, g\u0142. 16,5 cm.<\/p>\n<p> Wiek: 3+.<\/p>\n<\/section>\n<\/div>\n<\/section>\n<section class=\"section\">\n<div class=\"item item-12\">\n<section class=\"image-item\"><img decoding=\"async\" src=\"https:\/\/upload.cdn.baselinker.com\/products\/3029707\/dc113d90e91d8f5bb7ed9013ddbdb12c.jpg\" \/><\/section>\n<\/div>\n<\/section>\n<section class=\"section\">\n<div class=\"item item-12\">\n<section class=\"image-item\"><img decoding=\"async\" src=\"https:\/\/upload.cdn.baselinker.com\/products\/3029707\/563662bfc042b7a65928a72af1743c9f.jpg\" \/><\/section>\n<\/div>\n<\/section>\n<section class=\"section\">\n<div class=\"item item-12\">\n<section class=\"image-item\"><img decoding=\"async\" src=\"https:\/\/upload.cdn.baselinker.com\/products\/3029707\/c6a6a5fb065749b200d2ad3f6ecef4b1.jpg\" \/><\/section>\n<\/div>\n<\/section>\n<section class=\"section\">\n<div class=\"item item-12\">\n<section class=\"image-item\"><img decoding=\"async\" src=\"https:\/\/upload.cdn.baselinker.com\/products\/3029707\/bf4378778dfa52bab9996c613aa513c5.jpg\" \/><\/section>\n<\/div>\n<\/section>\n<p><strong>Dodatkowe informacje:<\/strong><\/p>\n<ul>\n<li><strong>Producent: <\/strong>May Cheong Group Limited Unit 901-2, 9\/F, East Ocean Centre,  98 Granville Road, Tsimshatsui East, Kowloon, Hong Kong info@maycheonggroup.com.hk<\/li>\n<li><strong>Podmiot odpowiedzialny za wprowadzenie produktu na rynek europejski:<\/strong>\u00a0Firma Handlowa PULIO Krzysztof Gebel ul. Kolejowa 3 55-040 Bielany Wroc\u0142awskie  tel. +48 71 352 07 80  biuro@pulio.pl  www.pulio.pl<\/li>\n<li><strong>Ostrze\u017cenia na opakowaniu: <\/strong>Ostrze\u017cenia: Uwaga! Nieodpowiednie dla dzieci w wieku poni\u017cej 3 lat. Niebezpiecze\u0144stwo zad\u0142awienia drobnymi elementami. Prosimy zachowa\u0107 opakowanie wraz z ostrze\u017ceniami i pozosta\u0142ymi informacjami do p\u00f3\u017aniejszej korespondencji. Przed przekazaniem dziecku nale\u017cy usun\u0105\u0107 wszystkie elementy opakowania. Opakowanie nie stanowi cz\u0119\u015bci zabawki. Producent zastrzega sobie prawo do zmian technicznych i kolorystyki bez uprzedzenia. Kolory i zawarto\u015b\u0107 mog\u0105 r\u00f3\u017cni\u0107 si\u0119 od ilustracji na opakowaniu. Wyprodukowano w Chinach.<\/li>\n<li><strong>Instrukcja obs\u0142ugi jest:<\/strong> NIE<\/li>\n<li><strong>Kraj pochodzenia:<\/strong> CHINY<\/li>\n<\/ul>\n","protected":false},"excerpt":{"rendered":"<p>MAISTO Chevrolet Camaro SS 2016 Nr kat.: 31689RD Skala: 1\/18 Kolor: czerwony Materia\u0142: metal (nadwozie)\/plastik\/guma Wysokiej jako\u015bci metalowy model pojazdu<\/p>\n","protected":false},"featured_media":8685,"comment_status":"open","ping_status":"closed","template":"","meta":[],"product_brand":[],"product_cat":[19,286,21,22],"product_tag":[],"class_list":{"0":"post-8592","1":"product","2":"type-product","3":"status-publish","4":"has-post-thumbnail","6":"product_cat-dla-chlopca","7":"product_cat-modele-118","8":"product_cat-pojazdy-2","9":"product_cat-samochody","11":"first","12":"instock","13":"shipping-taxable","14":"purchasable","15":"product-type-simple"},"_links":{"self":[{"href":"https:\/\/czas.m2web.pl\/index.php?rest_route=\/wp\/v2\/product\/8592","targetHints":{"allow":["GET"]}}],"collection":[{"href":"https:\/\/czas.m2web.pl\/index.php?rest_route=\/wp\/v2\/product"}],"about":[{"href":"https:\/\/czas.m2web.pl\/index.php?rest_route=\/wp\/v2\/types\/product"}],"replies":[{"embeddable":true,"href":"https:\/\/czas.m2web.pl\/index.php?rest_route=%2Fwp%2Fv2%2Fcomments&post=8592"}],"version-history":[{"count":0,"href":"https:\/\/czas.m2web.pl\/index.php?rest_route=\/wp\/v2\/product\/8592\/revisions"}],"wp:featuredmedia":[{"embeddable":true,"href":"https:\/\/czas.m2web.pl\/index.php?rest_route=\/wp\/v2\/media\/8685"}],"wp:attachment":[{"href":"https:\/\/czas.m2web.pl\/index.php?rest_route=%2Fwp%2Fv2%2Fmedia&parent=8592"}],"wp:term":[{"taxonomy":"product_brand","embeddable":true,"href":"https:\/\/czas.m2web.pl\/index.php?rest_route=%2Fwp%2Fv2%2Fproduct_brand&post=8592"},{"taxonomy":"product_cat","embeddable":true,"href":"https:\/\/czas.m2web.pl\/index.php?rest_route=%2Fwp%2Fv2%2Fproduct_cat&post=8592"},{"taxonomy":"product_tag","embeddable":true,"href":"https:\/\/czas.m2web.pl\/index.php?rest_route=%2Fwp%2Fv2%2Fproduct_tag&post=8592"}],"curies":[{"name":"wp","href":"https:\/\/api.w.org\/{rel}","templated":true}]}}