{"id":8594,"date":"2026-01-04T23:26:23","date_gmt":"2026-01-04T22:26:23","guid":{"rendered":"https:\/\/czas.m2web.pl\/?post_type=product&#038;p=8594"},"modified":"2026-01-04T23:26:55","modified_gmt":"2026-01-04T22:26:55","slug":"wycieraczka-pod-drzwi-welcome-kon-60-x-40-cm-fg07382","status":"publish","type":"product","link":"https:\/\/czas.m2web.pl\/?product=wycieraczka-pod-drzwi-welcome-kon-60-x-40-cm-fg07382","title":{"rendered":"Wycieraczka pod drzwi WELCOME &#8211; KO\u0143 60 x 40 cm FG07382"},"content":{"rendered":"<section class=\"section\">\n<div class=\"item item-6\">\n<section class=\"image-item\">             <img decoding=\"async\" src=\"https:\/\/upload.cdn.baselinker.com\/products\/3029707\/45846d608780b55ff444a45fef64fa9b.jpg\" \/>         <\/section>\n<\/p><\/div>\n<div class=\"item item-6\">\n<section class=\"text-item\">\n<h1>Wycieraczka pod drzwi WELCOME &#8211; KO\u0143<\/h1>\n<p>Nr kat.: FG07382<\/p>\n<p>Rozmiar: 60 x 40 x 1,5 cm<\/p>\n<p>Materia\u0142: 60% w\u0142\u00f3kno kokosowe + 40% PVC<\/p>\n<p><b>Wycieraczka wykonana z naturalnego w\u0142\u00f3kna kokosowego po\u0142\u0105czonego z antypo\u015blizgow\u0105 mat\u0105 z PVC.<\/b><\/p>\n<p>Wycieraczka przeznaczona zar\u00f3wno do wn\u0119trz jak i przed zadaszone drzwi zewn\u0119trzne.<\/p>\n<p>Nie nale\u017cy jej nara\u017ca\u0107 na ci\u0105g\u0142e \u015bwiat\u0142o s\u0142oneczne i deszcz.<\/p>\n<p>Wycieraczka kokosowa zatrzymuje brud z but\u00f3w, dobrze wch\u0142ania wilgo\u0107 i szybko wysycha.<\/p>\n<p>Jest \u0142atwa do utrzymania w czysto\u015bci &#8211; wystarczy j\u0105 odkurzy\u0107 lub wytrzepa\u0107.<\/p>\n<p>Kraj produkcji: Indie.<\/p>\n<\/section><\/div>\n<\/section>\n<section class=\"section\">\n<div class=\"item item-12\">\n<section class=\"image-item\">             <img decoding=\"async\" src=\"https:\/\/upload.cdn.baselinker.com\/products\/3029707\/45846d608780b55ff444a45fef64fa9b.jpg\" \/>         <\/section>\n<\/p><\/div>\n<\/section>\n<section class=\"section\">\n<div class=\"item item-12\">\n<section class=\"image-item\">             <img decoding=\"async\" src=\"https:\/\/upload.cdn.baselinker.com\/products\/3029707\/34385413673e7b06141dddad58b2c228.jpg\" \/>         <\/section>\n<\/p><\/div>\n<\/section>\n<p><strong>Dodatkowe informacje:<\/strong><\/p>\n<ul>\n<li><strong>Producent: <\/strong>FLOOR GARDENS  MAYITHARA PO, CHERTHALA ALAPPUZHA, KERALA, INDIA 688539; siby@floorgardens.com<\/li>\n<li><strong>Podmiot odpowiedzialny za wprowadzenie produktu na rynek europejski:<\/strong>\u00a0Firma Handlowa PULIO Krzysztof Gebel ul. Kolejowa 3 55-040 Bielany Wroc\u0142awskie  tel. +48 71 352 07 80  biuro@pulio.pl  www.pulio.pl<\/li>\n<li><strong>Ostrze\u017cenia na opakowaniu: <\/strong>Materia\u0142:  60% w\u0142\u00f3kno kokosowe 40% PVC  UWAGA: Ze wzgl\u0119du na specyfik\u0119 produktu istnieje mo\u017cliwo\u015b\u0107 wychodzenia pojedynczych w\u0142\u00f3kien.  Wskaz\u00f3wki u\u017cytkowania: Aby wyczy\u015bci\u0107 wycieraczk\u0119 nale\u017cy j\u0105 odkurzy\u0107 lub wytrzepa\u0107. Nie nara\u017ca\u0107 na \u015bwiat\u0142o  s\u0142oneczne oraz deszcz, chroni\u0107 przed przemoczeniem. Nie pra\u0107 w pralce. Wyprodukowane w Indiach.<\/li>\n<li><strong>Instrukcja obs\u0142ugi jest:<\/strong> NIE<\/li>\n<li><strong>Kraj pochodzenia:<\/strong> INDIE<\/li>\n<\/ul>\n","protected":false},"excerpt":{"rendered":"<p>Wycieraczka pod drzwi WELCOME &#8211; KO\u0143 Nr kat.: FG07382 Rozmiar: 60 x 40 x 1,5 cm Materia\u0142: 60% w\u0142\u00f3kno kokosowe<\/p>\n","protected":false},"featured_media":8695,"comment_status":"open","ping_status":"closed","template":"","meta":[],"product_brand":[],"product_cat":[417],"product_tag":[],"class_list":{"0":"post-8594","1":"product","2":"type-product","3":"status-publish","4":"has-post-thumbnail","6":"product_cat-zabawki-outdoorowe","8":"first","9":"instock","10":"shipping-taxable","11":"purchasable","12":"product-type-simple"},"_links":{"self":[{"href":"https:\/\/czas.m2web.pl\/index.php?rest_route=\/wp\/v2\/product\/8594","targetHints":{"allow":["GET"]}}],"collection":[{"href":"https:\/\/czas.m2web.pl\/index.php?rest_route=\/wp\/v2\/product"}],"about":[{"href":"https:\/\/czas.m2web.pl\/index.php?rest_route=\/wp\/v2\/types\/product"}],"replies":[{"embeddable":true,"href":"https:\/\/czas.m2web.pl\/index.php?rest_route=%2Fwp%2Fv2%2Fcomments&post=8594"}],"version-history":[{"count":0,"href":"https:\/\/czas.m2web.pl\/index.php?rest_route=\/wp\/v2\/product\/8594\/revisions"}],"wp:featuredmedia":[{"embeddable":true,"href":"https:\/\/czas.m2web.pl\/index.php?rest_route=\/wp\/v2\/media\/8695"}],"wp:attachment":[{"href":"https:\/\/czas.m2web.pl\/index.php?rest_route=%2Fwp%2Fv2%2Fmedia&parent=8594"}],"wp:term":[{"taxonomy":"product_brand","embeddable":true,"href":"https:\/\/czas.m2web.pl\/index.php?rest_route=%2Fwp%2Fv2%2Fproduct_brand&post=8594"},{"taxonomy":"product_cat","embeddable":true,"href":"https:\/\/czas.m2web.pl\/index.php?rest_route=%2Fwp%2Fv2%2Fproduct_cat&post=8594"},{"taxonomy":"product_tag","embeddable":true,"href":"https:\/\/czas.m2web.pl\/index.php?rest_route=%2Fwp%2Fv2%2Fproduct_tag&post=8594"}],"curies":[{"name":"wp","href":"https:\/\/api.w.org\/{rel}","templated":true}]}}