{"id":862,"date":"2026-01-04T22:49:09","date_gmt":"2026-01-04T21:49:09","guid":{"rendered":"https:\/\/czas.m2web.pl\/?post_type=product&#038;p=862"},"modified":"2026-01-04T22:49:26","modified_gmt":"2026-01-04T21:49:26","slug":"latawiec-myszka-mickey-115-x-63-cm-gunther-1110","status":"publish","type":"product","link":"https:\/\/czas.m2web.pl\/?product=latawiec-myszka-mickey-115-x-63-cm-gunther-1110","title":{"rendered":"Latawiec Myszka Mickey 115 x 63 cm Gunther 1110"},"content":{"rendered":"<section class=\"section\">\n<div class=\"item item-6\">\n<section class=\"image-item\"><img decoding=\"async\" src=\"https:\/\/upload.cdn.baselinker.com\/products\/3029707\/8037b8cd6241fd03f6cfdcb7023c7c6d.jpg\"><\/section>\n<\/p><\/div>\n<div class=\"item item-6\">\n<section class=\"text-item\">\n<h1>GUNTHER Latawiec Myszka Mickey<\/h1>\n<p>Nr kat.: 1110<\/p>\n<p><b>Licencyjny latawiec z bohaterami bajki Myszka Mickey niemieckiej firmy Gunther.<\/b><\/p>\n<p>Wykonany z wytrzyma\u0142ej folii polietylenowej.<\/p>\n<p>Latawiec doskona\u0142y do zabawy na \u015bwie\u017cym powietrzu i \u0142atwy w sterowaniu.<\/p>\n<p><b>Wymiary latawca: 115 cm x 63 cm.<\/b><\/p>\n<p>Idealny do u\u017cytkowania przy wietrze o pr\u0119dko\u015bci od 20 do 40 km\/h.<\/p>\n<p>Linka zako\u0144czona jest plastikowym uchwytem do trzymania.<\/p>\n<p><b>Wiek: 4+.<\/b><\/p>\n<\/section><\/div>\n<\/section>\n<section class=\"section\">\n<div class=\"item item-12\">\n<section class=\"image-item\"><img decoding=\"async\" src=\"https:\/\/upload.cdn.baselinker.com\/products\/3029707\/8037b8cd6241fd03f6cfdcb7023c7c6d.jpg\"><\/section>\n<\/p><\/div>\n<\/section>\n<section class=\"section\">\n<div class=\"item item-12\">\n<section class=\"image-item\"><img decoding=\"async\" src=\"https:\/\/upload.cdn.baselinker.com\/products\/3029707\/43e9e545865d2ce0503fb4397b704412.jpg\"><\/section>\n<\/p><\/div>\n<\/section>\n<p><strong>Dodatkowe informacje:<\/strong><\/p>\n","protected":false},"excerpt":{"rendered":"<p>GUNTHER Latawiec Myszka Mickey Nr kat.: 1110 Licencyjny latawiec z bohaterami bajki Myszka Mickey niemieckiej firmy Gunther. Wykonany z wytrzyma\u0142ej<\/p>\n","protected":false},"featured_media":897,"comment_status":"open","ping_status":"closed","template":"","meta":[],"product_brand":[],"product_cat":[645,417],"product_tag":[],"class_list":{"0":"post-862","1":"product","2":"type-product","3":"status-publish","4":"has-post-thumbnail","6":"product_cat-latawce-gunther","7":"product_cat-zabawki-outdoorowe","9":"first","10":"instock","11":"shipping-taxable","12":"purchasable","13":"product-type-simple"},"_links":{"self":[{"href":"https:\/\/czas.m2web.pl\/index.php?rest_route=\/wp\/v2\/product\/862","targetHints":{"allow":["GET"]}}],"collection":[{"href":"https:\/\/czas.m2web.pl\/index.php?rest_route=\/wp\/v2\/product"}],"about":[{"href":"https:\/\/czas.m2web.pl\/index.php?rest_route=\/wp\/v2\/types\/product"}],"replies":[{"embeddable":true,"href":"https:\/\/czas.m2web.pl\/index.php?rest_route=%2Fwp%2Fv2%2Fcomments&post=862"}],"version-history":[{"count":0,"href":"https:\/\/czas.m2web.pl\/index.php?rest_route=\/wp\/v2\/product\/862\/revisions"}],"wp:featuredmedia":[{"embeddable":true,"href":"https:\/\/czas.m2web.pl\/index.php?rest_route=\/wp\/v2\/media\/897"}],"wp:attachment":[{"href":"https:\/\/czas.m2web.pl\/index.php?rest_route=%2Fwp%2Fv2%2Fmedia&parent=862"}],"wp:term":[{"taxonomy":"product_brand","embeddable":true,"href":"https:\/\/czas.m2web.pl\/index.php?rest_route=%2Fwp%2Fv2%2Fproduct_brand&post=862"},{"taxonomy":"product_cat","embeddable":true,"href":"https:\/\/czas.m2web.pl\/index.php?rest_route=%2Fwp%2Fv2%2Fproduct_cat&post=862"},{"taxonomy":"product_tag","embeddable":true,"href":"https:\/\/czas.m2web.pl\/index.php?rest_route=%2Fwp%2Fv2%2Fproduct_tag&post=862"}],"curies":[{"name":"wp","href":"https:\/\/api.w.org\/{rel}","templated":true}]}}