{"id":8725,"date":"2026-01-04T23:27:06","date_gmt":"2026-01-04T22:27:06","guid":{"rendered":"https:\/\/czas.m2web.pl\/?post_type=product&#038;p=8725"},"modified":"2026-01-04T23:27:19","modified_gmt":"2026-01-04T22:27:19","slug":"smartwatch-dla-dziewczynki-2-bransoletki-android-ios-bluetooth-hot-focus","status":"publish","type":"product","link":"https:\/\/czas.m2web.pl\/?product=smartwatch-dla-dziewczynki-2-bransoletki-android-ios-bluetooth-hot-focus","title":{"rendered":"SMARTWATCH DLA DZIEWCZYNKI + 2 BRANSOLETKI ANDROID IOS BLUETOOTH HOT FOCUS"},"content":{"rendered":"<section class=\"section\">\n<div class=\"item item-6\">\n<section class=\"image-item\">\n            <img decoding=\"async\" src=\"https:\/\/upload.cdn.baselinker.com\/products\/3029707\/7f31a8b6978da77208316bb20c54aba7.jpg\" \/><br \/>\n        <\/section>\n<\/p><\/div>\n<div class=\"item item-6\">\n<section class=\"text-item\">\n<h1>Smartwatch z bransoletkami<\/h1>\n<p>Hot Focus 175614CV<\/p>\n<p><b>Smartwatch z kolorowym ekranem ciek\u0142okrystalicznym\u00a0w zestawie z dwoma bransoletkami!<\/b><\/p>\n<p>Zapakowany w etui ze \u015bwiec\u0105c\u0105 w ciemno\u015bci obw\u00f3dk\u0105.<\/p>\n<p>Smartwatch obs\u0142ugiwany za pomoc\u0105 dotykowego przycisku.<\/p>\n<p><b>Posiada 12 funkcji:<\/b><\/p>\n<ul>\n<li>powiadomienie o wiadomo\u015bci\/po\u0142\u0105czeniu<\/li>\n<li>monitoring t\u0119tna\/ci\u015bnienia krwi\/SpO2<\/li>\n<li>zdalna migawka<\/li>\n<li>tryb sportowy<\/li>\n<li>alarm<\/li>\n<li>kroki\/kalorie\/odleg\u0142o\u015b\u0107<\/li>\n<li>sterowanie muzyk\u0105<\/li>\n<li>monitor snu<\/li>\n<li>pogoda<\/li>\n<li>data\/czas<\/li>\n<li>znajd\u017a m\u00f3j telefon\/zegarek<\/li>\n<li>przypomnienie o siedz\u0105cym trybie \u017cycia<\/li>\n<\/ul>\n<p><b>Do \u0142\u0105czenia z telefonem (via Bluetooth) s\u0142u\u017cy aplikacja &#8222;FitPro&#8221; &#8211; do pobrania ze sklepu App Store (iPhone) lub sklepu Play (Android).<\/b><\/p>\n<\/section><\/div>\n<\/section>\n<section class=\"section\">\n<div class=\"item item-6\">\n<section class=\"image-item\">\n            <img decoding=\"async\" src=\"https:\/\/upload.cdn.baselinker.com\/products\/3029707\/33f806510af9bca5be3d705f84d459e3.jpg\" \/><br \/>\n        <\/section>\n<\/p><\/div>\n<div class=\"item item-6\">\n<section class=\"text-item\">\n<p><b>Specyfikacja produktu:<\/b><\/p>\n<ul>\n<li>Bluetooth: v5.0<\/li>\n<li>Akumulator: 90 mAh, Li-Ion 3,7 V<\/li>\n<li>Czas \u0142adowania: 40 minut<\/li>\n<li>Czas pracy: 2-4 dni<\/li>\n<li>Czas czuwania: 10 dni<\/li>\n<li>Zasi\u0119g Bluetooth: 10 metr\u00f3w<\/li>\n<\/ul>\n<p><b>Zegarek <\/b><b>do \u0142adowania<\/b><b> nie wymaga dodatkowego kabla, wystarczy pod\u0142\u0105czy\u0107 <\/b><b>go <\/b><b>do dowolnego portu USB (wtyczka do \u0142adowania ukryta jest w pasku zegarka).<\/b><\/p>\n<p>Smartwatch idealny dla dzieci, kt\u00f3re chc\u0105 monitorowa\u0107 swoj\u0105 kondycj\u0119!<\/p>\n<p>Pe\u0142na instrukcja u\u017cytkowania, funkcji oraz sparowania z telefonem jest do\u0142\u0105czona do opakowania.<\/p>\n<p>Wiek: 14+.<\/p>\n<\/section><\/div>\n<\/section>\n<section class=\"section\">\n<div class=\"item item-12\">\n<section class=\"image-item\">\n            <img decoding=\"async\" src=\"https:\/\/upload.cdn.baselinker.com\/products\/3029707\/7f31a8b6978da77208316bb20c54aba7.jpg\" \/><br \/>\n        <\/section>\n<\/p><\/div>\n<\/section>\n<section class=\"section\">\n<div class=\"item item-12\">\n<section class=\"image-item\">\n            <img decoding=\"async\" src=\"https:\/\/upload.cdn.baselinker.com\/products\/3029707\/33f806510af9bca5be3d705f84d459e3.jpg\" \/><br \/>\n        <\/section>\n<\/p><\/div>\n<\/section>\n<section class=\"section\">\n<div class=\"item item-12\">\n<section class=\"image-item\">\n            <img decoding=\"async\" src=\"https:\/\/upload.cdn.baselinker.com\/products\/3029707\/cf4d1688e689c7b5f278ba060446a288.jpg\" \/><br \/>\n        <\/section>\n<\/p><\/div>\n<\/section>\n","protected":false},"excerpt":{"rendered":"<p>Smartwatch z bransoletkami Hot Focus 175614CV Smartwatch z kolorowym ekranem ciek\u0142okrystalicznym\u00a0w zestawie z dwoma bransoletkami! Zapakowany w etui ze \u015bwiec\u0105c\u0105<\/p>\n","protected":false},"featured_media":8766,"comment_status":"open","ping_status":"closed","template":"","meta":[],"product_brand":[],"product_cat":[284],"product_tag":[],"class_list":{"0":"post-8725","1":"product","2":"type-product","3":"status-publish","4":"has-post-thumbnail","6":"product_cat-dla-dziewczynki","8":"first","9":"instock","10":"shipping-taxable","11":"purchasable","12":"product-type-simple"},"_links":{"self":[{"href":"https:\/\/czas.m2web.pl\/index.php?rest_route=\/wp\/v2\/product\/8725","targetHints":{"allow":["GET"]}}],"collection":[{"href":"https:\/\/czas.m2web.pl\/index.php?rest_route=\/wp\/v2\/product"}],"about":[{"href":"https:\/\/czas.m2web.pl\/index.php?rest_route=\/wp\/v2\/types\/product"}],"replies":[{"embeddable":true,"href":"https:\/\/czas.m2web.pl\/index.php?rest_route=%2Fwp%2Fv2%2Fcomments&post=8725"}],"version-history":[{"count":0,"href":"https:\/\/czas.m2web.pl\/index.php?rest_route=\/wp\/v2\/product\/8725\/revisions"}],"wp:featuredmedia":[{"embeddable":true,"href":"https:\/\/czas.m2web.pl\/index.php?rest_route=\/wp\/v2\/media\/8766"}],"wp:attachment":[{"href":"https:\/\/czas.m2web.pl\/index.php?rest_route=%2Fwp%2Fv2%2Fmedia&parent=8725"}],"wp:term":[{"taxonomy":"product_brand","embeddable":true,"href":"https:\/\/czas.m2web.pl\/index.php?rest_route=%2Fwp%2Fv2%2Fproduct_brand&post=8725"},{"taxonomy":"product_cat","embeddable":true,"href":"https:\/\/czas.m2web.pl\/index.php?rest_route=%2Fwp%2Fv2%2Fproduct_cat&post=8725"},{"taxonomy":"product_tag","embeddable":true,"href":"https:\/\/czas.m2web.pl\/index.php?rest_route=%2Fwp%2Fv2%2Fproduct_tag&post=8725"}],"curies":[{"name":"wp","href":"https:\/\/api.w.org\/{rel}","templated":true}]}}