{"id":8741,"date":"2026-01-04T23:27:07","date_gmt":"2026-01-04T22:27:07","guid":{"rendered":"https:\/\/czas.m2web.pl\/?post_type=product&#038;p=8741"},"modified":"2026-01-04T23:27:36","modified_gmt":"2026-01-04T22:27:36","slug":"diakakis-zegarek-cyfrowy-led-frozen-kraina-lodu-564605","status":"publish","type":"product","link":"https:\/\/czas.m2web.pl\/?product=diakakis-zegarek-cyfrowy-led-frozen-kraina-lodu-564605","title":{"rendered":"DIAKAKIS Zegarek cyfrowy LED Frozen (Kraina Lodu) 564605"},"content":{"rendered":"<section class=\"section\">\n<div class=\"item item-6\">\n<section class=\"image-item\">             <img decoding=\"async\" src=\"https:\/\/upload.cdn.baselinker.com\/products\/3029707\/c31d0772558d9a1a7f5c9a43e65df7ff.jpg\" \/>         <\/section>\n<\/p><\/div>\n<div class=\"item item-6\">\n<section class=\"text-item\">\n<h1>DIAKAKIS Zegarek cyfrowy LED Frozen (Kraina Lodu)<\/h1>\n<p>Nr kat.: 564605<\/p>\n<p><b>Zegarek cyfrowy LED <\/b><b>w kszta\u0142cie smartwatcha<\/b><b> z motywem z animacji Frozen.<\/b><\/p>\n<p>Zegarek wy\u015bwietla godziny i minuty w dw\u00f3ch formatach &#8211; 12 lub 24-godzinnym oraz dat\u0119.<\/p>\n<p>Pasek zegarka wykonany jest z silikonu.<\/p>\n<p>Wymiary koperty zegarka: 3,5 x 3,5 x 1 cm.<\/p>\n<p>D\u0142ugo\u015b\u0107 zegarka z paskiem: 21,5 cm.<\/p>\n<p>D\u0142ugo\u015b\u0107 paska: 18 cm.<\/p>\n<p>Wymagane baterie: 1x CR2032 (3V) (1 szt.) &#8211; zawarta w zestawie.<\/p>\n<p>Zegarek zapakowany w blister.<\/p>\n<p>Wiek: 3+.<\/p>\n<\/section><\/div>\n<\/section>\n<section class=\"section\">\n<div class=\"item item-12\">\n<section class=\"image-item\">             <img decoding=\"async\" src=\"https:\/\/upload.cdn.baselinker.com\/products\/3029707\/c31d0772558d9a1a7f5c9a43e65df7ff.jpg\" \/>         <\/section>\n<\/p><\/div>\n<\/section>\n<section class=\"section\">\n<div class=\"item item-12\">\n<section class=\"image-item\">             <img decoding=\"async\" src=\"https:\/\/upload.cdn.baselinker.com\/products\/3029707\/a00f8b6db60e36a8228bc06869a56c97.jpg\" \/>         <\/section>\n<\/p><\/div>\n<\/section>\n<p><strong>Dodatkowe informacje:<\/strong><\/p>\n<ul>\n<li><strong>Producent: <\/strong>DIAKAKIS IMPORTS S.A. 3rd klm Simmahiki Str. Oreokastro-Diavata | P.P.Box 79, 57013| Thessaloniki | Greece; Email: exports@diakakisimports.gr<\/li>\n<li><strong>Podmiot odpowiedzialny za wprowadzenie produktu na rynek europejski:<\/strong>\u00a0DIAKAKIS IMPORTS S.A. 3rd klm Simmahiki Str. Oreokastro-Diavata | P.P.Box 79, 57013| Thessaloniki | Greece; Email: exports@diakakisimports.gr<\/li>\n<li><strong>Ostrze\u017cenia na opakowaniu: <\/strong>OSTRZE\u017bENIA: NIE ZANURZA\u0106 W WODZIE. NIE NOSI\u0106 JE\u015aLI BRAKUJE LUB ZDEMONTOWANO TYLN\u0104 OBUDOW\u0118. NINIEJSZ\u0104  BROSZUR\u0118 NALE\u017bY ZACHOWA\u0106, PONIEWA\u017b ZAWIERA WA\u017bNE INFORMACJE. WYMAGANE BATERIE: 1 x CR2032(3V), zawarta w zestawie, WYMIENIALNA Ostrze\u017cenia dotycz\u0105ce baterii: &#8211; baterie musz\u0105 by\u0107 w\u0142o\u017cone przez osob\u0119 doros\u0142\u0105 &#8211; nie wolno miesza\u0107 r\u00f3\u017cnych typ\u00f3w baterii oraz baterii nowych i u\u017cywanych &#8211; zaleca si\u0119 stosowanie baterii alkalicznych &#8211; baterie nale\u017cy wk\u0142ada\u0107 z zachowaniem w\u0142a\u015bciwej polaryzacji (+ i -) &#8211; u\u017cywaj wy\u0142\u0105cznie zalecanego typu baterii &#8211; wyczerpane baterie nale\u017cy wyj\u0105\u0107 z produktu &#8211; baterii nienadaj\u0105cych si\u0119 do ponownego \u0142adowania nie nale\u017cy \u0142adowa\u0107 &#8211; akumulatory mo\u017cna \u0142adowa\u0107 wy\u0142\u0105cznie pod nadzorem osoby doros\u0142ej &#8211; akumulatory nale\u017cy wyj\u0105\u0107 z zabawki przed \u0142adowaniem &#8211; je\u015bli nie u\u017cywasz produktu przez d\u0142u\u017cszy czas, zalecamy wyj\u0119cie baterii.  Wyjmij wyczerpane baterie z produktu. Wyciek z baterii mo\u017ce spowodowa\u0107  uszkodzenie  &#8211; zaciski zasilania nie mog\u0105 by\u0107 zwarte &#8211; NIE wrzucaj baterii do ognia. Mog\u0105 eksplodowa\u0107 Natychmiast utylizuj zu\u017cyte baterie. Trzymaj nowe i zu\u017cyte baterie z dala od  dzieci. Je\u015bli podejrzewasz, \u017ce baterie mog\u0142y zosta\u0107 po\u0142kni\u0119te lub umieszczone  w jakiejkolwiek cz\u0119\u015bci cia\u0142a, natychmiast zasi\u0119gnij porady lekarza. Do\u0142\u0105czona  bateria s\u0142u\u017cy wy\u0142\u0105cznie do cel\u00f3w demonstracyjnych, nie mo\u017cna zagwarantowa\u0107  jej \u017cywotno\u015bci. Ten produkt zawiera bateri\u0119 guzikow\u0105. Bateria guzikowa mo\u017ce  w przypadku po\u0142kni\u0119cia spowodowa\u0107 powa\u017cne wewn\u0119trzne oparzenia chemiczne. Wyprodukowano w Chinach.Ten symbol oznacza, \u017ce zu\u017cyte baterie nale\u017cy utylizowa\u0107 zgodnie z obowi\u0105zuj\u0105cymi przepisami ochrony \u015brodowiska. Baterie mog\u0105 by\u0107 niebezpieczne dla ludzi i  \u015brodowiska w przypadku nieprawid\u0142owej utylizacji. Aby unikn\u0105\u0107 niebezpiecze\u0144stwa zwarcia, przed wyrzuceniem nale\u017cy ca\u0142kowicie roz\u0142adowa\u0107 baterie, w\u0142\u0105czaj\u0105c  urz\u0105dzenie, a\u017c do ca\u0142kowitego roz\u0142adowania baterii. Przestrzegaj obowi\u0105zuj\u0105cych  przepis\u00f3w, wyrzucaj\u0105c baterie do odpowiedniego pojemnika w autoryzowanym  punkcie recyklingu lub w miejscu, w kt\u00f3rym pierwotnie zakupi\u0142e\u015b towar. Przed  wyrzuceniem urz\u0105dzenia nale\u017cy wyj\u0105\u0107 baterie. Baterie w przypadku nieprawid\u0142owej utylizacji mog\u0105 by\u0107 niebezpieczne dla ludzi i \u015brodowiska. Ustawa ta jest sprzeczna  z obowi\u0105zuj\u0105cymi przepisami ochrony \u015brodowiska.  Ten symbol oznacza, co nast\u0119puje: Po zako\u0144czeniu \u017cywotno\u015bci tego produktu nie  wolno go wyrzuca\u0107 razem ze zwyk\u0142ymi odpadami domowymi. Nale\u017cy go  dostarczy\u0107 do punktu zbi\u00f3rki sprz\u0119tu elektrycznego i elektronicznego. Z tego  powodu prosz\u0119 wyrzuci\u0107 ten produkt do odpowiedniego pojemnika w  autoryzowanym punkcie recyklingu lub w miejscu, w kt\u00f3rym produkt zosta\u0142  pierwotnie zakupiony. Nale\u017cy skonsultowa\u0107 si\u0119 z najbli\u017cszym centrum recyklingu  lub w\u0142adzami lokalnymi. Urz\u0105dzenia elektryczne lub elektroniczne mog\u0105 by\u0107  niebezpieczne dla ludzi i \u015brodowiska w przypadku nieprawid\u0142owej utylizacji.  Ustawa ta jest sprzeczna z obowi\u0105zuj\u0105cymi przepisami ochrony \u015brodowiska.<\/li>\n<li><strong>Instrukcja obs\u0142ugi jest:<\/strong> INSTRUKCJA OBS\u0141UGI 1. Opis funkcji: Cyfrowy wy\u015bwietlacz LED: miesi\u0105c, dzie\u0144, godzina, minuta i sekundy. Dost\u0119pny jest drugi system 12\/24-godzinny. 2. Instrukcja obs\u0142ugi: Wy\u015bwietlacz czasu LED: Naci\u015bnij raz klawisz D, aby w\u0142\u0105czy\u0107 wy\u015bwietlacz. Po 3 sekundach ekran wy\u0142\u0105czy si\u0119 i przejdzie w tryb oszcz\u0119dzania energii. Tryb daty: Naci\u015bnij raz klawisz D, aby przej\u015b\u0107 do normalnego trybu wy\u015bwietlania czasu, a nast\u0119pnie naci\u015bnij raz klawisz D, aby przej\u015b\u0107 do trybu wy\u015bwietlania daty. Ustawienie 12\/24-godzinne: Naci\u015bnij raz klawisz D, aby przej\u015b\u0107 do normalnego trybu wy\u015bwietlania czasu, a nast\u0119pnie naci\u015bnij klawisz C, aby przej\u015b\u0107 do stanu regulacji czasu, a godzina zacznie miga\u0107 w tym samym czasie, nast\u0119pnie naci\u015bnij klawisz C pi\u0119\u0107 razy, aby przej\u015b\u0107 do 12\/24-godzinnego trybu, a nast\u0119pnie naci\u015bnij klawisz D, aby wybra\u0107 system 12\/24-godzinny. Ustawianie godziny i daty: Naci\u015bnij raz klawisz D, aby przej\u015b\u0107 do normalnego trybu wy\u015bwietlania czasu, a nast\u0119pnie naci\u015bnij raz klawisz C, aby przej\u015b\u0107 do stanu regulacji czasu. W tym samym czasie miga godzina, nast\u0119pnie naci\u015bnij klawisz C, a kolejno\u015b\u0107 jest nast\u0119puj\u0105ca: godzina, minuta, miesi\u0105c, dzie\u0144, rok, system 12\/24-godzinny, miganie, a nast\u0119pnie naci\u015bnij klawisz D, aby ustawi\u0107: godzin\u0119, minut\u0119, miesi\u0105c, dzie\u0144, rok, system 12\/24-godzinny.  OSTRZE\u017bENIA: NIE ZANURZA\u0106 W WODZIE. NIE NOSI\u0106 JE\u015aLI BRAKUJE LUB ZDEMONTOWANO TYLN\u0104 OBUDOW\u0118. NINIEJSZ\u0104 BROSZUR\u0118 NALE\u017bY ZACHOWA\u0106, PONIEWA\u017b ZAWIERA WA\u017bNE INFORMACJE.  WYMAGANE BATERIE: 1 x CR2032(3V), zawarta w zestawie Ostrze\u017cenia dotycz\u0105ce baterii: &#8211; baterie musz\u0105 by\u0107 w\u0142o\u017cone przez osob\u0119 doros\u0142\u0105 &#8211; nie wolno miesza\u0107 r\u00f3\u017cnych typ\u00f3w baterii oraz baterii nowych i u\u017cywanych &#8211; zaleca si\u0119 stosowanie baterii alkalicznych &#8211; baterie nale\u017cy wk\u0142ada\u0107 z zachowaniem w\u0142a\u015bciwej polaryzacji (+ i -) &#8211; u\u017cywaj wy\u0142\u0105cznie zalecanego typu baterii &#8211; wyczerpane baterie nale\u017cy wyj\u0105\u0107 z produktu &#8211; baterii nienadaj\u0105cych si\u0119 do ponownego \u0142adowania nie nale\u017cy \u0142adowa\u0107 &#8211; akumulatory mo\u017cna \u0142adowa\u0107 wy\u0142\u0105cznie pod nadzorem osoby doros\u0142ej &#8211; akumulatory nale\u017cy wyj\u0105\u0107 z zabawki przed \u0142adowaniem &#8211; je\u015bli nie u\u017cywasz produktu przez d\u0142u\u017cszy czas, zalecamy wyj\u0119cie baterii. Wyjmij wyczerpane baterie z produktu. Wyciek z baterii mo\u017ce spowodowa\u0107 uszkodzenie  &#8211; zaciski zasilania nie mog\u0105 by\u0107 zwarte &#8211; NIE wrzucaj baterii do ognia. Mog\u0105 eksplodowa\u0107   Natychmiast utylizuj zu\u017cyte baterie. Trzymaj nowe i zu\u017cyte baterie z dala od dzieci. Je\u015bli podejrzewasz, \u017ce baterie mog\u0142y zosta\u0107 po\u0142kni\u0119te lub umieszczone w jakiejkolwiek cz\u0119\u015bci cia\u0142a, natychmiast zasi\u0119gnij porady lekarza. Do\u0142\u0105czona bateria s\u0142u\u017cy wy\u0142\u0105cznie do cel\u00f3w demonstracyjnych, nie mo\u017cna zagwarantowa\u0107 jej \u017cywotno\u015bci. Ten produkt zawiera bateri\u0119 guzikow\u0105. Bateria guzikowa mo\u017ce w przypadku po\u0142kni\u0119cia spowodowa\u0107 powa\u017cne wewn\u0119trzne oparzenia chemiczne.    Ten symbol oznacza, \u017ce zu\u017cyte baterie nale\u017cy utylizowa\u0107 zgodnie z obowi\u0105zuj\u0105cymi przepisami ochrony \u015brodowiska. Baterie mog\u0105 by\u0107 niebezpieczne dla ludzi i \u015brodowiska w przypadku nieprawid\u0142owej utylizacji. Aby unikn\u0105\u0107 niebezpiecze\u0144stwa zwarcia, przed wyrzuceniem nale\u017cy ca\u0142kowicie roz\u0142adowa\u0107 baterie, w\u0142\u0105czaj\u0105c urz\u0105dzenie, a\u017c do ca\u0142kowitego roz\u0142adowania baterii. Przestrzegaj obowi\u0105zuj\u0105cych przepis\u00f3w, wyrzucaj\u0105c baterie do odpowiedniego pojemnika w autoryzowanym punkcie recyklingu lub w miejscu, w kt\u00f3rym pierwotnie zakupi\u0142e\u015b towar. Przed wyrzuceniem urz\u0105dzenia nale\u017cy wyj\u0105\u0107 baterie. Baterie w przypadku nieprawid\u0142owej utylizacji mog\u0105 by\u0107 niebezpieczne dla ludzi i \u015brodowiska. Ustawa ta jest sprzeczna z obowi\u0105zuj\u0105cymi przepisami ochrony \u015brodowiska.  Ten symbol oznacza, co nast\u0119puje: Po zako\u0144czeniu \u017cywotno\u015bci tego produktu nie wolno go wyrzuca\u0107 razem ze zwyk\u0142ymi odpadami domowymi. Nale\u017cy go dostarczy\u0107 do punktu zbi\u00f3rki sprz\u0119tu elektrycznego i elektronicznego. Z tego powodu prosz\u0119 wyrzuci\u0107 ten produkt do odpowiedniego pojemnika w autoryzowanym punkcie recyklingu lub w miejscu, w kt\u00f3rym produkt zosta\u0142 pierwotnie zakupiony. Nale\u017cy skonsultowa\u0107 si\u0119 z najbli\u017cszym centrum recyklingu lub w\u0142adzami lokalnymi. Urz\u0105dzenia elektryczne lub elektroniczne mog\u0105 by\u0107 niebezpieczne dla ludzi i \u015brodowiska w przypadku nieprawid\u0142owej utylizacji. Ustawa ta jest sprzeczna z obowi\u0105zuj\u0105cymi przepisami ochrony \u015brodowiska.<\/li>\n<li><strong>Kraj pochodzenia:<\/strong> CHINY<\/li>\n<\/ul>\n","protected":false},"excerpt":{"rendered":"<p>DIAKAKIS Zegarek cyfrowy LED Frozen (Kraina Lodu) Nr kat.: 564605 Zegarek cyfrowy LED w kszta\u0142cie smartwatcha z motywem z animacji<\/p>\n","protected":false},"featured_media":8821,"comment_status":"open","ping_status":"closed","template":"","meta":[],"product_brand":[],"product_cat":[417],"product_tag":[],"class_list":{"0":"post-8741","1":"product","2":"type-product","3":"status-publish","4":"has-post-thumbnail","6":"product_cat-zabawki-outdoorowe","8":"first","9":"instock","10":"shipping-taxable","11":"purchasable","12":"product-type-simple"},"_links":{"self":[{"href":"https:\/\/czas.m2web.pl\/index.php?rest_route=\/wp\/v2\/product\/8741","targetHints":{"allow":["GET"]}}],"collection":[{"href":"https:\/\/czas.m2web.pl\/index.php?rest_route=\/wp\/v2\/product"}],"about":[{"href":"https:\/\/czas.m2web.pl\/index.php?rest_route=\/wp\/v2\/types\/product"}],"replies":[{"embeddable":true,"href":"https:\/\/czas.m2web.pl\/index.php?rest_route=%2Fwp%2Fv2%2Fcomments&post=8741"}],"version-history":[{"count":0,"href":"https:\/\/czas.m2web.pl\/index.php?rest_route=\/wp\/v2\/product\/8741\/revisions"}],"wp:featuredmedia":[{"embeddable":true,"href":"https:\/\/czas.m2web.pl\/index.php?rest_route=\/wp\/v2\/media\/8821"}],"wp:attachment":[{"href":"https:\/\/czas.m2web.pl\/index.php?rest_route=%2Fwp%2Fv2%2Fmedia&parent=8741"}],"wp:term":[{"taxonomy":"product_brand","embeddable":true,"href":"https:\/\/czas.m2web.pl\/index.php?rest_route=%2Fwp%2Fv2%2Fproduct_brand&post=8741"},{"taxonomy":"product_cat","embeddable":true,"href":"https:\/\/czas.m2web.pl\/index.php?rest_route=%2Fwp%2Fv2%2Fproduct_cat&post=8741"},{"taxonomy":"product_tag","embeddable":true,"href":"https:\/\/czas.m2web.pl\/index.php?rest_route=%2Fwp%2Fv2%2Fproduct_tag&post=8741"}],"curies":[{"name":"wp","href":"https:\/\/api.w.org\/{rel}","templated":true}]}}