{"id":8796,"date":"2026-01-04T23:27:28","date_gmt":"2026-01-04T22:27:28","guid":{"rendered":"https:\/\/czas.m2web.pl\/?post_type=product&#038;p=8796"},"modified":"2026-01-04T23:27:45","modified_gmt":"2026-01-04T22:27:45","slug":"pamietnik-z-niewidzialnym-dlugopisem-jednorozec-193nuc","status":"publish","type":"product","link":"https:\/\/czas.m2web.pl\/?product=pamietnik-z-niewidzialnym-dlugopisem-jednorozec-193nuc","title":{"rendered":"Pami\u0119tnik z niewidzialnym d\u0142ugopisem Jednoro\u017cec 193NUC"},"content":{"rendered":"<section class=\"section\">\n<div class=\"item item-6\">\n<section class=\"image-item\">             <img decoding=\"async\" src=\"https:\/\/upload.cdn.baselinker.com\/products\/3029707\/af593705e246adaf87ef14a7a87db431.jpg\" \/>         <\/section>\n<\/p><\/div>\n<div class=\"item item-6\">\n<section class=\"text-item\">\n<h1>Pami\u0119tnik z niewidzialnym d\u0142ugopisem Jednoro\u017cec 193NUC<\/h1>\n<p>Pecoware 193NUC<\/p>\n<p>Zestaw zawiera:<\/p>\n<ul>\n<li>pami\u0119tnik z kolorowymi kartkami zamykany na zamek z kluczykiem (wymiary 11,5 x 14,5 cm),<\/li>\n<li>d\u0142ugopis z &#8222;niewidzialnym&#8221; tuszem. Zapiski tym tuszem b\u0119d\u0105 widoczne po pod\u015bwietleniu ich specjaln\u0105 lampk\u0105 UV, kt\u00f3ra znajduje si\u0119 w ko\u0144c\u00f3wce d\u0142ugopisu,<\/li>\n<li>samoprzylepne kryszta\u0142ki w r\u00f3\u017cnych kszta\u0142tach i kolorach,<\/li>\n<li>arkusz naklejek,<\/li>\n<li>ta\u015bma ozdobna &#8222;washi tape&#8221;.<\/li>\n<\/ul>\n<p>Zestaw zapakowany w ozdobne pude\u0142ko.<\/p>\n<ul>\n<li>Wiek: 6+.<\/li>\n<li>Wymiary pude\u0142ka: 29,5 x 22,5 x 3,5 cm.<\/li>\n<\/ul>\n<\/section><\/div>\n<\/section>\n<section class=\"section\">\n<div class=\"item item-12\">\n<section class=\"image-item\">             <img decoding=\"async\" src=\"https:\/\/upload.cdn.baselinker.com\/products\/3029707\/af593705e246adaf87ef14a7a87db431.jpg\" \/>         <\/section>\n<\/p><\/div>\n<\/section>\n<section class=\"section\">\n<div class=\"item item-12\">\n<section class=\"image-item\">             <img decoding=\"async\" src=\"https:\/\/upload.cdn.baselinker.com\/products\/3029707\/9d367f03b03b2af774ba2e4eefaf05f0.jpg\" \/>         <\/section>\n<\/p><\/div>\n<\/section>\n<section class=\"section\">\n<div class=\"item item-12\">\n<section class=\"image-item\">             <img decoding=\"async\" src=\"https:\/\/upload.cdn.baselinker.com\/products\/3029707\/64222e4ce7d17f6e33ad9a98242dc574.jpg\" \/>         <\/section>\n<\/p><\/div>\n<\/section>\n<p><strong>Dodatkowe informacje:<\/strong><\/p>\n","protected":false},"excerpt":{"rendered":"<p>Pami\u0119tnik z niewidzialnym d\u0142ugopisem Jednoro\u017cec 193NUC Pecoware 193NUC Zestaw zawiera: pami\u0119tnik z kolorowymi kartkami zamykany na zamek z kluczykiem (wymiary<\/p>\n","protected":false},"featured_media":8841,"comment_status":"open","ping_status":"closed","template":"","meta":[],"product_brand":[],"product_cat":[285],"product_tag":[],"class_list":{"0":"post-8796","1":"product","2":"type-product","3":"status-publish","4":"has-post-thumbnail","6":"product_cat-zabawki-kreatywne","8":"first","9":"instock","10":"shipping-taxable","11":"purchasable","12":"product-type-simple"},"_links":{"self":[{"href":"https:\/\/czas.m2web.pl\/index.php?rest_route=\/wp\/v2\/product\/8796","targetHints":{"allow":["GET"]}}],"collection":[{"href":"https:\/\/czas.m2web.pl\/index.php?rest_route=\/wp\/v2\/product"}],"about":[{"href":"https:\/\/czas.m2web.pl\/index.php?rest_route=\/wp\/v2\/types\/product"}],"replies":[{"embeddable":true,"href":"https:\/\/czas.m2web.pl\/index.php?rest_route=%2Fwp%2Fv2%2Fcomments&post=8796"}],"version-history":[{"count":0,"href":"https:\/\/czas.m2web.pl\/index.php?rest_route=\/wp\/v2\/product\/8796\/revisions"}],"wp:featuredmedia":[{"embeddable":true,"href":"https:\/\/czas.m2web.pl\/index.php?rest_route=\/wp\/v2\/media\/8841"}],"wp:attachment":[{"href":"https:\/\/czas.m2web.pl\/index.php?rest_route=%2Fwp%2Fv2%2Fmedia&parent=8796"}],"wp:term":[{"taxonomy":"product_brand","embeddable":true,"href":"https:\/\/czas.m2web.pl\/index.php?rest_route=%2Fwp%2Fv2%2Fproduct_brand&post=8796"},{"taxonomy":"product_cat","embeddable":true,"href":"https:\/\/czas.m2web.pl\/index.php?rest_route=%2Fwp%2Fv2%2Fproduct_cat&post=8796"},{"taxonomy":"product_tag","embeddable":true,"href":"https:\/\/czas.m2web.pl\/index.php?rest_route=%2Fwp%2Fv2%2Fproduct_tag&post=8796"}],"curies":[{"name":"wp","href":"https:\/\/api.w.org\/{rel}","templated":true}]}}