{"id":8800,"date":"2026-01-04T23:27:28","date_gmt":"2026-01-04T22:27:28","guid":{"rendered":"https:\/\/czas.m2web.pl\/?post_type=product&#038;p=8800"},"modified":"2026-01-04T23:27:48","modified_gmt":"2026-01-04T22:27:48","slug":"pamietnik-w-szkatulce-z-szufladka-sukienka-baletnicy-181dd","status":"publish","type":"product","link":"https:\/\/czas.m2web.pl\/?product=pamietnik-w-szkatulce-z-szufladka-sukienka-baletnicy-181dd","title":{"rendered":"Pami\u0119tnik w szkatu\u0142ce z szufladk\u0105 &#8211; Sukienka Baletnicy 181DD"},"content":{"rendered":"<section class=\"section\">\n<div class=\"item item-6\">\n<section class=\"image-item\">             <img decoding=\"async\" src=\"https:\/\/upload.cdn.baselinker.com\/products\/3029707\/d93887fee0056249584ee3b521858adf.jpg\" \/>         <\/section>\n<\/p><\/div>\n<div class=\"item item-6\">\n<section class=\"text-item\">\n<h1>Pami\u0119tnik w szkatu\u0142ce z szufladk\u0105 &#8211; Sukienka Baletnicy 181DD<\/h1>\n<p>Pecoware 181DD<\/p>\n<p>Zestaw zawiera:<\/p>\n<ul>\n<li>pami\u0119tnik z kolorowymi kartkami\u00a0(wymiary 11,5 x 14,5 cm),<\/li>\n<li>ozdobny d\u0142ugopis,<\/li>\n<li>kryszta\u0142ki samoprzylepne w r\u00f3\u017cnych kszta\u0142tach i kolorach,<\/li>\n<li>zestaw naklejek,<\/li>\n<li>naklejk\u0119 3D,<\/li>\n<\/ul>\n<p>Zestaw zapakowany w szkatu\u0142k\u0119 ze zdobieniami, zamykana na magnes. Po otwarciu wysuwaj\u0105 si\u0119 2 szufladki, w kt\u00f3rych mo\u017cna umie\u015bci\u0107 akcesoria i dodatkowe drobiazgi.<\/p>\n<p>Szkatu\u0142k\u0119 wykonano ze wzmocnionej tektury.<\/p>\n<ul>\n<li>Wiek: 5+.<\/li>\n<li>Wymiary szkatu\u0142ki: 19 x 19 x 10 cm.<\/li>\n<\/ul>\n<\/section><\/div>\n<\/section>\n<section class=\"section\">\n<div class=\"item item-12\">\n<section class=\"image-item\">             <img decoding=\"async\" src=\"https:\/\/upload.cdn.baselinker.com\/products\/3029707\/9afafa93e699dfc910914b5b0d39a2da.jpg\" \/>         <\/section>\n<\/p><\/div>\n<\/section>\n<section class=\"section\">\n<div class=\"item item-12\">\n<section class=\"image-item\">             <img decoding=\"async\" src=\"https:\/\/upload.cdn.baselinker.com\/products\/3029707\/d93887fee0056249584ee3b521858adf.jpg\" \/>         <\/section>\n<\/p><\/div>\n<\/section>\n<p><strong>Dodatkowe informacje:<\/strong><\/p>\n","protected":false},"excerpt":{"rendered":"<p>Pami\u0119tnik w szkatu\u0142ce z szufladk\u0105 &#8211; Sukienka Baletnicy 181DD Pecoware 181DD Zestaw zawiera: pami\u0119tnik z kolorowymi kartkami\u00a0(wymiary 11,5 x 14,5<\/p>\n","protected":false},"featured_media":8848,"comment_status":"open","ping_status":"closed","template":"","meta":[],"product_brand":[],"product_cat":[284],"product_tag":[],"class_list":{"0":"post-8800","1":"product","2":"type-product","3":"status-publish","4":"has-post-thumbnail","6":"product_cat-dla-dziewczynki","8":"first","9":"instock","10":"shipping-taxable","11":"purchasable","12":"product-type-simple"},"_links":{"self":[{"href":"https:\/\/czas.m2web.pl\/index.php?rest_route=\/wp\/v2\/product\/8800","targetHints":{"allow":["GET"]}}],"collection":[{"href":"https:\/\/czas.m2web.pl\/index.php?rest_route=\/wp\/v2\/product"}],"about":[{"href":"https:\/\/czas.m2web.pl\/index.php?rest_route=\/wp\/v2\/types\/product"}],"replies":[{"embeddable":true,"href":"https:\/\/czas.m2web.pl\/index.php?rest_route=%2Fwp%2Fv2%2Fcomments&post=8800"}],"version-history":[{"count":0,"href":"https:\/\/czas.m2web.pl\/index.php?rest_route=\/wp\/v2\/product\/8800\/revisions"}],"wp:featuredmedia":[{"embeddable":true,"href":"https:\/\/czas.m2web.pl\/index.php?rest_route=\/wp\/v2\/media\/8848"}],"wp:attachment":[{"href":"https:\/\/czas.m2web.pl\/index.php?rest_route=%2Fwp%2Fv2%2Fmedia&parent=8800"}],"wp:term":[{"taxonomy":"product_brand","embeddable":true,"href":"https:\/\/czas.m2web.pl\/index.php?rest_route=%2Fwp%2Fv2%2Fproduct_brand&post=8800"},{"taxonomy":"product_cat","embeddable":true,"href":"https:\/\/czas.m2web.pl\/index.php?rest_route=%2Fwp%2Fv2%2Fproduct_cat&post=8800"},{"taxonomy":"product_tag","embeddable":true,"href":"https:\/\/czas.m2web.pl\/index.php?rest_route=%2Fwp%2Fv2%2Fproduct_tag&post=8800"}],"curies":[{"name":"wp","href":"https:\/\/api.w.org\/{rel}","templated":true}]}}