{"id":8801,"date":"2026-01-04T23:27:28","date_gmt":"2026-01-04T22:27:28","guid":{"rendered":"https:\/\/czas.m2web.pl\/?post_type=product&#038;p=8801"},"modified":"2026-01-04T23:27:49","modified_gmt":"2026-01-04T22:27:49","slug":"pecoware-pamietnik-na-szyfr-z-dlugopisem-jednorozec-199nuc","status":"publish","type":"product","link":"https:\/\/czas.m2web.pl\/?product=pecoware-pamietnik-na-szyfr-z-dlugopisem-jednorozec-199nuc","title":{"rendered":"Pecoware Pami\u0119tnik na szyfr z d\u0142ugopisem &#8211; Jednoro\u017cec 199NUC"},"content":{"rendered":"<section class=\"section\">\n<div class=\"item item-6\">\n<section class=\"image-item\">             <img decoding=\"async\" src=\"https:\/\/upload.cdn.baselinker.com\/products\/3029707\/e0d5e79aa52c55b86f74f8c90bad865f.jpg\" \/>         <\/section>\n<\/p><\/div>\n<div class=\"item item-6\">\n<section class=\"text-item\">\n<h1>Pami\u0119tnik na szyfr z d\u0142ugopisem &#8211; Jednoro\u017cec 199NUC<\/h1>\n<p>Pecoware 199NUC<\/p>\n<p>Zestaw zawiera:<\/p>\n<ul>\n<li>pami\u0119tnik na zamek z szyfrem (wymiary 11,5 x 14,5 cm),<\/li>\n<li>ozdobny d\u0142ugopis w kszta\u0142cie szminki,<\/li>\n<li>arkusz klasycznych naklejek,<\/li>\n<li>3 wzory karteczek samoprzylepnych,<\/li>\n<li>3 kolory brokatowej ta\u015bmy klej\u0105cej z podajnikiem.<\/li>\n<\/ul>\n<p>Zestaw zapakowany w ozdobne opakowanie prezentowe.\u00a0<\/p>\n<p>Wiek: 6+.<\/p>\n<\/section><\/div>\n<\/section>\n<section class=\"section\">\n<div class=\"item item-12\">\n<section class=\"image-item\">             <img decoding=\"async\" src=\"https:\/\/upload.cdn.baselinker.com\/products\/3029707\/e0d5e79aa52c55b86f74f8c90bad865f.jpg\" \/>         <\/section>\n<\/p><\/div>\n<\/section>\n<p><strong>Dodatkowe informacje:<\/strong><\/p>\n","protected":false},"excerpt":{"rendered":"<p>Pami\u0119tnik na szyfr z d\u0142ugopisem &#8211; Jednoro\u017cec 199NUC Pecoware 199NUC Zestaw zawiera: pami\u0119tnik na zamek z szyfrem (wymiary 11,5 x<\/p>\n","protected":false},"featured_media":8850,"comment_status":"open","ping_status":"closed","template":"","meta":[],"product_brand":[],"product_cat":[284],"product_tag":[],"class_list":{"0":"post-8801","1":"product","2":"type-product","3":"status-publish","4":"has-post-thumbnail","6":"product_cat-dla-dziewczynki","8":"first","9":"instock","10":"shipping-taxable","11":"purchasable","12":"product-type-simple"},"_links":{"self":[{"href":"https:\/\/czas.m2web.pl\/index.php?rest_route=\/wp\/v2\/product\/8801","targetHints":{"allow":["GET"]}}],"collection":[{"href":"https:\/\/czas.m2web.pl\/index.php?rest_route=\/wp\/v2\/product"}],"about":[{"href":"https:\/\/czas.m2web.pl\/index.php?rest_route=\/wp\/v2\/types\/product"}],"replies":[{"embeddable":true,"href":"https:\/\/czas.m2web.pl\/index.php?rest_route=%2Fwp%2Fv2%2Fcomments&post=8801"}],"version-history":[{"count":0,"href":"https:\/\/czas.m2web.pl\/index.php?rest_route=\/wp\/v2\/product\/8801\/revisions"}],"wp:featuredmedia":[{"embeddable":true,"href":"https:\/\/czas.m2web.pl\/index.php?rest_route=\/wp\/v2\/media\/8850"}],"wp:attachment":[{"href":"https:\/\/czas.m2web.pl\/index.php?rest_route=%2Fwp%2Fv2%2Fmedia&parent=8801"}],"wp:term":[{"taxonomy":"product_brand","embeddable":true,"href":"https:\/\/czas.m2web.pl\/index.php?rest_route=%2Fwp%2Fv2%2Fproduct_brand&post=8801"},{"taxonomy":"product_cat","embeddable":true,"href":"https:\/\/czas.m2web.pl\/index.php?rest_route=%2Fwp%2Fv2%2Fproduct_cat&post=8801"},{"taxonomy":"product_tag","embeddable":true,"href":"https:\/\/czas.m2web.pl\/index.php?rest_route=%2Fwp%2Fv2%2Fproduct_tag&post=8801"}],"curies":[{"name":"wp","href":"https:\/\/api.w.org\/{rel}","templated":true}]}}