{"id":8802,"date":"2026-01-04T23:27:29","date_gmt":"2026-01-04T22:27:29","guid":{"rendered":"https:\/\/czas.m2web.pl\/?post_type=product&#038;p=8802"},"modified":"2026-01-04T23:27:51","modified_gmt":"2026-01-04T22:27:51","slug":"pecoware-pamietnik-z-lampka-i-dlugopisem-uv-kot-baletnica-197bk","status":"publish","type":"product","link":"https:\/\/czas.m2web.pl\/?product=pecoware-pamietnik-z-lampka-i-dlugopisem-uv-kot-baletnica-197bk","title":{"rendered":"PECOWARE Pami\u0119tnik z lampk\u0105 i d\u0142ugopisem UV &#8211; Kot Baletnica 197BK"},"content":{"rendered":"<section class=\"section\">\n<div class=\"item item-6\">\n<section class=\"image-item\">             <img decoding=\"async\" src=\"https:\/\/upload.cdn.baselinker.com\/products\/3029707\/77233021d78bca5f0aeb205deff337a2.jpg\" \/>         <\/section>\n<\/p><\/div>\n<div class=\"item item-6\">\n<section class=\"text-item\">\n<h1>Pami\u0119tnik z lampk\u0105 i d\u0142ugopisem UV Kot Baletnica 197BK<\/h1>\n<p>Pecoware 197BK<\/p>\n<p>Zestaw zawiera:<\/p>\n<ul>\n<li>pami\u0119tnik na zapiski z kolorowymi kartkami (wymiary 11,5 x 14,5 cm),<\/li>\n<li>d\u0142ugopis z &#8222;niewidzialnym&#8221; tuszem. Zapiski tym tuszem b\u0119d\u0105 widoczne po pod\u015bwietleniu ich specjaln\u0105 lampk\u0105 UV, kt\u00f3ra znajduje si\u0119 w ko\u0144c\u00f3wce d\u0142ugopisu,<\/li>\n<li>lampka LED<\/li>\n<li>arkusz naklejek zapachowych &#8222;Potrzyj i Pow\u0105chaj&#8221;.<\/li>\n<\/ul>\n<p>Zestaw zapakowany w ozdobne pude\u0142ko.<\/p>\n<ul>\n<li>Wiek: 6+.<\/li>\n<li>Wymiary pude\u0142ka: 25,5 x 21,5 x 4 cm.<\/li>\n<\/ul>\n<\/section><\/div>\n<\/section>\n<section class=\"section\">\n<div class=\"item item-12\">\n<section class=\"image-item\">             <img decoding=\"async\" src=\"https:\/\/upload.cdn.baselinker.com\/products\/3029707\/77233021d78bca5f0aeb205deff337a2.jpg\" \/>         <\/section>\n<\/p><\/div>\n<\/section>\n<section class=\"section\">\n<div class=\"item item-12\">\n<section class=\"image-item\">                      <\/section>\n<\/p><\/div>\n<\/section>\n<section class=\"section\">\n<div class=\"item item-12\">\n<section class=\"image-item\">                      <\/section>\n<\/p><\/div>\n<\/section>\n<p><strong>Dodatkowe informacje:<\/strong><\/p>\n<ul>\n<li><strong>Producent: <\/strong>Shanghai Broadwell Stationery CO.,Ltd. 556 DONGXING VILLAGE,JINHUI TOWN,FENGXIAN DISTRICT, SHANGHAI ,CHINA CHINA  CONTACT: Tel:86-21-57481826; Fax: 86-21-57481672; Email: sumer@broadwellchina.com<\/li>\n<li><strong>Podmiot odpowiedzialny za wprowadzenie produktu na rynek europejski:<\/strong>\u00a0Firma Handlowa PULIO Krzysztof Gebel ul. Kolejowa 3 55-040 Bielany Wroc\u0142awskie  tel. +48 71 352 07 80  biuro@pulio.pl  www.pulio.pl<\/li>\n<li><strong>Ostrze\u017cenia na opakowaniu: <\/strong>Ostrze\u017cenia: Nieodpowiednie dla dzieci poni\u017cej 3 roku \u017cycia. Niebezpiecze\u0144stwo zad\u0142awienia drobnymi elementami! Przed przekazaniem dziecku  nale\u017cy usun\u0105\u0107 wszystkie elementy opakowania. Opakowanie nie stanowi cz\u0119\u015bci zabawki. Producent zastrzega sobie mo\u017cliwo\u015b\u0107 zmian kolorystycznych i technicznych. Prosimy zachowa\u0107 opakowanie wraz z ostrze\u017ceniami i pozosta\u0142ymi informacjami do p\u00f3\u017aniejszej korespondencji.  Wyprodukowano w  Chinach.  OSTRZE\u017bENIA DOTYCZ\u0104CE BATERII: Wyciek kwasu akumulatorowego mo\u017ce spowodowa\u0107 zranienie oraz uszkodzenie zabawki i przedmiot\u00f3w znajduj\u0105cych si\u0119 w pobli\u017cu. Je\u017celi wyst\u0105pi  wyciek kwasu akumulatorowego nale\u017cy dok\u0142adnie przemy\u0107 sk\u00f3r\u0119 i nie dopu\u015bci\u0107 aby kwas dosta\u0142 si\u0119 do oczu, uszu, nosa i ust.  Natychmiast wyczy\u015bci\u0107 odzie\u017c lub inn\u0105 powierzchni\u0119, kt\u00f3ra mia\u0142a kontakt z kwasem. Baterie, z kt\u00f3rych wyciek\u0142 kwas akumulatorowy mog\u0105 wydawa\u0107  \u201estrzelaj\u0105ce\u201d d\u017awi\u0119ki. \u2022 Nie nale\u017cy miesza\u0107 ze sob\u0105 baterii r\u00f3\u017cnych typ\u00f3w lub nowych i u\u017cywanych. \u2022 Nale\u017cy u\u017cywa\u0107 jedynie baterii zalecanego typu lub r\u00f3wnowa\u017cnych. \u2022 Nie nale\u017cy u\u017cywa\u0107 baterii przewidzianych do \u0142adowania, chyba \u017ce jest to zalecane. Baterie nieprzewidziane do \u0142adowania nie mog\u0105 by\u0107 \u0142adowane.  Baterie przewidziane do \u0142adowania mog\u0105 by\u0107 \u0142adowane jedynie po wyj\u0119ciu z produktu pod nadzorem osoby doros\u0142ej. \u2022 Baterie nale\u017cy wk\u0142ada\u0107 z zachowaniem prawid\u0142owej biegunowo\u015bci. Nie wolno zwiera\u0107 zacisk\u00f3w zasilania. \u2022 Wyj\u0105\u0107 baterie gdy s\u0105 zu\u017cyte. \u2022 Baterie nale\u017cy wyj\u0105\u0107 je\u017celi produkt nie jest u\u017cywany przez d\u0142u\u017cszy czas. \u2022 Zu\u017cyte baterie nale\u017cy wyrzuca\u0107 do odpowiednio oznaczonych pojemnik\u00f3w. \u2022 Zu\u017cytych elektrycznych i elektronicznych produkt\u00f3w nie nale\u017cy umieszcza\u0107 z pozosta\u0142ymi odpadami domowymi. \u2022 Produkt musi by\u0107 dostarczony do punktu zbi\u00f3rki s\u0142u\u017c\u0105cego recyklingowi urz\u0105dze\u0144 elektrycznych i elektronicznych. Skontaktuj si\u0119 z w\u0142adzami  lokalnymi aby dowiedzie\u0107 si\u0119 o dost\u0119pnych punktach.<\/li>\n<li><strong>Instrukcja obs\u0142ugi jest:<\/strong> NIE<\/li>\n<li><strong>Kraj pochodzenia:<\/strong> CHINY<\/li>\n<\/ul>\n","protected":false},"excerpt":{"rendered":"<p>Pami\u0119tnik z lampk\u0105 i d\u0142ugopisem UV Kot Baletnica 197BK Pecoware 197BK Zestaw zawiera: pami\u0119tnik na zapiski z kolorowymi kartkami (wymiary<\/p>\n","protected":false},"featured_media":8874,"comment_status":"open","ping_status":"closed","template":"","meta":[],"product_brand":[],"product_cat":[284],"product_tag":[],"class_list":{"0":"post-8802","1":"product","2":"type-product","3":"status-publish","4":"has-post-thumbnail","6":"product_cat-dla-dziewczynki","8":"first","9":"instock","10":"shipping-taxable","11":"purchasable","12":"product-type-simple"},"_links":{"self":[{"href":"https:\/\/czas.m2web.pl\/index.php?rest_route=\/wp\/v2\/product\/8802","targetHints":{"allow":["GET"]}}],"collection":[{"href":"https:\/\/czas.m2web.pl\/index.php?rest_route=\/wp\/v2\/product"}],"about":[{"href":"https:\/\/czas.m2web.pl\/index.php?rest_route=\/wp\/v2\/types\/product"}],"replies":[{"embeddable":true,"href":"https:\/\/czas.m2web.pl\/index.php?rest_route=%2Fwp%2Fv2%2Fcomments&post=8802"}],"version-history":[{"count":0,"href":"https:\/\/czas.m2web.pl\/index.php?rest_route=\/wp\/v2\/product\/8802\/revisions"}],"wp:featuredmedia":[{"embeddable":true,"href":"https:\/\/czas.m2web.pl\/index.php?rest_route=\/wp\/v2\/media\/8874"}],"wp:attachment":[{"href":"https:\/\/czas.m2web.pl\/index.php?rest_route=%2Fwp%2Fv2%2Fmedia&parent=8802"}],"wp:term":[{"taxonomy":"product_brand","embeddable":true,"href":"https:\/\/czas.m2web.pl\/index.php?rest_route=%2Fwp%2Fv2%2Fproduct_brand&post=8802"},{"taxonomy":"product_cat","embeddable":true,"href":"https:\/\/czas.m2web.pl\/index.php?rest_route=%2Fwp%2Fv2%2Fproduct_cat&post=8802"},{"taxonomy":"product_tag","embeddable":true,"href":"https:\/\/czas.m2web.pl\/index.php?rest_route=%2Fwp%2Fv2%2Fproduct_tag&post=8802"}],"curies":[{"name":"wp","href":"https:\/\/api.w.org\/{rel}","templated":true}]}}