{"id":8803,"date":"2026-01-04T23:27:29","date_gmt":"2026-01-04T22:27:29","guid":{"rendered":"https:\/\/czas.m2web.pl\/?post_type=product&#038;p=8803"},"modified":"2026-01-04T23:27:52","modified_gmt":"2026-01-04T22:27:52","slug":"pecoware-pamietnik-na-spirali-z-akcesoriami-teczowy-jednorozec-338uc","status":"publish","type":"product","link":"https:\/\/czas.m2web.pl\/?product=pecoware-pamietnik-na-spirali-z-akcesoriami-teczowy-jednorozec-338uc","title":{"rendered":"PECOWARE Pami\u0119tnik na spirali z akcesoriami &#8211; T\u0119czowy Jednoro\u017cec 338UC"},"content":{"rendered":"<section class=\"section\">\n<div class=\"item item-6\">\n<section class=\"image-item\">             <img decoding=\"async\" src=\"https:\/\/upload.cdn.baselinker.com\/products\/3029707\/2a8865f5e2c42a2e028b65f76a1a1577.jpg\" \/>         <\/section>\n<\/p><\/div>\n<div class=\"item item-6\">\n<section class=\"text-item\">\n<h1>Pami\u0119tnik na spirali z akcesoriami T\u0119czowy Jednoro\u017cec 338UC<\/h1>\n<p>Pecoware 338UC<\/p>\n<p>Zestaw zawiera:<\/p>\n<ul>\n<li>pami\u0119tnik otatnik na spirali z kolorowymi kartkami (wymiary 17,5 x 13 cm),<\/li>\n<li>ozdobny d\u0142ugopis,<\/li>\n<li>gumka do mazania w kszta\u0142cie szminki,<\/li>\n<li>sk\u0142adana szczotka do w\u0142os\u00f3w z lusterkiem,<\/li>\n<li>2 spinki do w\u0142os\u00f3w,<\/li>\n<li>pier\u015bcionek kokardk\u0105.<\/li>\n<\/ul>\n<p>Zestaw zapakowany jest w ozdobne opakowanie z r\u0105czk\u0105 do wygodnego przenoszenia.<\/p>\n<ul>\n<li>Wiek: 6+.<\/li>\n<li>Wymiary opakowania: 26,5 x 29,5 x 4 cm.<\/li>\n<\/ul>\n<\/section><\/div>\n<\/section>\n<section class=\"section\">\n<div class=\"item item-12\">\n<section class=\"image-item\">             <img decoding=\"async\" src=\"https:\/\/upload.cdn.baselinker.com\/products\/3029707\/2a8865f5e2c42a2e028b65f76a1a1577.jpg\" \/>         <\/section>\n<\/p><\/div>\n<\/section>\n<section class=\"section\">\n<div class=\"item item-12\">\n<section class=\"image-item\">                      <\/section>\n<\/p><\/div>\n<\/section>\n<p><strong>Dodatkowe informacje:<\/strong><\/p>\n","protected":false},"excerpt":{"rendered":"<p>Pami\u0119tnik na spirali z akcesoriami T\u0119czowy Jednoro\u017cec 338UC Pecoware 338UC Zestaw zawiera: pami\u0119tnik otatnik na spirali z kolorowymi kartkami (wymiary<\/p>\n","protected":false},"featured_media":8875,"comment_status":"open","ping_status":"closed","template":"","meta":[],"product_brand":[],"product_cat":[284],"product_tag":[],"class_list":{"0":"post-8803","1":"product","2":"type-product","3":"status-publish","4":"has-post-thumbnail","6":"product_cat-dla-dziewczynki","8":"first","9":"instock","10":"shipping-taxable","11":"purchasable","12":"product-type-simple"},"_links":{"self":[{"href":"https:\/\/czas.m2web.pl\/index.php?rest_route=\/wp\/v2\/product\/8803","targetHints":{"allow":["GET"]}}],"collection":[{"href":"https:\/\/czas.m2web.pl\/index.php?rest_route=\/wp\/v2\/product"}],"about":[{"href":"https:\/\/czas.m2web.pl\/index.php?rest_route=\/wp\/v2\/types\/product"}],"replies":[{"embeddable":true,"href":"https:\/\/czas.m2web.pl\/index.php?rest_route=%2Fwp%2Fv2%2Fcomments&post=8803"}],"version-history":[{"count":0,"href":"https:\/\/czas.m2web.pl\/index.php?rest_route=\/wp\/v2\/product\/8803\/revisions"}],"wp:featuredmedia":[{"embeddable":true,"href":"https:\/\/czas.m2web.pl\/index.php?rest_route=\/wp\/v2\/media\/8875"}],"wp:attachment":[{"href":"https:\/\/czas.m2web.pl\/index.php?rest_route=%2Fwp%2Fv2%2Fmedia&parent=8803"}],"wp:term":[{"taxonomy":"product_brand","embeddable":true,"href":"https:\/\/czas.m2web.pl\/index.php?rest_route=%2Fwp%2Fv2%2Fproduct_brand&post=8803"},{"taxonomy":"product_cat","embeddable":true,"href":"https:\/\/czas.m2web.pl\/index.php?rest_route=%2Fwp%2Fv2%2Fproduct_cat&post=8803"},{"taxonomy":"product_tag","embeddable":true,"href":"https:\/\/czas.m2web.pl\/index.php?rest_route=%2Fwp%2Fv2%2Fproduct_tag&post=8803"}],"curies":[{"name":"wp","href":"https:\/\/api.w.org\/{rel}","templated":true}]}}