{"id":8805,"date":"2026-01-04T23:27:29","date_gmt":"2026-01-04T22:27:29","guid":{"rendered":"https:\/\/czas.m2web.pl\/?post_type=product&#038;p=8805"},"modified":"2026-01-04T23:27:53","modified_gmt":"2026-01-04T22:27:53","slug":"pecoware-sketchbook-kreatywny-szkicownik-z-akcesoriami-teczowy-jednorozec-201up","status":"publish","type":"product","link":"https:\/\/czas.m2web.pl\/?product=pecoware-sketchbook-kreatywny-szkicownik-z-akcesoriami-teczowy-jednorozec-201up","title":{"rendered":"PECOWARE SKETCHBOOK Kreatywny szkicownik z akcesoriami &#8211; T\u0119czowy Jednoro\u017cec 201UP"},"content":{"rendered":"<section class=\"section\">\n<div class=\"item item-6\">\n<section class=\"image-item\">             <img decoding=\"async\" src=\"https:\/\/upload.cdn.baselinker.com\/products\/3029707\/759e7f64446cb1be9c9e72407a8ccebb.jpg\" \/>         <\/section>\n<\/p><\/div>\n<div class=\"item item-6\">\n<section class=\"text-item\">\n<h1>SKETCHBOOK Kreatywny szkicownik z akcesoriami &#8211; T\u0119czowy Jednoro\u017cec<\/h1>\n<p>Pecoware 201UP<\/p>\n<p>Zestaw zawiera:<\/p>\n<ul>\n<li>sketchbook z czystymi kartkami do rysowania i dekorowania,<\/li>\n<li>ozdobny d\u0142ugopis \u015bwiec\u0105cy w ciemno\u015bci,<\/li>\n<li>bransoletka z charmsami \u015bwiec\u0105ca w ciemno\u015bci,<\/li>\n<li>ozdobne naklejki \u015bwiec\u0105ce w ciemno\u015bci,<\/li>\n<li>arkusz tradycyjnych naklejek,<\/li>\n<li>dekoracyjne gwiazdki \u015bwiec\u0105ce w ciemno\u015bci.<\/li>\n<\/ul>\n<p>Sketchbook to zach\u0119ta do r\u0119cznego szkicowania i dekorowania.<\/p>\n<ul>\n<li>rozwija wyobra\u017ani\u0119 i kreatywno\u015b\u0107,<\/li>\n<li>zach\u0119ca do tw\u00f3rczej zabawy,<\/li>\n<li>wymiary opakowania: 31 x 30 x 4 cm.<\/li>\n<\/ul>\n<p>Wiek: 6+.<\/p>\n<\/section><\/div>\n<\/section>\n<section class=\"section\">\n<div class=\"item item-12\">\n<section class=\"image-item\">             <img decoding=\"async\" src=\"https:\/\/upload.cdn.baselinker.com\/products\/3029707\/759e7f64446cb1be9c9e72407a8ccebb.jpg\" \/>         <\/section>\n<\/p><\/div>\n<\/section>\n<p><strong>Dodatkowe informacje:<\/strong><\/p>\n","protected":false},"excerpt":{"rendered":"<p>SKETCHBOOK Kreatywny szkicownik z akcesoriami &#8211; T\u0119czowy Jednoro\u017cec Pecoware 201UP Zestaw zawiera: sketchbook z czystymi kartkami do rysowania i dekorowania,<\/p>\n","protected":false},"featured_media":8877,"comment_status":"open","ping_status":"closed","template":"","meta":[],"product_brand":[],"product_cat":[284],"product_tag":[],"class_list":{"0":"post-8805","1":"product","2":"type-product","3":"status-publish","4":"has-post-thumbnail","6":"product_cat-dla-dziewczynki","8":"first","9":"instock","10":"shipping-taxable","11":"purchasable","12":"product-type-simple"},"_links":{"self":[{"href":"https:\/\/czas.m2web.pl\/index.php?rest_route=\/wp\/v2\/product\/8805","targetHints":{"allow":["GET"]}}],"collection":[{"href":"https:\/\/czas.m2web.pl\/index.php?rest_route=\/wp\/v2\/product"}],"about":[{"href":"https:\/\/czas.m2web.pl\/index.php?rest_route=\/wp\/v2\/types\/product"}],"replies":[{"embeddable":true,"href":"https:\/\/czas.m2web.pl\/index.php?rest_route=%2Fwp%2Fv2%2Fcomments&post=8805"}],"version-history":[{"count":0,"href":"https:\/\/czas.m2web.pl\/index.php?rest_route=\/wp\/v2\/product\/8805\/revisions"}],"wp:featuredmedia":[{"embeddable":true,"href":"https:\/\/czas.m2web.pl\/index.php?rest_route=\/wp\/v2\/media\/8877"}],"wp:attachment":[{"href":"https:\/\/czas.m2web.pl\/index.php?rest_route=%2Fwp%2Fv2%2Fmedia&parent=8805"}],"wp:term":[{"taxonomy":"product_brand","embeddable":true,"href":"https:\/\/czas.m2web.pl\/index.php?rest_route=%2Fwp%2Fv2%2Fproduct_brand&post=8805"},{"taxonomy":"product_cat","embeddable":true,"href":"https:\/\/czas.m2web.pl\/index.php?rest_route=%2Fwp%2Fv2%2Fproduct_cat&post=8805"},{"taxonomy":"product_tag","embeddable":true,"href":"https:\/\/czas.m2web.pl\/index.php?rest_route=%2Fwp%2Fv2%2Fproduct_tag&post=8805"}],"curies":[{"name":"wp","href":"https:\/\/api.w.org\/{rel}","templated":true}]}}