{"id":8807,"date":"2026-01-04T23:27:29","date_gmt":"2026-01-04T22:27:29","guid":{"rendered":"https:\/\/czas.m2web.pl\/?post_type=product&#038;p=8807"},"modified":"2026-01-04T23:27:56","modified_gmt":"2026-01-04T22:27:56","slug":"pecoware-scrapbook-kreatywny-album-akcesoria-sukienka-baletnicy-558dd","status":"publish","type":"product","link":"https:\/\/czas.m2web.pl\/?product=pecoware-scrapbook-kreatywny-album-akcesoria-sukienka-baletnicy-558dd","title":{"rendered":"PECOWARE SCRAPBOOK Kreatywny album, akcesoria &#8211; Sukienka Baletnicy 558DD"},"content":{"rendered":"<section class=\"section\">\n<div class=\"item item-6\">\n<section class=\"image-item\">             <img decoding=\"async\" src=\"https:\/\/upload.cdn.baselinker.com\/products\/3029707\/5756ba84175232ce58842cf3af3ea02a.jpg\" \/>         <\/section>\n<\/p><\/div>\n<div class=\"item item-6\">\n<section class=\"text-item\">\n<h1>SCRAPBOOK Kreatywny album z akcesoriami &#8211; Sukienka Baletnicy<\/h1>\n<p>Pecoware 558DD<\/p>\n<p>Zestaw zawiera:<\/p>\n<ul>\n<li>album w twardej oprawie o wymiarach 27 x 23 cm ze zdobionymi kartkami,<\/li>\n<li>miejsca na zdj\u0119cia i opisy,<\/li>\n<li>koraliki,<\/li>\n<li>tasiemki,<\/li>\n<li>naklejki, w tym 5 du\u017cych naklejek 3D,<\/li>\n<li>kryszta\u0142ki w r\u00f3\u017cnych kszta\u0142tach i kolorach,<\/li>\n<li>tekturowe elementy dekoracyjne: ramki, zak\u0142adki itp.<\/li>\n<\/ul>\n<p>Scrapbook to zach\u0119ta do r\u0119cznego tworzenia i dekorowania ksi\u0119gi pami\u0105tkowej ze zdj\u0119ciami i pami\u0105tkami rodzinnymi. Ponad 120 element\u00f3w do dekoracji w zestawie.<\/p>\n<ul>\n<li>rozwija wyobra\u017ani\u0119 i kreatywno\u015b\u0107,<\/li>\n<li>zach\u0119ca do tw\u00f3rczej zabawy,<\/li>\n<li>wymiary opakowania: 27x23x4 cm.<\/li>\n<\/ul>\n<p>Wiek: 6+.<\/p>\n<\/section><\/div>\n<\/section>\n<section class=\"section\">\n<div class=\"item item-12\">\n<section class=\"image-item\">             <img decoding=\"async\" src=\"https:\/\/upload.cdn.baselinker.com\/products\/3029707\/48c3d6a07ce81c006ca9a6b033ff4dee.jpg\" \/>         <\/section>\n<\/p><\/div>\n<\/section>\n<p><strong>Dodatkowe informacje:<\/strong><\/p>\n","protected":false},"excerpt":{"rendered":"<p>SCRAPBOOK Kreatywny album z akcesoriami &#8211; Sukienka Baletnicy Pecoware 558DD Zestaw zawiera: album w twardej oprawie o wymiarach 27 x<\/p>\n","protected":false},"featured_media":8880,"comment_status":"open","ping_status":"closed","template":"","meta":[],"product_brand":[],"product_cat":[284],"product_tag":[],"class_list":{"0":"post-8807","1":"product","2":"type-product","3":"status-publish","4":"has-post-thumbnail","6":"product_cat-dla-dziewczynki","8":"first","9":"instock","10":"shipping-taxable","11":"purchasable","12":"product-type-simple"},"_links":{"self":[{"href":"https:\/\/czas.m2web.pl\/index.php?rest_route=\/wp\/v2\/product\/8807","targetHints":{"allow":["GET"]}}],"collection":[{"href":"https:\/\/czas.m2web.pl\/index.php?rest_route=\/wp\/v2\/product"}],"about":[{"href":"https:\/\/czas.m2web.pl\/index.php?rest_route=\/wp\/v2\/types\/product"}],"replies":[{"embeddable":true,"href":"https:\/\/czas.m2web.pl\/index.php?rest_route=%2Fwp%2Fv2%2Fcomments&post=8807"}],"version-history":[{"count":0,"href":"https:\/\/czas.m2web.pl\/index.php?rest_route=\/wp\/v2\/product\/8807\/revisions"}],"wp:featuredmedia":[{"embeddable":true,"href":"https:\/\/czas.m2web.pl\/index.php?rest_route=\/wp\/v2\/media\/8880"}],"wp:attachment":[{"href":"https:\/\/czas.m2web.pl\/index.php?rest_route=%2Fwp%2Fv2%2Fmedia&parent=8807"}],"wp:term":[{"taxonomy":"product_brand","embeddable":true,"href":"https:\/\/czas.m2web.pl\/index.php?rest_route=%2Fwp%2Fv2%2Fproduct_brand&post=8807"},{"taxonomy":"product_cat","embeddable":true,"href":"https:\/\/czas.m2web.pl\/index.php?rest_route=%2Fwp%2Fv2%2Fproduct_cat&post=8807"},{"taxonomy":"product_tag","embeddable":true,"href":"https:\/\/czas.m2web.pl\/index.php?rest_route=%2Fwp%2Fv2%2Fproduct_tag&post=8807"}],"curies":[{"name":"wp","href":"https:\/\/api.w.org\/{rel}","templated":true}]}}