{"id":8808,"date":"2026-01-04T23:27:29","date_gmt":"2026-01-04T22:27:29","guid":{"rendered":"https:\/\/czas.m2web.pl\/?post_type=product&#038;p=8808"},"modified":"2026-01-04T23:27:57","modified_gmt":"2026-01-04T22:27:57","slug":"pecoware-szkatulka-owalna-z-pozytywka-kot-baletnica-160bk","status":"publish","type":"product","link":"https:\/\/czas.m2web.pl\/?product=pecoware-szkatulka-owalna-z-pozytywka-kot-baletnica-160bk","title":{"rendered":"PECOWARE Szkatu\u0142ka owalna z pozytywk\u0105 &#8211;  Kot Baletnica 160BK"},"content":{"rendered":"<section class=\"section\">\n<div class=\"item item-6\">\n<section class=\"image-item\">             <img decoding=\"async\" src=\"https:\/\/upload.cdn.baselinker.com\/products\/3029707\/840b71b2e2da7fd74da55d8a45788588.jpg\" \/>         <\/section>\n<\/p><\/div>\n<div class=\"item item-6\">\n<section class=\"text-item\">\n<h1>Szkatu\u0142ka z pozytywk\u0105 &#8211; Kot Baletnica<\/h1>\n<p>Pecoware 160BK<\/p>\n<p>\u015aliczna szkatu\u0142ka z pozytywk\u0105 o owalnym kszta\u0142cie. Umo\u017cliwia przechowywanie r\u00f3\u017cnych drobiazg\u00f3w oraz bi\u017cuterii.<\/p>\n<p>Pozytywka uruchamia si\u0119 po otwarciu wieczka. Wewn\u0105trz znajduje si\u0119 lusterko, miejsce na r\u00f3\u017cne drobiazgi oraz figurka Kota Baletnicy kr\u0119c\u0105ca si\u0119 w rytm melodii &#8222;Dla Elizy&#8221;.<\/p>\n<p>Pozytywka dzia\u0142a dzi\u0119ki mechanizmowi spr\u0119\u017cynowemu. Gdy melodia przestanie gra\u0107, pozytywk\u0119 wystarczy nakr\u0119ci\u0107.<\/p>\n<p>Szkatu\u0142k\u0119 wykonano ze wzmocnionej tektury.<\/p>\n<p>Wymiary: 15 x 13 x 7,5 cm.<\/p>\n<p>Wiek: 3+.<\/p>\n<\/section><\/div>\n<\/section>\n<section class=\"section\">\n<div class=\"item item-12\">\n<section class=\"image-item\">             <img decoding=\"async\" src=\"https:\/\/upload.cdn.baselinker.com\/products\/3029707\/840b71b2e2da7fd74da55d8a45788588.jpg\" \/>         <\/section>\n<\/p><\/div>\n<\/section>\n<section class=\"section\">\n<div class=\"item item-12\">\n<section class=\"image-item\">             <img decoding=\"async\" src=\"https:\/\/upload.cdn.baselinker.com\/products\/3029707\/806aba9f706d0ac2ef4aa0cc09a7f451.jpg\" \/>         <\/section>\n<\/p><\/div>\n<\/section>\n<p><strong>Dodatkowe informacje:<\/strong><\/p>\n","protected":false},"excerpt":{"rendered":"<p>Szkatu\u0142ka z pozytywk\u0105 &#8211; Kot Baletnica Pecoware 160BK \u015aliczna szkatu\u0142ka z pozytywk\u0105 o owalnym kszta\u0142cie. Umo\u017cliwia przechowywanie r\u00f3\u017cnych drobiazg\u00f3w oraz<\/p>\n","protected":false},"featured_media":8882,"comment_status":"open","ping_status":"closed","template":"","meta":[],"product_brand":[],"product_cat":[284],"product_tag":[],"class_list":{"0":"post-8808","1":"product","2":"type-product","3":"status-publish","4":"has-post-thumbnail","6":"product_cat-dla-dziewczynki","8":"first","9":"instock","10":"shipping-taxable","11":"purchasable","12":"product-type-simple"},"_links":{"self":[{"href":"https:\/\/czas.m2web.pl\/index.php?rest_route=\/wp\/v2\/product\/8808","targetHints":{"allow":["GET"]}}],"collection":[{"href":"https:\/\/czas.m2web.pl\/index.php?rest_route=\/wp\/v2\/product"}],"about":[{"href":"https:\/\/czas.m2web.pl\/index.php?rest_route=\/wp\/v2\/types\/product"}],"replies":[{"embeddable":true,"href":"https:\/\/czas.m2web.pl\/index.php?rest_route=%2Fwp%2Fv2%2Fcomments&post=8808"}],"version-history":[{"count":0,"href":"https:\/\/czas.m2web.pl\/index.php?rest_route=\/wp\/v2\/product\/8808\/revisions"}],"wp:featuredmedia":[{"embeddable":true,"href":"https:\/\/czas.m2web.pl\/index.php?rest_route=\/wp\/v2\/media\/8882"}],"wp:attachment":[{"href":"https:\/\/czas.m2web.pl\/index.php?rest_route=%2Fwp%2Fv2%2Fmedia&parent=8808"}],"wp:term":[{"taxonomy":"product_brand","embeddable":true,"href":"https:\/\/czas.m2web.pl\/index.php?rest_route=%2Fwp%2Fv2%2Fproduct_brand&post=8808"},{"taxonomy":"product_cat","embeddable":true,"href":"https:\/\/czas.m2web.pl\/index.php?rest_route=%2Fwp%2Fv2%2Fproduct_cat&post=8808"},{"taxonomy":"product_tag","embeddable":true,"href":"https:\/\/czas.m2web.pl\/index.php?rest_route=%2Fwp%2Fv2%2Fproduct_tag&post=8808"}],"curies":[{"name":"wp","href":"https:\/\/api.w.org\/{rel}","templated":true}]}}