{"id":8851,"date":"2026-01-04T23:27:50","date_gmt":"2026-01-04T22:27:50","guid":{"rendered":"https:\/\/czas.m2web.pl\/?post_type=product&#038;p=8851"},"modified":"2026-01-04T23:27:58","modified_gmt":"2026-01-04T22:27:58","slug":"pecoware-pamietnik-na-kluczyk-z-niewidzialnym-dlugopisem-sukienka-baletnicy-501dd","status":"publish","type":"product","link":"https:\/\/czas.m2web.pl\/?product=pecoware-pamietnik-na-kluczyk-z-niewidzialnym-dlugopisem-sukienka-baletnicy-501dd","title":{"rendered":"PECOWARE Pami\u0119tnik na kluczyk z niewidzialnym d\u0142ugopisem &#8211; Sukienka Baletnicy 501DD"},"content":{"rendered":"<section class=\"section\">\n<div class=\"item item-6\">\n<section class=\"image-item\">             <img decoding=\"async\" src=\"https:\/\/upload.cdn.baselinker.com\/products\/3029707\/e02b05a83216aee8e2a024447451c3da.jpg\" \/>         <\/section>\n<\/p><\/div>\n<div class=\"item item-6\">\n<section class=\"text-item\">\n<h1>Pami\u0119tnik z niewidzialnym d\u0142ugopisem &#8211; Sukienka Baletnicy<\/h1>\n<p>Pecoware 501DD<\/p>\n<p>Dzi\u0119ki ma\u0142emu rozmiarowi b\u0119dzie idealny jako pierwszy pami\u0119tnik. Zawiera kartki z liniami na r\u00f3\u017cne zapiski. Idealny na wszystkie sekrety.<\/p>\n<p>W zestawie d\u0142ugopis z &#8222;niewidzialnym&#8221; tuszem. D\u0142ugopis pisze &#8222;niewidzialnym&#8221; tuszem, kt\u00f3ry b\u0119dzie widoczny dopiero po pod\u015bwietleniu go lamk\u0105 UV zawart\u0105 w d\u0142ugopisie. Ok\u0142adka ozdobiona jest brokatem.<\/p>\n<p>Pami\u0119tnik zamykany jest na kluczyk.<\/p>\n<p>Wiek: 5+.<\/p>\n<ul>\n<li>Wymiary pami\u0119tnika 11,5 x 14,5 cm<\/li>\n<\/ul>\n<\/section><\/div>\n<\/section>\n<section class=\"section\">\n<div class=\"item item-12\">\n<section class=\"image-item\">             <img decoding=\"async\" src=\"https:\/\/upload.cdn.baselinker.com\/products\/3029707\/e02b05a83216aee8e2a024447451c3da.jpg\" \/>         <\/section>\n<\/p><\/div>\n<\/section>\n<p><strong>Dodatkowe informacje:<\/strong><\/p>\n","protected":false},"excerpt":{"rendered":"<p>Pami\u0119tnik z niewidzialnym d\u0142ugopisem &#8211; Sukienka Baletnicy Pecoware 501DD Dzi\u0119ki ma\u0142emu rozmiarowi b\u0119dzie idealny jako pierwszy pami\u0119tnik. Zawiera kartki z<\/p>\n","protected":false},"featured_media":8884,"comment_status":"open","ping_status":"closed","template":"","meta":[],"product_brand":[],"product_cat":[284],"product_tag":[],"class_list":{"0":"post-8851","1":"product","2":"type-product","3":"status-publish","4":"has-post-thumbnail","6":"product_cat-dla-dziewczynki","8":"first","9":"instock","10":"shipping-taxable","11":"purchasable","12":"product-type-simple"},"_links":{"self":[{"href":"https:\/\/czas.m2web.pl\/index.php?rest_route=\/wp\/v2\/product\/8851","targetHints":{"allow":["GET"]}}],"collection":[{"href":"https:\/\/czas.m2web.pl\/index.php?rest_route=\/wp\/v2\/product"}],"about":[{"href":"https:\/\/czas.m2web.pl\/index.php?rest_route=\/wp\/v2\/types\/product"}],"replies":[{"embeddable":true,"href":"https:\/\/czas.m2web.pl\/index.php?rest_route=%2Fwp%2Fv2%2Fcomments&post=8851"}],"version-history":[{"count":0,"href":"https:\/\/czas.m2web.pl\/index.php?rest_route=\/wp\/v2\/product\/8851\/revisions"}],"wp:featuredmedia":[{"embeddable":true,"href":"https:\/\/czas.m2web.pl\/index.php?rest_route=\/wp\/v2\/media\/8884"}],"wp:attachment":[{"href":"https:\/\/czas.m2web.pl\/index.php?rest_route=%2Fwp%2Fv2%2Fmedia&parent=8851"}],"wp:term":[{"taxonomy":"product_brand","embeddable":true,"href":"https:\/\/czas.m2web.pl\/index.php?rest_route=%2Fwp%2Fv2%2Fproduct_brand&post=8851"},{"taxonomy":"product_cat","embeddable":true,"href":"https:\/\/czas.m2web.pl\/index.php?rest_route=%2Fwp%2Fv2%2Fproduct_cat&post=8851"},{"taxonomy":"product_tag","embeddable":true,"href":"https:\/\/czas.m2web.pl\/index.php?rest_route=%2Fwp%2Fv2%2Fproduct_tag&post=8851"}],"curies":[{"name":"wp","href":"https:\/\/api.w.org\/{rel}","templated":true}]}}