{"id":8854,"date":"2026-01-04T23:27:50","date_gmt":"2026-01-04T22:27:50","guid":{"rendered":"https:\/\/czas.m2web.pl\/?post_type=product&#038;p=8854"},"modified":"2026-01-04T23:27:59","modified_gmt":"2026-01-04T22:27:59","slug":"pecoware-pamietnik-kolozeszyt-z-dlugopisem-motylki-533bg","status":"publish","type":"product","link":"https:\/\/czas.m2web.pl\/?product=pecoware-pamietnik-kolozeszyt-z-dlugopisem-motylki-533bg","title":{"rendered":"PECOWARE Pami\u0119tnik ko\u0142ozeszyt z d\u0142ugopisem &#8211; Motylki 533BG"},"content":{"rendered":"<section class=\"section\">\n<div class=\"item item-6\">\n<section class=\"image-item\">             <img decoding=\"async\" src=\"https:\/\/upload.cdn.baselinker.com\/products\/3029707\/02f2280f504d101c9a3eb1bcbe439871.jpg\" \/>         <\/section>\n<\/p><\/div>\n<div class=\"item item-6\">\n<section class=\"text-item\">\n<h1>Pami\u0119tnik, ko\u0142ozeszyt z d\u0142ugopisem &#8211; Motylki<\/h1>\n<p>Pecoware 533BG<\/p>\n<p>Zestaw zawiera:<\/p>\n<ul>\n<li>pami\u0119tnik na spirali z kolorowymi kartkami,<\/li>\n<li>d\u0142ugopis w 4 kolorach,<\/li>\n<li>naklejki 3D,<\/li>\n<li>kolorowe papierowe spinacze,<\/li>\n<li>1 zakre\u015blacz.<\/li>\n<\/ul>\n<p>Wszystkie akcesoria zapakowane s\u0105 w dodatkowym opakowaniu doczepionym do spirali pami\u0119tnika.<\/p>\n<p>Wiek: 6+.<\/p>\n<ul>\n<li>Wymiary pami\u0119tnika 21,5 x 15,5 cm<\/li>\n<\/ul>\n<\/section><\/div>\n<\/section>\n<section class=\"section\">\n<div class=\"item item-12\">\n<section class=\"image-item\">             <img decoding=\"async\" src=\"https:\/\/upload.cdn.baselinker.com\/products\/3029707\/02f2280f504d101c9a3eb1bcbe439871.jpg\" \/>         <\/section>\n<\/p><\/div>\n<\/section>\n<p><strong>Dodatkowe informacje:<\/strong><\/p>\n","protected":false},"excerpt":{"rendered":"<p>Pami\u0119tnik, ko\u0142ozeszyt z d\u0142ugopisem &#8211; Motylki Pecoware 533BG Zestaw zawiera: pami\u0119tnik na spirali z kolorowymi kartkami, d\u0142ugopis w 4 kolorach,<\/p>\n","protected":false},"featured_media":8887,"comment_status":"open","ping_status":"closed","template":"","meta":[],"product_brand":[],"product_cat":[284],"product_tag":[],"class_list":{"0":"post-8854","1":"product","2":"type-product","3":"status-publish","4":"has-post-thumbnail","6":"product_cat-dla-dziewczynki","8":"first","9":"instock","10":"shipping-taxable","11":"purchasable","12":"product-type-simple"},"_links":{"self":[{"href":"https:\/\/czas.m2web.pl\/index.php?rest_route=\/wp\/v2\/product\/8854","targetHints":{"allow":["GET"]}}],"collection":[{"href":"https:\/\/czas.m2web.pl\/index.php?rest_route=\/wp\/v2\/product"}],"about":[{"href":"https:\/\/czas.m2web.pl\/index.php?rest_route=\/wp\/v2\/types\/product"}],"replies":[{"embeddable":true,"href":"https:\/\/czas.m2web.pl\/index.php?rest_route=%2Fwp%2Fv2%2Fcomments&post=8854"}],"version-history":[{"count":0,"href":"https:\/\/czas.m2web.pl\/index.php?rest_route=\/wp\/v2\/product\/8854\/revisions"}],"wp:featuredmedia":[{"embeddable":true,"href":"https:\/\/czas.m2web.pl\/index.php?rest_route=\/wp\/v2\/media\/8887"}],"wp:attachment":[{"href":"https:\/\/czas.m2web.pl\/index.php?rest_route=%2Fwp%2Fv2%2Fmedia&parent=8854"}],"wp:term":[{"taxonomy":"product_brand","embeddable":true,"href":"https:\/\/czas.m2web.pl\/index.php?rest_route=%2Fwp%2Fv2%2Fproduct_brand&post=8854"},{"taxonomy":"product_cat","embeddable":true,"href":"https:\/\/czas.m2web.pl\/index.php?rest_route=%2Fwp%2Fv2%2Fproduct_cat&post=8854"},{"taxonomy":"product_tag","embeddable":true,"href":"https:\/\/czas.m2web.pl\/index.php?rest_route=%2Fwp%2Fv2%2Fproduct_tag&post=8854"}],"curies":[{"name":"wp","href":"https:\/\/api.w.org\/{rel}","templated":true}]}}