{"id":8856,"date":"2026-01-04T23:27:50","date_gmt":"2026-01-04T22:27:50","guid":{"rendered":"https:\/\/czas.m2web.pl\/?post_type=product&#038;p=8856"},"modified":"2026-01-04T23:28:00","modified_gmt":"2026-01-04T22:28:00","slug":"pecoware-pamietnik-z-dlugopisem-flaming-531fm","status":"publish","type":"product","link":"https:\/\/czas.m2web.pl\/?product=pecoware-pamietnik-z-dlugopisem-flaming-531fm","title":{"rendered":"PECOWARE Pami\u0119tnik z d\u0142ugopisem &#8211; Flaming 531FM"},"content":{"rendered":"<section class=\"section\">\n<div class=\"item item-6\">\n<section class=\"image-item\">             <img decoding=\"async\" src=\"https:\/\/upload.cdn.baselinker.com\/products\/3029707\/fb9a08e2d1279d09b12c39af8b557b91.jpg\" \/>         <\/section>\n<\/p><\/div>\n<div class=\"item item-6\">\n<section class=\"text-item\">\n<h1>Pami\u0119tnik z d\u0142ugopisem &#8211; Flaming<\/h1>\n<p>Pecoware 531FM<\/p>\n<p>Gruby pami\u0119tnik z kolorowymi kartkami zamykany na zamek.<\/p>\n<p>Zestaw zawiera:<\/p>\n<ul>\n<li>pami\u0119tnik z kolorowymi kartkami,<\/li>\n<li>ozdobny d\u0142ugopis z brokatow\u0105 gwiazdk\u0105,<\/li>\n<li>3 naklejki 3D,<\/li>\n<li>samoprzylepne kolorowe cekiny,<\/li>\n<li>2 kluczyki do zamka.<\/li>\n<\/ul>\n<p>Wiek: 6+.<\/p>\n<ul>\n<li>Wymiary pami\u0119tnika 18 x 13,5 cm<\/li>\n<\/ul>\n<\/section><\/div>\n<\/section>\n<section class=\"section\">\n<div class=\"item item-12\">\n<section class=\"image-item\">             <img decoding=\"async\" src=\"https:\/\/upload.cdn.baselinker.com\/products\/3029707\/fb9a08e2d1279d09b12c39af8b557b91.jpg\" \/>         <\/section>\n<\/p><\/div>\n<\/section>\n<p><strong>Dodatkowe informacje:<\/strong><\/p>\n","protected":false},"excerpt":{"rendered":"<p>Pami\u0119tnik z d\u0142ugopisem &#8211; Flaming Pecoware 531FM Gruby pami\u0119tnik z kolorowymi kartkami zamykany na zamek. Zestaw zawiera: pami\u0119tnik z kolorowymi<\/p>\n","protected":false},"featured_media":8889,"comment_status":"open","ping_status":"closed","template":"","meta":[],"product_brand":[],"product_cat":[284],"product_tag":[],"class_list":{"0":"post-8856","1":"product","2":"type-product","3":"status-publish","4":"has-post-thumbnail","6":"product_cat-dla-dziewczynki","8":"first","9":"instock","10":"shipping-taxable","11":"purchasable","12":"product-type-simple"},"_links":{"self":[{"href":"https:\/\/czas.m2web.pl\/index.php?rest_route=\/wp\/v2\/product\/8856","targetHints":{"allow":["GET"]}}],"collection":[{"href":"https:\/\/czas.m2web.pl\/index.php?rest_route=\/wp\/v2\/product"}],"about":[{"href":"https:\/\/czas.m2web.pl\/index.php?rest_route=\/wp\/v2\/types\/product"}],"replies":[{"embeddable":true,"href":"https:\/\/czas.m2web.pl\/index.php?rest_route=%2Fwp%2Fv2%2Fcomments&post=8856"}],"version-history":[{"count":0,"href":"https:\/\/czas.m2web.pl\/index.php?rest_route=\/wp\/v2\/product\/8856\/revisions"}],"wp:featuredmedia":[{"embeddable":true,"href":"https:\/\/czas.m2web.pl\/index.php?rest_route=\/wp\/v2\/media\/8889"}],"wp:attachment":[{"href":"https:\/\/czas.m2web.pl\/index.php?rest_route=%2Fwp%2Fv2%2Fmedia&parent=8856"}],"wp:term":[{"taxonomy":"product_brand","embeddable":true,"href":"https:\/\/czas.m2web.pl\/index.php?rest_route=%2Fwp%2Fv2%2Fproduct_brand&post=8856"},{"taxonomy":"product_cat","embeddable":true,"href":"https:\/\/czas.m2web.pl\/index.php?rest_route=%2Fwp%2Fv2%2Fproduct_cat&post=8856"},{"taxonomy":"product_tag","embeddable":true,"href":"https:\/\/czas.m2web.pl\/index.php?rest_route=%2Fwp%2Fv2%2Fproduct_tag&post=8856"}],"curies":[{"name":"wp","href":"https:\/\/api.w.org\/{rel}","templated":true}]}}