{"id":8866,"date":"2026-01-04T23:27:50","date_gmt":"2026-01-04T22:27:50","guid":{"rendered":"https:\/\/czas.m2web.pl\/?post_type=product&#038;p=8866"},"modified":"2026-01-04T23:28:21","modified_gmt":"2026-01-04T22:28:21","slug":"stamp-hulajnoga-dwukolowa-stitch-626042","status":"publish","type":"product","link":"https:\/\/czas.m2web.pl\/?product=stamp-hulajnoga-dwukolowa-stitch-626042","title":{"rendered":"STAMP Hulajnoga dwuko\u0142owa STITCH 626042"},"content":{"rendered":"<section class=\"section\">\n<div class=\"item item-6\">\n<section class=\"image-item\"><img decoding=\"async\" src=\"https:\/\/upload.cdn.baselinker.com\/products\/3029707\/f3a389e368b61ead2dd499dd364bc7f5.jpg\" \/><\/section>\n<\/div>\n<div class=\"item item-6\">\n<section class=\"text-item\">\n<h1>STAMP Hulajnoga dwuko\u0142owa STITCH<\/h1>\n<p> Nr kat.: 626042<\/p>\n<p> Hulajnoga dwuko\u0142owa na licencji Disney\u2019a z bohaterem animacji Lilo&amp;Stitch!<\/p>\n<p> Posiada lekk\u0105, aluminiow\u0105 konstrukcj\u0119, antypo\u015blizgowy podest, hamulec tylnego ko\u0142a oraz wytrzyma\u0142e k\u00f3\u0142ka z polichlorku winylu (PVC).<\/p>\n<ul>\n<li>Rozmiar k\u00f3\u0142: 120 mm<\/li>\n<li>Regulowana wysoko\u015b\u0107 kierownicy: 70\u201380 cm<\/li>\n<li>Wymiary ca\u0142ego podestu: d\u0142. 35 cm, szer. 10 cm.<\/li>\n<li>Maksymalne obci\u0105\u017cenie: 50 kg.<\/li>\n<li>\u0141o\u017cyska: ABEC 5.<\/li>\n<li>Wiek: 4+<\/li>\n<li>Zapakowana w oryginalny karton.<\/li>\n<\/ul>\n<p> Mo\u017cna j\u0105 w \u0142atwy i szybki spos\u00f3b z\u0142o\u017cy\u0107, co u\u0142atwia transport i przechowywanie.<\/p>\n<\/section>\n<\/div>\n<\/section>\n<section class=\"section\">\n<div class=\"item item-12\">\n<section class=\"image-item\"><img decoding=\"async\" src=\"https:\/\/upload.cdn.baselinker.com\/products\/3029707\/f3a389e368b61ead2dd499dd364bc7f5.jpg\" \/><\/section>\n<\/div>\n<\/section>\n<section class=\"section\">\n<div class=\"item item-12\">\n<section class=\"image-item\"><img decoding=\"async\" src=\"https:\/\/upload.cdn.baselinker.com\/products\/3029707\/3ab2fb5d70552690692e6fbf6db55213.jpg\" \/><\/section>\n<\/div>\n<\/section>\n<section class=\"section\">\n<div class=\"item item-12\">\n<section class=\"image-item\"><img loading=\"lazy\" decoding=\"async\" class=\"aligncenter size-full wp-image-93349\" src=\"https:\/\/czasnazakupy.pl\/wp-content\/uploads\/2025\/02\/Hulajnoga-2K_9.jpg\" alt=\"\" width=\"931\" height=\"594\" \/><\/section>\n<\/div>\n<\/section>\n<section class=\"section\">\n<div class=\"item item-12\">\n<section class=\"image-item\"><img decoding=\"async\" src=\"https:\/\/upload.cdn.baselinker.com\/products\/3029707\/9df3d294227277d0d0dead3852005f73.jpg\" \/><\/section>\n<\/div>\n<\/section>\n<section class=\"section\">\n<div class=\"item item-12\">\n<section class=\"image-item\"><img decoding=\"async\" src=\"https:\/\/upload.cdn.baselinker.com\/products\/3029707\/f691219446e5b45419c51a5d55c8a99f.jpg\" \/><\/section>\n<\/div>\n<\/section>\n<section class=\"section\">\n<div class=\"item item-12\">\n<section class=\"image-item\"><img decoding=\"async\" src=\"https:\/\/upload.cdn.baselinker.com\/products\/3029707\/54ba3472957f396d02dd375bb73f90cd.jpg\" \/><\/section>\n<\/div>\n<\/section>\n<section class=\"section\">\n<div class=\"item item-12\">\n<section class=\"image-item\"><img decoding=\"async\" src=\"https:\/\/upload.cdn.baselinker.com\/products\/3029707\/69211e5225f37a3b2f7abf5366e2c0df.jpg\" \/><\/section>\n<\/div>\n<\/section>\n<p><strong>Dodatkowe informacje:<\/strong><\/p>\n","protected":false},"excerpt":{"rendered":"<p>STAMP Hulajnoga dwuko\u0142owa STITCH Nr kat.: 626042 Hulajnoga dwuko\u0142owa na licencji Disney\u2019a z bohaterem animacji Lilo&amp;Stitch! Posiada lekk\u0105, aluminiow\u0105 konstrukcj\u0119,<\/p>\n","protected":false},"featured_media":8927,"comment_status":"open","ping_status":"closed","template":"","meta":[],"product_brand":[],"product_cat":[418,417],"product_tag":[],"class_list":{"0":"post-8866","1":"product","2":"type-product","3":"status-publish","4":"has-post-thumbnail","6":"product_cat-hulajnogi-i-rowerki","7":"product_cat-zabawki-outdoorowe","9":"first","10":"instock","11":"shipping-taxable","12":"purchasable","13":"product-type-simple"},"_links":{"self":[{"href":"https:\/\/czas.m2web.pl\/index.php?rest_route=\/wp\/v2\/product\/8866","targetHints":{"allow":["GET"]}}],"collection":[{"href":"https:\/\/czas.m2web.pl\/index.php?rest_route=\/wp\/v2\/product"}],"about":[{"href":"https:\/\/czas.m2web.pl\/index.php?rest_route=\/wp\/v2\/types\/product"}],"replies":[{"embeddable":true,"href":"https:\/\/czas.m2web.pl\/index.php?rest_route=%2Fwp%2Fv2%2Fcomments&post=8866"}],"version-history":[{"count":0,"href":"https:\/\/czas.m2web.pl\/index.php?rest_route=\/wp\/v2\/product\/8866\/revisions"}],"wp:featuredmedia":[{"embeddable":true,"href":"https:\/\/czas.m2web.pl\/index.php?rest_route=\/wp\/v2\/media\/8927"}],"wp:attachment":[{"href":"https:\/\/czas.m2web.pl\/index.php?rest_route=%2Fwp%2Fv2%2Fmedia&parent=8866"}],"wp:term":[{"taxonomy":"product_brand","embeddable":true,"href":"https:\/\/czas.m2web.pl\/index.php?rest_route=%2Fwp%2Fv2%2Fproduct_brand&post=8866"},{"taxonomy":"product_cat","embeddable":true,"href":"https:\/\/czas.m2web.pl\/index.php?rest_route=%2Fwp%2Fv2%2Fproduct_cat&post=8866"},{"taxonomy":"product_tag","embeddable":true,"href":"https:\/\/czas.m2web.pl\/index.php?rest_route=%2Fwp%2Fv2%2Fproduct_tag&post=8866"}],"curies":[{"name":"wp","href":"https:\/\/api.w.org\/{rel}","templated":true}]}}