{"id":8870,"date":"2026-01-04T23:27:50","date_gmt":"2026-01-04T22:27:50","guid":{"rendered":"https:\/\/czas.m2web.pl\/?post_type=product&#038;p=8870"},"modified":"2026-01-04T23:28:25","modified_gmt":"2026-01-04T22:28:25","slug":"stamp-hulajnoga-dwukolowa-psi-patrol-rozowa-340042","status":"publish","type":"product","link":"https:\/\/czas.m2web.pl\/?product=stamp-hulajnoga-dwukolowa-psi-patrol-rozowa-340042","title":{"rendered":"STAMP Hulajnoga dwuko\u0142owa PSI PATROL R\u00f3\u017cowa 340042"},"content":{"rendered":"<section class=\"section\">\n<div class=\"item item-6\">\n<section class=\"image-item\"><img decoding=\"async\" src=\"https:\/\/upload.cdn.baselinker.com\/products\/3029707\/09ddf43808dd4166bccc1b9e3298d116.jpg\" \/><\/section>\n<\/div>\n<div class=\"item item-6\">\n<section class=\"text-item\">\n<h1>STAMP Hulajnoga dwuko\u0142owa PSI PATROL (Paw Patrol)<\/h1>\n<p> Nr kat.: 340042<\/p>\n<p> Hulajnoga dwuko\u0142owa na licencji stacji Nickelodeon z bohaterkami animacji <b>Psi Patrol!<\/b><\/p>\n<p> <b>Posiada lekk\u0105, aluminiow\u0105 konstrukcj\u0119, antypo\u015blizgowy podest, hamulec tylnego ko\u0142a oraz wytrzyma\u0142e k\u00f3\u0142ka z polichlorku winylu (PVC).<\/b><\/p>\n<p> Mo\u017cna j\u0105 w \u0142atwy i szybki spos\u00f3b z\u0142o\u017cy\u0107, co u\u0142atwia transport i przechowywanie.<\/p>\n<ul>\n<li>Rozmiar k\u00f3\u0142: 120 mm<\/li>\n<li>Regulowana wysoko\u015b\u0107 kierownicy: 70\u201380 cm<\/li>\n<li>Wymiary podestu (miejsca do stania): 29 x 9,5 cm.<\/li>\n<li>Maksymalne obci\u0105\u017cenie: 50 kg.<\/li>\n<li>\u0141o\u017cyska: ABEC 5.<\/li>\n<li>Wiek: 4+.<\/li>\n<\/ul>\n<p> Hulajnoga zapakowana w oryginalny karton.<\/p>\n<\/section>\n<\/div>\n<\/section>\n<section class=\"section\">\n<div class=\"item item-12\">\n<section class=\"image-item\"><img decoding=\"async\" src=\"https:\/\/upload.cdn.baselinker.com\/products\/3029707\/09ddf43808dd4166bccc1b9e3298d116.jpg\" \/><\/section>\n<\/div>\n<\/section>\n<section class=\"section\">\n<div class=\"item item-12\">\n<section class=\"image-item\"><img decoding=\"async\" src=\"https:\/\/upload.cdn.baselinker.com\/products\/3029707\/038d4aadbdbb9ba8fbaad95d531e71b9.jpg\" \/><\/section>\n<\/div>\n<\/section>\n<section class=\"section\">\n<div class=\"item item-12\">\n<section class=\"image-item\"><img decoding=\"async\" src=\"https:\/\/upload.cdn.baselinker.com\/products\/3029707\/0f9ee9734acedf03c433ba1c775e3d08.jpg\" \/><\/section>\n<\/div>\n<\/section>\n<section class=\"section\">\n<div class=\"item item-12\">\n<section class=\"image-item\"><img decoding=\"async\" src=\"https:\/\/upload.cdn.baselinker.com\/products\/3029707\/184fd18b3afa03ecd6037fc104ca8b56.jpg\" \/><\/section>\n<\/div>\n<\/section>\n<p><strong>Dodatkowe informacje:<\/strong><\/p>\n","protected":false},"excerpt":{"rendered":"<p>STAMP Hulajnoga dwuko\u0142owa PSI PATROL (Paw Patrol) Nr kat.: 340042 Hulajnoga dwuko\u0142owa na licencji stacji Nickelodeon z bohaterkami animacji Psi<\/p>\n","protected":false},"featured_media":8938,"comment_status":"open","ping_status":"closed","template":"","meta":[],"product_brand":[],"product_cat":[418,417],"product_tag":[],"class_list":{"0":"post-8870","1":"product","2":"type-product","3":"status-publish","4":"has-post-thumbnail","6":"product_cat-hulajnogi-i-rowerki","7":"product_cat-zabawki-outdoorowe","9":"first","10":"instock","11":"shipping-taxable","12":"purchasable","13":"product-type-simple"},"_links":{"self":[{"href":"https:\/\/czas.m2web.pl\/index.php?rest_route=\/wp\/v2\/product\/8870","targetHints":{"allow":["GET"]}}],"collection":[{"href":"https:\/\/czas.m2web.pl\/index.php?rest_route=\/wp\/v2\/product"}],"about":[{"href":"https:\/\/czas.m2web.pl\/index.php?rest_route=\/wp\/v2\/types\/product"}],"replies":[{"embeddable":true,"href":"https:\/\/czas.m2web.pl\/index.php?rest_route=%2Fwp%2Fv2%2Fcomments&post=8870"}],"version-history":[{"count":0,"href":"https:\/\/czas.m2web.pl\/index.php?rest_route=\/wp\/v2\/product\/8870\/revisions"}],"wp:featuredmedia":[{"embeddable":true,"href":"https:\/\/czas.m2web.pl\/index.php?rest_route=\/wp\/v2\/media\/8938"}],"wp:attachment":[{"href":"https:\/\/czas.m2web.pl\/index.php?rest_route=%2Fwp%2Fv2%2Fmedia&parent=8870"}],"wp:term":[{"taxonomy":"product_brand","embeddable":true,"href":"https:\/\/czas.m2web.pl\/index.php?rest_route=%2Fwp%2Fv2%2Fproduct_brand&post=8870"},{"taxonomy":"product_cat","embeddable":true,"href":"https:\/\/czas.m2web.pl\/index.php?rest_route=%2Fwp%2Fv2%2Fproduct_cat&post=8870"},{"taxonomy":"product_tag","embeddable":true,"href":"https:\/\/czas.m2web.pl\/index.php?rest_route=%2Fwp%2Fv2%2Fproduct_tag&post=8870"}],"curies":[{"name":"wp","href":"https:\/\/api.w.org\/{rel}","templated":true}]}}