{"id":8902,"date":"2026-01-04T23:28:12","date_gmt":"2026-01-04T22:28:12","guid":{"rendered":"https:\/\/czas.m2web.pl\/?post_type=product&#038;p=8902"},"modified":"2026-01-04T23:28:30","modified_gmt":"2026-01-04T22:28:30","slug":"hot-focus-750go-tweedowy-rozowy-plecaczek-z-brelokiem","status":"publish","type":"product","link":"https:\/\/czas.m2web.pl\/?product=hot-focus-750go-tweedowy-rozowy-plecaczek-z-brelokiem","title":{"rendered":"HOT FOCUS 750GO Tweedowy r\u00f3\u017cowy plecaczek z brelokiem"},"content":{"rendered":"<section class=\"section\">\n<div class=\"item item-6\">\n<section class=\"image-item\">\n            <img decoding=\"async\" src=\"https:\/\/upload.cdn.baselinker.com\/products\/3029707\/44bb59ee77ce70dada9bf962b3eace62.jpg\" \/><br \/>\n        <\/section>\n<\/p><\/div>\n<div class=\"item item-6\">\n<section class=\"text-item\">\n<h1>Tweedowy plecaczek z brelokiem\u00a0<\/h1>\n<p>Hot Focus\u00a0175750BB<\/p>\n<p>Plecaczek pomie\u015bci niezb\u0119dne akcesoria ma\u0142ej mi\u0142o\u015bniczki mody i trend\u00f3w. Wykonany z materia\u0142u tweed i ozdobiony mn\u00f3stwem akcesori\u00f3w, stylizowany i inspirowany trendami z najbardziej znanych dom\u00f3w mody. Do\u0142\u0105czony pasuj\u0105cy mi\u0119kki pluszowy breloczek dla dodatkowego dekoracyjnego efektu. Zapinany na zamek, zawiera 2 dodatkowe przegr\u00f3dki-kieszonki na magnetyczny guziczek oraz 1 dodatkow\u0105 przegr\u00f3dk\u0119 w \u015brodku. R\u0105czka i regulowane paski wykonane z materia\u0142u imituj\u0105cego sk\u00f3r\u0119.\u00a0<\/p>\n<p>Kolor: r\u00f3\u017cowy\/wielokolorowe przeszycia\/z\u0142ote i bia\u0142e elementy.<\/p>\n<p>Wiek: 5+<\/p>\n<p>Wymiary: 25 x 18 x 13 cm.<\/p>\n<\/section><\/div>\n<\/section>\n","protected":false},"excerpt":{"rendered":"<section class=\"section\">\n<div class=\"item item-12\">\n<section class=\"image-item\">\n            <img decoding=\"async\" src=\"https:\/\/upload.cdn.baselinker.com\/products\/3029707\/44bb59ee77ce70dada9bf962b3eace62.jpg\" \/><br \/>\n        <\/section>\n<\/p><\/div>\n<\/section>\n","protected":false},"featured_media":8946,"comment_status":"open","ping_status":"closed","template":"","meta":[],"product_brand":[],"product_cat":[284],"product_tag":[],"class_list":{"0":"post-8902","1":"product","2":"type-product","3":"status-publish","4":"has-post-thumbnail","6":"product_cat-dla-dziewczynki","8":"first","9":"instock","10":"shipping-taxable","11":"purchasable","12":"product-type-simple"},"_links":{"self":[{"href":"https:\/\/czas.m2web.pl\/index.php?rest_route=\/wp\/v2\/product\/8902","targetHints":{"allow":["GET"]}}],"collection":[{"href":"https:\/\/czas.m2web.pl\/index.php?rest_route=\/wp\/v2\/product"}],"about":[{"href":"https:\/\/czas.m2web.pl\/index.php?rest_route=\/wp\/v2\/types\/product"}],"replies":[{"embeddable":true,"href":"https:\/\/czas.m2web.pl\/index.php?rest_route=%2Fwp%2Fv2%2Fcomments&post=8902"}],"version-history":[{"count":0,"href":"https:\/\/czas.m2web.pl\/index.php?rest_route=\/wp\/v2\/product\/8902\/revisions"}],"wp:featuredmedia":[{"embeddable":true,"href":"https:\/\/czas.m2web.pl\/index.php?rest_route=\/wp\/v2\/media\/8946"}],"wp:attachment":[{"href":"https:\/\/czas.m2web.pl\/index.php?rest_route=%2Fwp%2Fv2%2Fmedia&parent=8902"}],"wp:term":[{"taxonomy":"product_brand","embeddable":true,"href":"https:\/\/czas.m2web.pl\/index.php?rest_route=%2Fwp%2Fv2%2Fproduct_brand&post=8902"},{"taxonomy":"product_cat","embeddable":true,"href":"https:\/\/czas.m2web.pl\/index.php?rest_route=%2Fwp%2Fv2%2Fproduct_cat&post=8902"},{"taxonomy":"product_tag","embeddable":true,"href":"https:\/\/czas.m2web.pl\/index.php?rest_route=%2Fwp%2Fv2%2Fproduct_tag&post=8902"}],"curies":[{"name":"wp","href":"https:\/\/api.w.org\/{rel}","templated":true}]}}