{"id":8903,"date":"2026-01-04T23:28:12","date_gmt":"2026-01-04T22:28:12","guid":{"rendered":"https:\/\/czas.m2web.pl\/?post_type=product&#038;p=8903"},"modified":"2026-01-04T23:28:31","modified_gmt":"2026-01-04T22:28:31","slug":"hot-focus-756go-tweedowa-czarna-torebeczka-z-brelokiem","status":"publish","type":"product","link":"https:\/\/czas.m2web.pl\/?product=hot-focus-756go-tweedowa-czarna-torebeczka-z-brelokiem","title":{"rendered":"HOT FOCUS 756GO Tweedowa czarna torebeczka z brelokiem"},"content":{"rendered":"<section class=\"section\">\n<div class=\"item item-6\">\n<section class=\"image-item\">\n            <img decoding=\"async\" src=\"https:\/\/upload.cdn.baselinker.com\/products\/3029707\/ab4acd13e51789aaca0da68cc1a76c6f.jpg\" \/><br \/>\n        <\/section>\n<\/p><\/div>\n<div class=\"item item-6\">\n<section class=\"text-item\">\n<h1>Tweedowa torebeczka z brelokiem\u00a0<\/h1>\n<p>Hot Focus\u00a0175756GO<\/p>\n<p>Torebeczka pomie\u015bci niezb\u0119dne akcesoria ma\u0142ej mi\u0142o\u015bniczki mody i trend\u00f3w. Wykonana z materia\u0142u tweed i ozdobiona mn\u00f3stwem akcesori\u00f3w. Do\u0142\u0105czony pasuj\u0105cy mi\u0119kki breloczek dla dodatkowego dekoracyjnego efektu. Torebeczk\u0119 mo\u017cna nosi\u0107 na d\u0142ugim z\u0142otym \u0142a\u0144cuszku. Zapinana na zamek.<\/p>\n<p>Kolor: czarny\/z\u0142ote elementy.<\/p>\n<p>Wiek: 5+<\/p>\n<p>Wymiary: 13 x 11 x 11 cm.<\/p>\n<\/section><\/div>\n<\/section>\n","protected":false},"excerpt":{"rendered":"<section class=\"section\">\n<div class=\"item item-12\">\n<section class=\"image-item\">\n            <img decoding=\"async\" src=\"https:\/\/upload.cdn.baselinker.com\/products\/3029707\/ab4acd13e51789aaca0da68cc1a76c6f.jpg\" \/><br \/>\n        <\/section>\n<\/p><\/div>\n<\/section>\n","protected":false},"featured_media":8947,"comment_status":"open","ping_status":"closed","template":"","meta":[],"product_brand":[],"product_cat":[284],"product_tag":[],"class_list":{"0":"post-8903","1":"product","2":"type-product","3":"status-publish","4":"has-post-thumbnail","6":"product_cat-dla-dziewczynki","8":"first","9":"instock","10":"shipping-taxable","11":"purchasable","12":"product-type-simple"},"_links":{"self":[{"href":"https:\/\/czas.m2web.pl\/index.php?rest_route=\/wp\/v2\/product\/8903","targetHints":{"allow":["GET"]}}],"collection":[{"href":"https:\/\/czas.m2web.pl\/index.php?rest_route=\/wp\/v2\/product"}],"about":[{"href":"https:\/\/czas.m2web.pl\/index.php?rest_route=\/wp\/v2\/types\/product"}],"replies":[{"embeddable":true,"href":"https:\/\/czas.m2web.pl\/index.php?rest_route=%2Fwp%2Fv2%2Fcomments&post=8903"}],"version-history":[{"count":0,"href":"https:\/\/czas.m2web.pl\/index.php?rest_route=\/wp\/v2\/product\/8903\/revisions"}],"wp:featuredmedia":[{"embeddable":true,"href":"https:\/\/czas.m2web.pl\/index.php?rest_route=\/wp\/v2\/media\/8947"}],"wp:attachment":[{"href":"https:\/\/czas.m2web.pl\/index.php?rest_route=%2Fwp%2Fv2%2Fmedia&parent=8903"}],"wp:term":[{"taxonomy":"product_brand","embeddable":true,"href":"https:\/\/czas.m2web.pl\/index.php?rest_route=%2Fwp%2Fv2%2Fproduct_brand&post=8903"},{"taxonomy":"product_cat","embeddable":true,"href":"https:\/\/czas.m2web.pl\/index.php?rest_route=%2Fwp%2Fv2%2Fproduct_cat&post=8903"},{"taxonomy":"product_tag","embeddable":true,"href":"https:\/\/czas.m2web.pl\/index.php?rest_route=%2Fwp%2Fv2%2Fproduct_tag&post=8903"}],"curies":[{"name":"wp","href":"https:\/\/api.w.org\/{rel}","templated":true}]}}