{"id":8905,"date":"2026-01-04T23:28:12","date_gmt":"2026-01-04T22:28:12","guid":{"rendered":"https:\/\/czas.m2web.pl\/?post_type=product&#038;p=8905"},"modified":"2026-01-04T23:28:35","modified_gmt":"2026-01-04T22:28:35","slug":"hot-focus-767sw-pikowana-torebeczka-z-ozdobami-rozowa","status":"publish","type":"product","link":"https:\/\/czas.m2web.pl\/?product=hot-focus-767sw-pikowana-torebeczka-z-ozdobami-rozowa","title":{"rendered":"HOT FOCUS 767SW Pikowana torebeczka z ozdobami r\u00f3\u017cowa"},"content":{"rendered":"<section class=\"section\">\n<div class=\"item item-6\">\n<section class=\"image-item\">\n            <img decoding=\"async\" src=\"https:\/\/upload.cdn.baselinker.com\/products\/3029707\/2aa343902e77ea4afef7e1c99eeb8718.jpg\" \/><br \/>\n        <\/section>\n<\/p><\/div>\n<div class=\"item item-6\">\n<section class=\"text-item\">\n<h1>Pikowana Torebeczka z ozdobami<\/h1>\n<p>Hot Focus\u00a0175767SW<\/p>\n<p>Torebeczka pomie\u015bci niezb\u0119dne akcesoria ma\u0142ej mi\u0142o\u015bniczki mody i trend\u00f3w. Wykonana w ca\u0142o\u015bci z mi\u0119kkiego silikonowego materia\u0142u (EVA) w najmodniejszym pikowanym wzorze i ozdobiona akcesoriami. Do\u0142\u0105czony pasuj\u0105cy mi\u0119kki breloczek dla dodatkowego dekoracyjnego efektu. Klapka torebki zawiera 3 ozdoby typu \u2018charms\u2019, kt\u00f3re mo\u017cna dowolnie wymienia\u0107. Zapinana na magnetyczny guziczek. Dzi\u0119ki r\u0105czce oraz regulowanemu paskowi torebk\u0119 mo\u017cna nosi\u0107 na 2 sposoby.\u00a0<\/p>\n<p>Kolor: r\u00f3\u017cowy\u00a0<\/p>\n<p>Wiek: 5+<\/p>\n<p>Wymiary z r\u0105czk\u0105: 13 x 16,5 x 8cm.<\/p>\n<p>Wymiary bez r\u0105czki: 13 x 9 x 8cm.<\/p>\n<\/section><\/div>\n<\/section>\n","protected":false},"excerpt":{"rendered":"<section class=\"section\">\n<div class=\"item item-12\">\n<section class=\"image-item\">\n            <img decoding=\"async\" src=\"https:\/\/upload.cdn.baselinker.com\/products\/3029707\/2aa343902e77ea4afef7e1c99eeb8718.jpg\" \/><br \/>\n        <\/section>\n<\/p><\/div>\n<\/section>\n","protected":false},"featured_media":8965,"comment_status":"open","ping_status":"closed","template":"","meta":[],"product_brand":[],"product_cat":[284],"product_tag":[],"class_list":{"0":"post-8905","1":"product","2":"type-product","3":"status-publish","4":"has-post-thumbnail","6":"product_cat-dla-dziewczynki","8":"first","9":"instock","10":"shipping-taxable","11":"purchasable","12":"product-type-simple"},"_links":{"self":[{"href":"https:\/\/czas.m2web.pl\/index.php?rest_route=\/wp\/v2\/product\/8905","targetHints":{"allow":["GET"]}}],"collection":[{"href":"https:\/\/czas.m2web.pl\/index.php?rest_route=\/wp\/v2\/product"}],"about":[{"href":"https:\/\/czas.m2web.pl\/index.php?rest_route=\/wp\/v2\/types\/product"}],"replies":[{"embeddable":true,"href":"https:\/\/czas.m2web.pl\/index.php?rest_route=%2Fwp%2Fv2%2Fcomments&post=8905"}],"version-history":[{"count":0,"href":"https:\/\/czas.m2web.pl\/index.php?rest_route=\/wp\/v2\/product\/8905\/revisions"}],"wp:featuredmedia":[{"embeddable":true,"href":"https:\/\/czas.m2web.pl\/index.php?rest_route=\/wp\/v2\/media\/8965"}],"wp:attachment":[{"href":"https:\/\/czas.m2web.pl\/index.php?rest_route=%2Fwp%2Fv2%2Fmedia&parent=8905"}],"wp:term":[{"taxonomy":"product_brand","embeddable":true,"href":"https:\/\/czas.m2web.pl\/index.php?rest_route=%2Fwp%2Fv2%2Fproduct_brand&post=8905"},{"taxonomy":"product_cat","embeddable":true,"href":"https:\/\/czas.m2web.pl\/index.php?rest_route=%2Fwp%2Fv2%2Fproduct_cat&post=8905"},{"taxonomy":"product_tag","embeddable":true,"href":"https:\/\/czas.m2web.pl\/index.php?rest_route=%2Fwp%2Fv2%2Fproduct_tag&post=8905"}],"curies":[{"name":"wp","href":"https:\/\/api.w.org\/{rel}","templated":true}]}}