{"id":8909,"date":"2026-01-04T23:28:12","date_gmt":"2026-01-04T22:28:12","guid":{"rendered":"https:\/\/czas.m2web.pl\/?post_type=product&#038;p=8909"},"modified":"2026-01-04T23:28:37","modified_gmt":"2026-01-04T22:28:37","slug":"hot-focus-266sw-zestaw-przyborow-do-pisania-w-saszetce-slodycze","status":"publish","type":"product","link":"https:\/\/czas.m2web.pl\/?product=hot-focus-266sw-zestaw-przyborow-do-pisania-w-saszetce-slodycze","title":{"rendered":"HOT FOCUS 266SW Zestaw przybor\u00f3w do pisania w saszetce &#8211; S\u0142odycze"},"content":{"rendered":"<section class=\"section\">\n<div class=\"item item-6\">\n<section class=\"image-item\">\n            <img decoding=\"async\" src=\"https:\/\/upload.cdn.baselinker.com\/products\/3029707\/ecce04608f91b19dd13b4e321b3edad8.jpg\" \/><br \/>\n        <\/section>\n<\/p><\/div>\n<div class=\"item item-6\">\n<section class=\"text-item\">\n<h1>Zestaw przybor\u00f3w do pisania w saszetce &#8211; S\u0142odycze<\/h1>\n<p>Hot Focus 175266SW<\/p>\n<p>Zestaw zawiera:<\/p>\n<ul>\n<li>ko\u0142ozeszyt sketchbook<\/li>\n<li>3 d\u0142ugopisy \u017celowe z ozdobnymi nak\u0142adkami<\/li>\n<li>arkusz naklejek<\/li>\n<li>2 klamerki z ozdobnymi nak\u0142adkami<\/li>\n<li>piecz\u0105tki w rollerze w 5 kolorach i wzorach<\/li>\n<\/ul>\n<p>Zestaw zapakowany w ozdobn\u0105 saszetk\u0119 zamykan\u0105 na zamek z uchwytem do wygodnego przenoszenia.<\/p>\n<p>Wiek: 5+<\/p>\n<ul>\n<li>Wymiary saszetki: 23,5 x 16 x 4,5 cm.<\/li>\n<\/ul>\n<\/section><\/div>\n<\/section>\n<section class=\"section\">\n<div class=\"item item-12\">\n<section class=\"image-item\">\n            <img decoding=\"async\" src=\"https:\/\/upload.cdn.baselinker.com\/products\/3029707\/ecce04608f91b19dd13b4e321b3edad8.jpg\" \/><br \/>\n        <\/section>\n<\/p><\/div>\n<\/section>\n","protected":false},"excerpt":{"rendered":"<p>Zestaw przybor\u00f3w do pisania w saszetce &#8211; S\u0142odycze Hot Focus 175266SW Zestaw zawiera: ko\u0142ozeszyt sketchbook 3 d\u0142ugopisy \u017celowe z ozdobnymi<\/p>\n","protected":false},"featured_media":8969,"comment_status":"open","ping_status":"closed","template":"","meta":[],"product_brand":[],"product_cat":[284],"product_tag":[],"class_list":{"0":"post-8909","1":"product","2":"type-product","3":"status-publish","4":"has-post-thumbnail","6":"product_cat-dla-dziewczynki","8":"first","9":"instock","10":"shipping-taxable","11":"purchasable","12":"product-type-simple"},"_links":{"self":[{"href":"https:\/\/czas.m2web.pl\/index.php?rest_route=\/wp\/v2\/product\/8909","targetHints":{"allow":["GET"]}}],"collection":[{"href":"https:\/\/czas.m2web.pl\/index.php?rest_route=\/wp\/v2\/product"}],"about":[{"href":"https:\/\/czas.m2web.pl\/index.php?rest_route=\/wp\/v2\/types\/product"}],"replies":[{"embeddable":true,"href":"https:\/\/czas.m2web.pl\/index.php?rest_route=%2Fwp%2Fv2%2Fcomments&post=8909"}],"version-history":[{"count":0,"href":"https:\/\/czas.m2web.pl\/index.php?rest_route=\/wp\/v2\/product\/8909\/revisions"}],"wp:featuredmedia":[{"embeddable":true,"href":"https:\/\/czas.m2web.pl\/index.php?rest_route=\/wp\/v2\/media\/8969"}],"wp:attachment":[{"href":"https:\/\/czas.m2web.pl\/index.php?rest_route=%2Fwp%2Fv2%2Fmedia&parent=8909"}],"wp:term":[{"taxonomy":"product_brand","embeddable":true,"href":"https:\/\/czas.m2web.pl\/index.php?rest_route=%2Fwp%2Fv2%2Fproduct_brand&post=8909"},{"taxonomy":"product_cat","embeddable":true,"href":"https:\/\/czas.m2web.pl\/index.php?rest_route=%2Fwp%2Fv2%2Fproduct_cat&post=8909"},{"taxonomy":"product_tag","embeddable":true,"href":"https:\/\/czas.m2web.pl\/index.php?rest_route=%2Fwp%2Fv2%2Fproduct_tag&post=8909"}],"curies":[{"name":"wp","href":"https:\/\/api.w.org\/{rel}","templated":true}]}}