{"id":8910,"date":"2026-01-04T23:28:12","date_gmt":"2026-01-04T22:28:12","guid":{"rendered":"https:\/\/czas.m2web.pl\/?post_type=product&#038;p=8910"},"modified":"2026-01-04T23:28:38","modified_gmt":"2026-01-04T22:28:38","slug":"hot-focus-403scb-kubek-750ml-z-uchem-i-slomka-mis","status":"publish","type":"product","link":"https:\/\/czas.m2web.pl\/?product=hot-focus-403scb-kubek-750ml-z-uchem-i-slomka-mis","title":{"rendered":"HOT FOCUS 403SCB Kubek 750ml  z uchem i s\u0142omk\u0105 &#8211; MI\u015a"},"content":{"rendered":"<section class=\"section\">\n<div class=\"item item-6\">\n<section class=\"image-item\">\n            <img decoding=\"async\" src=\"https:\/\/upload.cdn.baselinker.com\/products\/3029707\/5de157167488fda9fb35160bb4e38558.jpg\" \/><br \/>\n        <\/section>\n<\/p><\/div>\n<div class=\"item item-6\">\n<section class=\"text-item\">\n<h1>Kubek 750 ml\u00a0 &#8211; Mi\u015b<\/h1>\n<p>HOT FOCUS 175403SCB<\/p>\n<p>Kubek z uchem o pojemno\u015bci 750ml wykonany z grubego plastiku z uchem.<\/p>\n<p>Zakr\u0119cany wypuk\u0142\u0105 nakr\u0119tk\u0105 z ozdobami dzi\u0119ki czemu nap\u00f3j si\u0119 z niego nie wyleje. Pod kopu\u0142\u0105 nakr\u0119tki znajduj\u0105 si\u0119 kolorowe koraliki dla dodatkowego dekoracyjnego efektu.<\/p>\n<p>Do kubka do\u0142\u0105czona jest wielorazowa s\u0142omka oraz arkusz naklejek \u015bwiec\u0105cych w ciemno\u015bci, kt\u00f3rymi mo\u017cna dodatkowo ozdobi\u0107 i wyr\u00f3\u017cni\u0107 sw\u00f3j kubek!<\/p>\n<p>S\u0142omk\u0119 mo\u017cna zamkn\u0105\u0107 silikonow\u0105 zatyczk\u0105 dla wi\u0119kszej higieny.<\/p>\n<p>Wiek: 5+<\/p>\n<p>Produkt nie zawiera BPA.<\/p>\n<p>Przeznaczony do kontaktu z \u017cywno\u015bci\u0105.<\/p>\n<\/section><\/div>\n<\/section>\n<section class=\"section\">\n<div class=\"item item-12\">\n<section class=\"image-item\">\n            <img decoding=\"async\" src=\"https:\/\/upload.cdn.baselinker.com\/products\/3029707\/5de157167488fda9fb35160bb4e38558.jpg\" \/><br \/>\n        <\/section>\n<\/p><\/div>\n<\/section>\n","protected":false},"excerpt":{"rendered":"<p>Kubek 750 ml\u00a0 &#8211; Mi\u015b HOT FOCUS 175403SCB Kubek z uchem o pojemno\u015bci 750ml wykonany z grubego plastiku z uchem.<\/p>\n","protected":false},"featured_media":8970,"comment_status":"open","ping_status":"closed","template":"","meta":[],"product_brand":[],"product_cat":[284],"product_tag":[],"class_list":{"0":"post-8910","1":"product","2":"type-product","3":"status-publish","4":"has-post-thumbnail","6":"product_cat-dla-dziewczynki","8":"first","9":"instock","10":"shipping-taxable","11":"purchasable","12":"product-type-simple"},"_links":{"self":[{"href":"https:\/\/czas.m2web.pl\/index.php?rest_route=\/wp\/v2\/product\/8910","targetHints":{"allow":["GET"]}}],"collection":[{"href":"https:\/\/czas.m2web.pl\/index.php?rest_route=\/wp\/v2\/product"}],"about":[{"href":"https:\/\/czas.m2web.pl\/index.php?rest_route=\/wp\/v2\/types\/product"}],"replies":[{"embeddable":true,"href":"https:\/\/czas.m2web.pl\/index.php?rest_route=%2Fwp%2Fv2%2Fcomments&post=8910"}],"version-history":[{"count":0,"href":"https:\/\/czas.m2web.pl\/index.php?rest_route=\/wp\/v2\/product\/8910\/revisions"}],"wp:featuredmedia":[{"embeddable":true,"href":"https:\/\/czas.m2web.pl\/index.php?rest_route=\/wp\/v2\/media\/8970"}],"wp:attachment":[{"href":"https:\/\/czas.m2web.pl\/index.php?rest_route=%2Fwp%2Fv2%2Fmedia&parent=8910"}],"wp:term":[{"taxonomy":"product_brand","embeddable":true,"href":"https:\/\/czas.m2web.pl\/index.php?rest_route=%2Fwp%2Fv2%2Fproduct_brand&post=8910"},{"taxonomy":"product_cat","embeddable":true,"href":"https:\/\/czas.m2web.pl\/index.php?rest_route=%2Fwp%2Fv2%2Fproduct_cat&post=8910"},{"taxonomy":"product_tag","embeddable":true,"href":"https:\/\/czas.m2web.pl\/index.php?rest_route=%2Fwp%2Fv2%2Fproduct_tag&post=8910"}],"curies":[{"name":"wp","href":"https:\/\/api.w.org\/{rel}","templated":true}]}}