{"id":8911,"date":"2026-01-04T23:28:12","date_gmt":"2026-01-04T22:28:12","guid":{"rendered":"https:\/\/czas.m2web.pl\/?post_type=product&#038;p=8911"},"modified":"2026-01-04T23:28:39","modified_gmt":"2026-01-04T22:28:39","slug":"hot-focus-397rb-kubek-350ml-ze-slomka-paczki","status":"publish","type":"product","link":"https:\/\/czas.m2web.pl\/?product=hot-focus-397rb-kubek-350ml-ze-slomka-paczki","title":{"rendered":"HOT FOCUS 397RB Kubek 350ml  ze s\u0142omk\u0105 &#8211; P\u0105czki"},"content":{"rendered":"<section class=\"section\">\n<div class=\"item item-6\">\n<section class=\"image-item\">\n            <img decoding=\"async\" src=\"https:\/\/upload.cdn.baselinker.com\/products\/3029707\/93f796db6193a3a7cbfd167fee87dd3c.jpg\" \/><br \/>\n        <\/section>\n<\/p><\/div>\n<div class=\"item item-6\">\n<section class=\"text-item\">\n<h1>Kubek 350ml\u00a0 &#8211; P\u0105czki<\/h1>\n<p>HOT FOCUS 175397RB<\/p>\n<p>Kubek o pojemno\u015bci 350ml wykonany z grubego plastiku, z podw\u00f3jn\u0105 \u015bciank\u0105 dla dodatkowej ochrony.<\/p>\n<p>Zakr\u0119cany wypuk\u0142\u0105 nakr\u0119tk\u0105 z ozdobami dzi\u0119ki czemu nap\u00f3j si\u0119 z niego nie wyleje.<\/p>\n<p>Pod \u015bciank\u0105 umieszczono kolorowe koraliki dla dodatkowego dekoracyjnego efektu.<\/p>\n<p>Do kubka do\u0142\u0105czona jest wielorazowa s\u0142omka oraz arkusz naklejek \u015bwiec\u0105cych w ciemno\u015bci.<\/p>\n<p>Kolor: mi\u0119towy\/wielokolorowy<\/p>\n<p>Wiek: 5+<\/p>\n<p>Produkt nie zawiera BPA.<\/p>\n<p>Przeznaczony do kontaktu z \u017cywno\u015bci\u0105.<\/p>\n<\/section><\/div>\n<\/section>\n<section class=\"section\">\n<div class=\"item item-12\">\n<section class=\"image-item\">\n            <img decoding=\"async\" src=\"https:\/\/upload.cdn.baselinker.com\/products\/3029707\/d554b1c15fa732611ba48178b4726119.jpg\" \/><br \/>\n        <\/section>\n<\/p><\/div>\n<\/section>\n","protected":false},"excerpt":{"rendered":"<p>Kubek 350ml\u00a0 &#8211; P\u0105czki HOT FOCUS 175397RB Kubek o pojemno\u015bci 350ml wykonany z grubego plastiku, z podw\u00f3jn\u0105 \u015bciank\u0105 dla dodatkowej<\/p>\n","protected":false},"featured_media":8971,"comment_status":"open","ping_status":"closed","template":"","meta":[],"product_brand":[],"product_cat":[284],"product_tag":[],"class_list":{"0":"post-8911","1":"product","2":"type-product","3":"status-publish","4":"has-post-thumbnail","6":"product_cat-dla-dziewczynki","8":"first","9":"instock","10":"shipping-taxable","11":"purchasable","12":"product-type-simple"},"_links":{"self":[{"href":"https:\/\/czas.m2web.pl\/index.php?rest_route=\/wp\/v2\/product\/8911","targetHints":{"allow":["GET"]}}],"collection":[{"href":"https:\/\/czas.m2web.pl\/index.php?rest_route=\/wp\/v2\/product"}],"about":[{"href":"https:\/\/czas.m2web.pl\/index.php?rest_route=\/wp\/v2\/types\/product"}],"replies":[{"embeddable":true,"href":"https:\/\/czas.m2web.pl\/index.php?rest_route=%2Fwp%2Fv2%2Fcomments&post=8911"}],"version-history":[{"count":0,"href":"https:\/\/czas.m2web.pl\/index.php?rest_route=\/wp\/v2\/product\/8911\/revisions"}],"wp:featuredmedia":[{"embeddable":true,"href":"https:\/\/czas.m2web.pl\/index.php?rest_route=\/wp\/v2\/media\/8971"}],"wp:attachment":[{"href":"https:\/\/czas.m2web.pl\/index.php?rest_route=%2Fwp%2Fv2%2Fmedia&parent=8911"}],"wp:term":[{"taxonomy":"product_brand","embeddable":true,"href":"https:\/\/czas.m2web.pl\/index.php?rest_route=%2Fwp%2Fv2%2Fproduct_brand&post=8911"},{"taxonomy":"product_cat","embeddable":true,"href":"https:\/\/czas.m2web.pl\/index.php?rest_route=%2Fwp%2Fv2%2Fproduct_cat&post=8911"},{"taxonomy":"product_tag","embeddable":true,"href":"https:\/\/czas.m2web.pl\/index.php?rest_route=%2Fwp%2Fv2%2Fproduct_tag&post=8911"}],"curies":[{"name":"wp","href":"https:\/\/api.w.org\/{rel}","templated":true}]}}