{"id":8916,"date":"2026-01-04T23:28:12","date_gmt":"2026-01-04T22:28:12","guid":{"rendered":"https:\/\/czas.m2web.pl\/?post_type=product&#038;p=8916"},"modified":"2026-01-04T23:28:46","modified_gmt":"2026-01-04T22:28:46","slug":"hot-focus-253sb-pamietnik-na-spirali-z-gniotkiem-truskawka","status":"publish","type":"product","link":"https:\/\/czas.m2web.pl\/?product=hot-focus-253sb-pamietnik-na-spirali-z-gniotkiem-truskawka","title":{"rendered":"HOT FOCUS 253SB Pami\u0119tnik na spirali z gniotkiem &#8211; Truskawka"},"content":{"rendered":"<section class=\"section\">\n<div class=\"item item-6\">\n<section class=\"image-item\">\n            <img decoding=\"async\" src=\"https:\/\/upload.cdn.baselinker.com\/products\/3029707\/f07b7e95ca31cdc7ec497047bbe010e2.jpg\" \/><br \/>\n        <\/section>\n<\/p><\/div>\n<div class=\"item item-6\">\n<section class=\"text-item\">\n<h1>Pami\u0119tnik na spirali + akcesria +gniotek &#8211; Truskawka<\/h1>\n<p>Hot Focus 175253CR<\/p>\n<p>Jes idealny dla os\u00f3b, kt\u00f3re lubi\u0105 zabawne i oryginalne artyku\u0142y pi\u015bmiennicze. Zestaw z motywem truskawki zawiera mi\u0119kki notes i tematyczne przybory szkolne. Idealny na pocz\u0105tek roku szkolnego lub na prezent.<\/p>\n<p>Cechy zestawu:<\/p>\n<ul>\n<li>Notatnik z mi\u0119kk\u0105 ok\u0142adk\u0105: Notatnik ma mi\u0119kk\u0105 ok\u0142adk\u0119 w kszta\u0142cie truskawki, kt\u00f3ra jest nie tylko przyjemna w dotyku, ale tak\u017ce redukuje stres.<\/li>\n<li>Spersonalizowane artyku\u0142y szkolne: Zawiera d\u0142ugopisy, zakre\u015blacze i naklejki dekoracyjne, wszystkie z motywem truskawki, pasuj\u0105ce do notatnika.<\/li>\n<li>Antystresowy gniotek w kszta\u0142cie Truskawki.<\/li>\n<\/ul>\n<p>Zestaw zawiera:<\/p>\n<ul>\n<li>gruby ko\u0142ozeszyt w linie z ozdobnym gniotkiem na ok\u0142adce<\/li>\n<li>4 spinacze z kolorowymi pomponami<\/li>\n<li>d\u0142ugopis do prze\u0142\u0105czania 10 kolor\u00f3w z ozdobn\u0105 nak\u0142adk\u0105 \u015bwiec\u0105c\u0105 w ciemno\u015bci<\/li>\n<li>gniotek antystresowy<\/li>\n<li>3 zakre\u015balcze<\/li>\n<li>arkusz naklejek<\/li>\n<\/ul>\n<p>Zestaw zapakowany w ozdobne opakowanie prezentowe.<\/p>\n<ul>\n<li>Wymiary pami\u0119tnika 17 x 12,5 cm<\/li>\n<li>Wymiary opakowania: 30 x 32 x 4,5 cm.<\/li>\n<li>Wiek: 5+.<\/li>\n<\/ul>\n<\/section><\/div>\n<\/section>\n<section class=\"section\">\n<div class=\"item item-6\">\n<section class=\"image-item\">\n            <img decoding=\"async\" src=\"https:\/\/upload.cdn.baselinker.com\/products\/3029707\/8499d471d6fa13e93447e3fd5f73197f.webp\" \/><br \/>\n        <\/section>\n<\/p><\/div>\n<div class=\"item item-6\">\n<section class=\"image-item\">\n            <img decoding=\"async\" src=\"https:\/\/upload.cdn.baselinker.com\/products\/3029707\/6180bfb90e9b25eaad0f6e89ea57dffc.webp\" \/><br \/>\n        <\/section>\n<\/p><\/div>\n<\/section>\n","protected":false},"excerpt":{"rendered":"<p>Pami\u0119tnik na spirali + akcesria +gniotek &#8211; Truskawka Hot Focus 175253CR Jes idealny dla os\u00f3b, kt\u00f3re lubi\u0105 zabawne i oryginalne<\/p>\n","protected":false},"featured_media":8985,"comment_status":"open","ping_status":"closed","template":"","meta":[],"product_brand":[],"product_cat":[284],"product_tag":[],"class_list":{"0":"post-8916","1":"product","2":"type-product","3":"status-publish","4":"has-post-thumbnail","6":"product_cat-dla-dziewczynki","8":"first","9":"instock","10":"shipping-taxable","11":"purchasable","12":"product-type-simple"},"_links":{"self":[{"href":"https:\/\/czas.m2web.pl\/index.php?rest_route=\/wp\/v2\/product\/8916","targetHints":{"allow":["GET"]}}],"collection":[{"href":"https:\/\/czas.m2web.pl\/index.php?rest_route=\/wp\/v2\/product"}],"about":[{"href":"https:\/\/czas.m2web.pl\/index.php?rest_route=\/wp\/v2\/types\/product"}],"replies":[{"embeddable":true,"href":"https:\/\/czas.m2web.pl\/index.php?rest_route=%2Fwp%2Fv2%2Fcomments&post=8916"}],"version-history":[{"count":0,"href":"https:\/\/czas.m2web.pl\/index.php?rest_route=\/wp\/v2\/product\/8916\/revisions"}],"wp:featuredmedia":[{"embeddable":true,"href":"https:\/\/czas.m2web.pl\/index.php?rest_route=\/wp\/v2\/media\/8985"}],"wp:attachment":[{"href":"https:\/\/czas.m2web.pl\/index.php?rest_route=%2Fwp%2Fv2%2Fmedia&parent=8916"}],"wp:term":[{"taxonomy":"product_brand","embeddable":true,"href":"https:\/\/czas.m2web.pl\/index.php?rest_route=%2Fwp%2Fv2%2Fproduct_brand&post=8916"},{"taxonomy":"product_cat","embeddable":true,"href":"https:\/\/czas.m2web.pl\/index.php?rest_route=%2Fwp%2Fv2%2Fproduct_cat&post=8916"},{"taxonomy":"product_tag","embeddable":true,"href":"https:\/\/czas.m2web.pl\/index.php?rest_route=%2Fwp%2Fv2%2Fproduct_tag&post=8916"}],"curies":[{"name":"wp","href":"https:\/\/api.w.org\/{rel}","templated":true}]}}