{"id":8918,"date":"2026-01-04T23:28:12","date_gmt":"2026-01-04T22:28:12","guid":{"rendered":"https:\/\/czas.m2web.pl\/?post_type=product&#038;p=8918"},"modified":"2026-01-04T23:28:47","modified_gmt":"2026-01-04T22:28:47","slug":"hot-focus-240cr-notatnik-na-spirali-z-charmsami-zwierzatka","status":"publish","type":"product","link":"https:\/\/czas.m2web.pl\/?product=hot-focus-240cr-notatnik-na-spirali-z-charmsami-zwierzatka","title":{"rendered":"HOT FOCUS 240CR Notatnik na spirali z charmsami &#8211; Zwierz\u0105tka"},"content":{"rendered":"<section class=\"section\">\n<div class=\"item item-6\">\n<section class=\"image-item\">\n            <img decoding=\"async\" src=\"https:\/\/upload.cdn.baselinker.com\/products\/3029707\/179d134a4fe7a56ed61d566002682554.jpg\" \/><br \/>\n        <\/section>\n<\/p><\/div>\n<div class=\"item item-6\">\n<section class=\"text-item\">\n<h1>Notatnik na spirali z charmsami &#8211; Zwierz\u0105tka<\/h1>\n<p>Hot Focus 175240CR<\/p>\n<p>Przedstawiamy notatnik\u00a0Trendy Writing Fun &amp; Charms, najlepszy spos\u00f3b, aby robienie notatek sta\u0142o si\u0119 zabawnym i modnym do\u015bwiadczeniem! Ten stylowy notatnik ma spiraln\u0105 opraw\u0119, kt\u00f3ra u\u0142atwia u\u017cytkowanie i jest idealny do zapisywania pomys\u0142\u00f3w, notatek i rysunk\u00f3w. Dodaj osobisty akcent dzi\u0119ki do\u0142\u0105czonym zawieszkom, dzi\u0119ki czemu ka\u017cda strona b\u0119dzie wyj\u0105tkowa.<\/p>\n<p>Zestaw zawiera:<\/p>\n<ul>\n<li>gruby ko\u0142ozeszyt w linie z silikonow\u0105 ok\u0142adk\u0105 do ozdabiania charmsami<\/li>\n<li>d\u0142ugopis \u017celowy z ozdobn\u0105 nak\u0142adk\u0105<\/li>\n<li>6 charms\u00f3w do dowolnego ozdabiania ok\u0142adki zeszytu<\/li>\n<\/ul>\n<p>Zestaw zapakowany w ozdobn\u0105 saszetk\u0119 zamykan\u0105 na zamek z uchwytem do wygodnego przenoszenia.<\/p>\n<ul>\n<li>Wymiary notesu 21 x 15 cm<\/li>\n<li>Wymiary opakowania: 25 x 18,5 x 2 cm.<\/li>\n<li>Wiek: 5+.<\/li>\n<\/ul>\n<\/section><\/div>\n<\/section>\n","protected":false},"excerpt":{"rendered":"<section class=\"section\">\n<div class=\"item item-12\">\n<section class=\"image-item\">\n            <img decoding=\"async\" src=\"https:\/\/upload.cdn.baselinker.com\/products\/3029707\/179d134a4fe7a56ed61d566002682554.jpg\" \/><br \/>\n        <\/section>\n<\/p><\/div>\n<\/section>\n","protected":false},"featured_media":8989,"comment_status":"open","ping_status":"closed","template":"","meta":[],"product_brand":[],"product_cat":[284],"product_tag":[],"class_list":{"0":"post-8918","1":"product","2":"type-product","3":"status-publish","4":"has-post-thumbnail","6":"product_cat-dla-dziewczynki","8":"first","9":"instock","10":"shipping-taxable","11":"purchasable","12":"product-type-simple"},"_links":{"self":[{"href":"https:\/\/czas.m2web.pl\/index.php?rest_route=\/wp\/v2\/product\/8918","targetHints":{"allow":["GET"]}}],"collection":[{"href":"https:\/\/czas.m2web.pl\/index.php?rest_route=\/wp\/v2\/product"}],"about":[{"href":"https:\/\/czas.m2web.pl\/index.php?rest_route=\/wp\/v2\/types\/product"}],"replies":[{"embeddable":true,"href":"https:\/\/czas.m2web.pl\/index.php?rest_route=%2Fwp%2Fv2%2Fcomments&post=8918"}],"version-history":[{"count":0,"href":"https:\/\/czas.m2web.pl\/index.php?rest_route=\/wp\/v2\/product\/8918\/revisions"}],"wp:featuredmedia":[{"embeddable":true,"href":"https:\/\/czas.m2web.pl\/index.php?rest_route=\/wp\/v2\/media\/8989"}],"wp:attachment":[{"href":"https:\/\/czas.m2web.pl\/index.php?rest_route=%2Fwp%2Fv2%2Fmedia&parent=8918"}],"wp:term":[{"taxonomy":"product_brand","embeddable":true,"href":"https:\/\/czas.m2web.pl\/index.php?rest_route=%2Fwp%2Fv2%2Fproduct_brand&post=8918"},{"taxonomy":"product_cat","embeddable":true,"href":"https:\/\/czas.m2web.pl\/index.php?rest_route=%2Fwp%2Fv2%2Fproduct_cat&post=8918"},{"taxonomy":"product_tag","embeddable":true,"href":"https:\/\/czas.m2web.pl\/index.php?rest_route=%2Fwp%2Fv2%2Fproduct_tag&post=8918"}],"curies":[{"name":"wp","href":"https:\/\/api.w.org\/{rel}","templated":true}]}}