{"id":8950,"date":"2026-01-04T23:28:34","date_gmt":"2026-01-04T22:28:34","guid":{"rendered":"https:\/\/czas.m2web.pl\/?post_type=product&#038;p=8950"},"modified":"2026-01-04T23:28:49","modified_gmt":"2026-01-04T22:28:49","slug":"hot-focus-612tb-sluchawki-portfelik-bransoletka-motylki","status":"publish","type":"product","link":"https:\/\/czas.m2web.pl\/?product=hot-focus-612tb-sluchawki-portfelik-bransoletka-motylki","title":{"rendered":"HOT FOCUS 612TB S\u0142uchawki + portfelik + bransoletka &#8211; Motylki"},"content":{"rendered":"<section class=\"section\">\n<div class=\"item item-6\">\n<section class=\"image-item\">\n            <img decoding=\"async\" src=\"https:\/\/upload.cdn.baselinker.com\/products\/3029707\/ac3e87ddd7d2c1f9502322505f6ee0e3.jpg\" \/><br \/>\n        <\/section>\n<\/p><\/div>\n<div class=\"item item-6\">\n<section class=\"text-item\">\n<h1>S\u0142uchawki + portfelik + bransoletka\u00a0 &#8211; Motylki<\/h1>\n<p>Hot Focus 175612TB<\/p>\n<p>Ten modny mini plecak-breloczek jest idealny do przechowywania monet, kluczy, balsamu do ust i innych ma\u0142ych przedmiot\u00f3w podczas podr\u00f3\u017cy. W zestawie znajduj\u0105 si\u0119 tak\u017ce s\u0142uchawki, dzi\u0119ki czemu dziewczynki mog\u0105 s\u0142ucha\u0107 swojej ulubionej muzyki oraz opaska na r\u0119k\u0119.<\/p>\n<p>Zestaw zawiera:<\/p>\n<ul>\n<li>uniwersalne s\u0142uchawki na kabel z ko\u0144c\u00f3wk\u0105 3,5mm audio jack<\/li>\n<li>mini-saszetka breloczek na drobiazgi zamykana na zamek<\/li>\n<li>bransoletka typu &#8222;slap&#8221;<\/li>\n<\/ul>\n<p>Wiek: 5+<\/p>\n<p>SPECYFIKACJA S\u0141UCHAWEK:<\/p>\n<ul>\n<li>pasmo cz\u0119stotliwo\u015bci: 20Hz ~ 20KHz,<\/li>\n<li>nat\u0119\u017cenie d\u017awi\u0119ku: 85\u00b16 dB na 1 KHz, 6 mW,<\/li>\n<li>rezystancja: 32\u03a9\u00b115%,<\/li>\n<li>d\u0142ugo\u015b\u0107 kabla: 120 cm.<\/li>\n<li>wtyczka jack: \u00d83,5mm audio jackMax.<\/li>\n<li>moc wej\u015bciowa: 10mW<\/li>\n<li>rozmiar g\u0142o\u015bnika: 10mm<\/li>\n<\/ul>\n<p>Wymiary opakowania: 22 x 30 x 4 cm.<\/p>\n<\/section><\/div>\n<\/section>\n<section class=\"section\">\n<div class=\"item item-12\">\n<section class=\"image-item\">\n            <img decoding=\"async\" src=\"https:\/\/upload.cdn.baselinker.com\/products\/3029707\/8d5e299ae37d8672e124c20316b0c9b9.jpg\" \/><br \/>\n        <\/section>\n<\/p><\/div>\n<\/section>\n<section class=\"section\">\n<div class=\"item item-12\">\n<section class=\"image-item\">\n<\/section><\/div>\n<\/section>\n","protected":false},"excerpt":{"rendered":"<section class=\"section\">\n<div class=\"item item-12\">\n<section class=\"text-item\">\n<\/section><\/div>\n<\/section>\n","protected":false},"featured_media":8993,"comment_status":"open","ping_status":"closed","template":"","meta":[],"product_brand":[],"product_cat":[284],"product_tag":[],"class_list":{"0":"post-8950","1":"product","2":"type-product","3":"status-publish","4":"has-post-thumbnail","6":"product_cat-dla-dziewczynki","8":"first","9":"instock","10":"shipping-taxable","11":"purchasable","12":"product-type-simple"},"_links":{"self":[{"href":"https:\/\/czas.m2web.pl\/index.php?rest_route=\/wp\/v2\/product\/8950","targetHints":{"allow":["GET"]}}],"collection":[{"href":"https:\/\/czas.m2web.pl\/index.php?rest_route=\/wp\/v2\/product"}],"about":[{"href":"https:\/\/czas.m2web.pl\/index.php?rest_route=\/wp\/v2\/types\/product"}],"replies":[{"embeddable":true,"href":"https:\/\/czas.m2web.pl\/index.php?rest_route=%2Fwp%2Fv2%2Fcomments&post=8950"}],"version-history":[{"count":0,"href":"https:\/\/czas.m2web.pl\/index.php?rest_route=\/wp\/v2\/product\/8950\/revisions"}],"wp:featuredmedia":[{"embeddable":true,"href":"https:\/\/czas.m2web.pl\/index.php?rest_route=\/wp\/v2\/media\/8993"}],"wp:attachment":[{"href":"https:\/\/czas.m2web.pl\/index.php?rest_route=%2Fwp%2Fv2%2Fmedia&parent=8950"}],"wp:term":[{"taxonomy":"product_brand","embeddable":true,"href":"https:\/\/czas.m2web.pl\/index.php?rest_route=%2Fwp%2Fv2%2Fproduct_brand&post=8950"},{"taxonomy":"product_cat","embeddable":true,"href":"https:\/\/czas.m2web.pl\/index.php?rest_route=%2Fwp%2Fv2%2Fproduct_cat&post=8950"},{"taxonomy":"product_tag","embeddable":true,"href":"https:\/\/czas.m2web.pl\/index.php?rest_route=%2Fwp%2Fv2%2Fproduct_tag&post=8950"}],"curies":[{"name":"wp","href":"https:\/\/api.w.org\/{rel}","templated":true}]}}