{"id":8951,"date":"2026-01-04T23:28:34","date_gmt":"2026-01-04T22:28:34","guid":{"rendered":"https:\/\/czas.m2web.pl\/?post_type=product&#038;p=8951"},"modified":"2026-01-04T23:28:50","modified_gmt":"2026-01-04T22:28:50","slug":"hot-focus-334cr-zestaw-przyborow-szkolnych-z-notesikiem-zwierzatka","status":"publish","type":"product","link":"https:\/\/czas.m2web.pl\/?product=hot-focus-334cr-zestaw-przyborow-szkolnych-z-notesikiem-zwierzatka","title":{"rendered":"HOT FOCUS 334CR Zestaw przybor\u00f3w szkolnych z notesikiem &#8211; Zwierz\u0105tka"},"content":{"rendered":"<section class=\"section\">\n<div class=\"item item-6\">\n<section class=\"image-item\">\n            <img decoding=\"async\" src=\"https:\/\/upload.cdn.baselinker.com\/products\/3029707\/cec1a3f1220892cedc6443338b354bec.jpg\" \/><br \/>\n        <\/section>\n<\/p><\/div>\n<div class=\"item item-6\">\n<section class=\"text-item\">\n<h1>Zestaw przybor\u00f3w szkolnych z notesikiem &#8211; Zwierz\u0105tka<\/h1>\n<p>Hot Focus 175334CR<\/p>\n<p>Z zestawem przybor\u00f3w b\u0119dziesz gotowy na wszystko, od odrabiania prac domowych po projekty kreatywne!<\/p>\n<p>Ten kompletny zestaw zawiera wszystko, czego potrzebujesz \u2013 i wszystko znajduje si\u0119 w por\u0119cznej torbie zapinanej na suwak, dzi\u0119ki czemu mo\u017cesz zabra\u0107 go ze sob\u0105 wsz\u0119dzie.<\/p>\n<p>W torbie znajdziesz notatnik, linijk\u0119, o\u0142\u00f3wek, d\u0142ugopis \u017celowy i gumk\u0119, a tak\u017ce temper\u00f3wk\u0119 i zapachowy zakre\u015blacz. W zestawie znajduje si\u0119 tak\u017ce arkusz zabawnych naklejek, kt\u00f3rymi mo\u017cesz ozdobi\u0107 swoje ksi\u0105\u017cki lub notatniki.<\/p>\n<p>Wszystkie elementy zestawu ozdobione s\u0105 uroczymi motywami, kt\u00f3re umil\u0105 ka\u017cdy dzie\u0144 w szkole. Dzi\u0119ki temu zestawowi wszystkie potrzebne narz\u0119dzia b\u0119dziesz mie\u0107 w jednym miejscu, a \u0142adne wzory na pewno wywo\u0142aj\u0105 u\u015bmiech na Twojej twarzy za ka\u017cdym razem, gdy z nich skorzystasz.<\/p>\n<p>Zestaw przybor\u00f3w szkolnych:<\/p>\n<ul>\n<li>notatnik z czystymi karteczkami<\/li>\n<li>zakre\u015blacz<\/li>\n<li>d\u0142ugopis \u017celowy z ozdobn\u0105 nak\u0142adk\u0105<\/li>\n<li>o\u0142\u00f3wek<\/li>\n<li>linijka<\/li>\n<li>gumka do mazania<\/li>\n<li>temper\u00f3wka<\/li>\n<li>arkusz naklejek<\/li>\n<\/ul>\n<p>Zestaw zapakowany w ozdobn\u0105 saszetk\u0119 zamykan\u0105 na zamek z uchwytem do wygodnego przenoszenia.\u00a0<\/p>\n<p>Wiek: 5+<\/p>\n<ul>\n<li>Wymiary saszetki: 25 x 19 cm.<\/li>\n<\/ul>\n<\/section><\/div>\n<\/section>\n<section class=\"section\">\n<div class=\"item item-12\">\n<section class=\"image-item\">\n            <img decoding=\"async\" src=\"https:\/\/upload.cdn.baselinker.com\/products\/3029707\/1d98a528f9067c943696b48a12d4e795.png\" \/><br \/>\n        <\/section>\n<\/p><\/div>\n<\/section>\n","protected":false},"excerpt":{"rendered":"<p>Zestaw przybor\u00f3w szkolnych z notesikiem &#8211; Zwierz\u0105tka Hot Focus 175334CR Z zestawem przybor\u00f3w b\u0119dziesz gotowy na wszystko, od odrabiania prac<\/p>\n","protected":false},"featured_media":8995,"comment_status":"open","ping_status":"closed","template":"","meta":[],"product_brand":[],"product_cat":[284],"product_tag":[],"class_list":{"0":"post-8951","1":"product","2":"type-product","3":"status-publish","4":"has-post-thumbnail","6":"product_cat-dla-dziewczynki","8":"first","9":"instock","10":"shipping-taxable","11":"purchasable","12":"product-type-simple"},"_links":{"self":[{"href":"https:\/\/czas.m2web.pl\/index.php?rest_route=\/wp\/v2\/product\/8951","targetHints":{"allow":["GET"]}}],"collection":[{"href":"https:\/\/czas.m2web.pl\/index.php?rest_route=\/wp\/v2\/product"}],"about":[{"href":"https:\/\/czas.m2web.pl\/index.php?rest_route=\/wp\/v2\/types\/product"}],"replies":[{"embeddable":true,"href":"https:\/\/czas.m2web.pl\/index.php?rest_route=%2Fwp%2Fv2%2Fcomments&post=8951"}],"version-history":[{"count":0,"href":"https:\/\/czas.m2web.pl\/index.php?rest_route=\/wp\/v2\/product\/8951\/revisions"}],"wp:featuredmedia":[{"embeddable":true,"href":"https:\/\/czas.m2web.pl\/index.php?rest_route=\/wp\/v2\/media\/8995"}],"wp:attachment":[{"href":"https:\/\/czas.m2web.pl\/index.php?rest_route=%2Fwp%2Fv2%2Fmedia&parent=8951"}],"wp:term":[{"taxonomy":"product_brand","embeddable":true,"href":"https:\/\/czas.m2web.pl\/index.php?rest_route=%2Fwp%2Fv2%2Fproduct_brand&post=8951"},{"taxonomy":"product_cat","embeddable":true,"href":"https:\/\/czas.m2web.pl\/index.php?rest_route=%2Fwp%2Fv2%2Fproduct_cat&post=8951"},{"taxonomy":"product_tag","embeddable":true,"href":"https:\/\/czas.m2web.pl\/index.php?rest_route=%2Fwp%2Fv2%2Fproduct_tag&post=8951"}],"curies":[{"name":"wp","href":"https:\/\/api.w.org\/{rel}","templated":true}]}}