{"id":8953,"date":"2026-01-04T23:28:34","date_gmt":"2026-01-04T22:28:34","guid":{"rendered":"https:\/\/czas.m2web.pl\/?post_type=product&#038;p=8953"},"modified":"2026-01-04T23:28:52","modified_gmt":"2026-01-04T22:28:52","slug":"hot-focus-338go-zestaw-wymazywalnych-dlugopisow-zelowych-buzki","status":"publish","type":"product","link":"https:\/\/czas.m2web.pl\/?product=hot-focus-338go-zestaw-wymazywalnych-dlugopisow-zelowych-buzki","title":{"rendered":"HOT FOCUS 338GO Zestaw wymazywalnych d\u0142ugopis\u00f3w \u017celowych &#8211; Bu\u017aki"},"content":{"rendered":"<section class=\"section\">\n<div class=\"item item-6\">\n<section class=\"image-item\">\n            <img decoding=\"async\" src=\"https:\/\/upload.cdn.baselinker.com\/products\/3029707\/6e9203493c3553712881755e40a8d339.jpg\" \/><br \/>\n        <\/section>\n<\/p><\/div>\n<div class=\"item item-6\">\n<section class=\"text-item\">\n<h1>Zestaw wymazywalnych d\u0142ugopis\u00f3w \u017celowych &#8211; Bu\u017aki<\/h1>\n<p>Hot Focus 338GO<\/p>\n<p>Zestaw zawiera:<\/p>\n<ul>\n<li>3 wymazywalne niebieskie d\u0142ugopisy \u017celowe<\/li>\n<li>2 zakre\u015blacze w kszta\u0142cie lod\u00f3w<\/li>\n<li>arkusz naklejek<\/li>\n<\/ul>\n<p>Zestaw zapakowany w przezroczyst\u0105 saszetk\u0119 zapinan\u0105 na zamek.<\/p>\n<p>Wiek: 5+.<\/p>\n<p>Wymiary opakowania: 16 x 25 x 2 cm.<\/p>\n<\/section><\/div>\n<\/section>\n<section class=\"section\">\n<div class=\"item item-12\">\n<section class=\"image-item\">\n            <img decoding=\"async\" src=\"https:\/\/upload.cdn.baselinker.com\/products\/3029707\/6e9203493c3553712881755e40a8d339.jpg\" \/><br \/>\n        <\/section>\n<\/p><\/div>\n<\/section>\n","protected":false},"excerpt":{"rendered":"<p>Zestaw wymazywalnych d\u0142ugopis\u00f3w \u017celowych &#8211; Bu\u017aki Hot Focus 338GO Zestaw zawiera: 3 wymazywalne niebieskie d\u0142ugopisy \u017celowe 2 zakre\u015blacze w kszta\u0142cie<\/p>\n","protected":false},"featured_media":8998,"comment_status":"open","ping_status":"closed","template":"","meta":[],"product_brand":[],"product_cat":[284],"product_tag":[],"class_list":{"0":"post-8953","1":"product","2":"type-product","3":"status-publish","4":"has-post-thumbnail","6":"product_cat-dla-dziewczynki","8":"first","9":"instock","10":"shipping-taxable","11":"purchasable","12":"product-type-simple"},"_links":{"self":[{"href":"https:\/\/czas.m2web.pl\/index.php?rest_route=\/wp\/v2\/product\/8953","targetHints":{"allow":["GET"]}}],"collection":[{"href":"https:\/\/czas.m2web.pl\/index.php?rest_route=\/wp\/v2\/product"}],"about":[{"href":"https:\/\/czas.m2web.pl\/index.php?rest_route=\/wp\/v2\/types\/product"}],"replies":[{"embeddable":true,"href":"https:\/\/czas.m2web.pl\/index.php?rest_route=%2Fwp%2Fv2%2Fcomments&post=8953"}],"version-history":[{"count":0,"href":"https:\/\/czas.m2web.pl\/index.php?rest_route=\/wp\/v2\/product\/8953\/revisions"}],"wp:featuredmedia":[{"embeddable":true,"href":"https:\/\/czas.m2web.pl\/index.php?rest_route=\/wp\/v2\/media\/8998"}],"wp:attachment":[{"href":"https:\/\/czas.m2web.pl\/index.php?rest_route=%2Fwp%2Fv2%2Fmedia&parent=8953"}],"wp:term":[{"taxonomy":"product_brand","embeddable":true,"href":"https:\/\/czas.m2web.pl\/index.php?rest_route=%2Fwp%2Fv2%2Fproduct_brand&post=8953"},{"taxonomy":"product_cat","embeddable":true,"href":"https:\/\/czas.m2web.pl\/index.php?rest_route=%2Fwp%2Fv2%2Fproduct_cat&post=8953"},{"taxonomy":"product_tag","embeddable":true,"href":"https:\/\/czas.m2web.pl\/index.php?rest_route=%2Fwp%2Fv2%2Fproduct_tag&post=8953"}],"curies":[{"name":"wp","href":"https:\/\/api.w.org\/{rel}","templated":true}]}}