{"id":8963,"date":"2026-01-04T23:28:34","date_gmt":"2026-01-04T22:28:34","guid":{"rendered":"https:\/\/czas.m2web.pl\/?post_type=product&#038;p=8963"},"modified":"2026-01-04T23:29:07","modified_gmt":"2026-01-04T22:29:07","slug":"hot-focus-259wf-notatnik-na-spirali-w-saszetce-konie","status":"publish","type":"product","link":"https:\/\/czas.m2web.pl\/?product=hot-focus-259wf-notatnik-na-spirali-w-saszetce-konie","title":{"rendered":"HOT FOCUS 259WF Notatnik na spirali w saszetce &#8211; Konie"},"content":{"rendered":"<section class=\"section\">\n<div class=\"item item-6\">\n<section class=\"image-item\">\n            <img decoding=\"async\" src=\"https:\/\/upload.cdn.baselinker.com\/products\/3029707\/3804c484d9d2e1151b87b30be7c45576.jpg\" \/><br \/>\n        <\/section>\n<\/p><\/div>\n<div class=\"item item-6\">\n<section class=\"text-item\">\n<h1>Notatnik na spirali w saszetce &#8211; Konie<\/h1>\n<p>Hot Focus 175259WF<\/p>\n<p>Ka\u017cda ma\u0142a dziewczynka lubi sekrety &#8211; uroczy notesik marki Hot Focus doskonale przechowa najwa\u017cniejsze dzieci\u0119ce tajemnice.\u00a0Motywem przewodnim zestawu s\u0105 jednoro\u017cce i inne zwierz\u0105tka. Zestaw posiada elementy \u015bwiec\u0105ce w ciemno\u015bci oraz gumk\u0119 do w\u0142os\u00f3w.\u00a0Idealny na prezent.<\/p>\n<p>Zestaw zawiera:<\/p>\n<ul>\n<li>gruby ko\u0142ozeszyt w linie<\/li>\n<li>gumka do w\u0142os\u00f3w spiralka<\/li>\n<li>d\u0142ugopis z ozdobn\u0105 nak\u0142adk\u0105<\/li>\n<\/ul>\n<p>Akcesoria mo\u017cna schowa\u0107 s\u0105 w dodatkowej saszetce zamykanej na zamek doczepionej do spirali dzi\u0119ki czemu nigdy si\u0119 nie zgubi\u0105.<\/p>\n<p>Wymiary notesu 21 x 15,5 cm<\/p>\n<p>Wymiary opakowania: 29 x 22 x 4 cm.<\/p>\n<p>Wiek: 5+.<\/p>\n<\/section><\/div>\n<\/section>\n","protected":false},"excerpt":{"rendered":"<section class=\"section\">\n<div class=\"item item-6\">\n<section class=\"image-item\">\n            <img decoding=\"async\" src=\"https:\/\/upload.cdn.baselinker.com\/products\/3029707\/1f1d19853a0247bff507a7206f0c5002.webp\" \/><br \/>\n        <\/section>\n<\/p><\/div>\n<div class=\"item item-6\">\n<section class=\"image-item\">\n            <img decoding=\"async\" src=\"https:\/\/upload.cdn.baselinker.com\/products\/3029707\/1d4dd179528b82815733edce9cce9e18.webp\" \/><br \/>\n        <\/section>\n<\/p><\/div>\n<\/section>\n","protected":false},"featured_media":9046,"comment_status":"open","ping_status":"closed","template":"","meta":[],"product_brand":[],"product_cat":[122],"product_tag":[],"class_list":{"0":"post-8963","1":"product","2":"type-product","3":"status-publish","4":"has-post-thumbnail","6":"product_cat-artykuly-szkolne","8":"first","9":"instock","10":"shipping-taxable","11":"purchasable","12":"product-type-simple"},"_links":{"self":[{"href":"https:\/\/czas.m2web.pl\/index.php?rest_route=\/wp\/v2\/product\/8963","targetHints":{"allow":["GET"]}}],"collection":[{"href":"https:\/\/czas.m2web.pl\/index.php?rest_route=\/wp\/v2\/product"}],"about":[{"href":"https:\/\/czas.m2web.pl\/index.php?rest_route=\/wp\/v2\/types\/product"}],"replies":[{"embeddable":true,"href":"https:\/\/czas.m2web.pl\/index.php?rest_route=%2Fwp%2Fv2%2Fcomments&post=8963"}],"version-history":[{"count":0,"href":"https:\/\/czas.m2web.pl\/index.php?rest_route=\/wp\/v2\/product\/8963\/revisions"}],"wp:featuredmedia":[{"embeddable":true,"href":"https:\/\/czas.m2web.pl\/index.php?rest_route=\/wp\/v2\/media\/9046"}],"wp:attachment":[{"href":"https:\/\/czas.m2web.pl\/index.php?rest_route=%2Fwp%2Fv2%2Fmedia&parent=8963"}],"wp:term":[{"taxonomy":"product_brand","embeddable":true,"href":"https:\/\/czas.m2web.pl\/index.php?rest_route=%2Fwp%2Fv2%2Fproduct_brand&post=8963"},{"taxonomy":"product_cat","embeddable":true,"href":"https:\/\/czas.m2web.pl\/index.php?rest_route=%2Fwp%2Fv2%2Fproduct_cat&post=8963"},{"taxonomy":"product_tag","embeddable":true,"href":"https:\/\/czas.m2web.pl\/index.php?rest_route=%2Fwp%2Fv2%2Fproduct_tag&post=8963"}],"curies":[{"name":"wp","href":"https:\/\/api.w.org\/{rel}","templated":true}]}}